{"id":120,"date":"2022-11-22T11:08:01","date_gmt":"2022-11-22T14:08:01","guid":{"rendered":"https:\/\/sites.uel.br\/ari\/?page_id=120"},"modified":"2024-11-26T17:11:57","modified_gmt":"2024-11-26T20:11:57","slug":"mobilidade-academica","status":"publish","type":"page","link":"https:\/\/sites.uel.br\/ari\/mobilidade-academica\/","title":{"rendered":"Mobilidade Acad\u00eamica"},"content":{"rendered":"\n<hr class=\"wp-block-separator has-alpha-channel-opacity is-style-wide\" \/>\n\n\n\n<p class=\"has-medium-font-size\">Mobilidade Acad\u00eamica \u00e9 o deslocamento de estudantes para o desenvolvimento de atividades relativas ao curso de gradua\u00e7\u00e3o em outras Institui\u00e7\u00f5es Nacionais ou Estrangeiras e o recebimento de alunos estrangeiros na UEL. Na UEL os procedimentos referentes aos estudantes de gradua\u00e7\u00e3o participantes de Programas de Mobilidade Acad\u00eamica s\u00e3o regulamentados na <a rel=\"noreferrer noopener\" href=\"https:\/\/drive.google.com\/file\/d\/1SxQg6bCHYzjaBvkSu7emv4of3Xka-iw9\/view?usp=sharing\" target=\"_blank\">Resolu\u00e7\u00e3o CEPE 47\/2017.<\/a><\/p>\n\n\n\n<details class=\"wp-block-details is-layout-flow wp-block-details-is-layout-flow\"><summary><strong><a href=\"https:\/\/drive.google.com\/file\/d\/1R0so_QpepbMG5qN81ICdgRJLPHrIElQf\/view\">Instru\u00e7\u00e3o de Servi\u00e7o PROPPG\/ARI n\u00ba 001\/2023<\/a>&nbsp;&#8211; Mobilidade Acad\u00eamica Internacional na P\u00f3s-Gradua\u00e7\u00e3o<\/strong><\/summary>\n<p><\/p>\n<\/details>\n","protected":false},"excerpt":{"rendered":"<p>Mobilidade Acad\u00eamica \u00e9 o deslocamento de estudantes para o desenvolvimento de atividades relativas ao curso de gradua\u00e7\u00e3o em outras Institui\u00e7\u00f5es Nacionais ou Estrangeiras e o recebimento de alunos estrangeiros na UEL. Na UEL os procedimentos referentes aos estudantes de gradua\u00e7\u00e3o participantes de Programas de Mobilidade Acad\u00eamica s\u00e3o regulamentados na Resolu\u00e7\u00e3o CEPE 47\/2017.<\/p>\n","protected":false},"author":6,"featured_media":0,"parent":0,"menu_order":0,"comment_status":"closed","ping_status":"closed","template":"","meta":{"_acf_changed":false,"_themeisle_gutenberg_block_has_review":false,"footnotes":""},"class_list":["post-120","page","type-page","status-publish","hentry"],"acf":[],"_links":{"self":[{"href":"https:\/\/sites.uel.br\/ari\/wp-json\/wp\/v2\/pages\/120","targetHints":{"allow":["GET"]}}],"collection":[{"href":"https:\/\/sites.uel.br\/ari\/wp-json\/wp\/v2\/pages"}],"about":[{"href":"https:\/\/sites.uel.br\/ari\/wp-json\/wp\/v2\/types\/page"}],"author":[{"embeddable":true,"href":"https:\/\/sites.uel.br\/ari\/wp-json\/wp\/v2\/users\/6"}],"replies":[{"embeddable":true,"href":"https:\/\/sites.uel.br\/ari\/wp-json\/wp\/v2\/comments?post=120"}],"version-history":[{"count":18,"href":"https:\/\/sites.uel.br\/ari\/wp-json\/wp\/v2\/pages\/120\/revisions"}],"predecessor-version":[{"id":1005,"href":"https:\/\/sites.uel.br\/ari\/wp-json\/wp\/v2\/pages\/120\/revisions\/1005"}],"wp:attachment":[{"href":"https:\/\/sites.uel.br\/ari\/wp-json\/wp\/v2\/media?parent=120"}],"curies":[{"name":"wp","href":"https:\/\/api.w.org\/{rel}","templated":true}]}}