{"id":1199,"date":"2024-12-04T14:03:36","date_gmt":"2024-12-04T17:03:36","guid":{"rendered":"https:\/\/sites.uel.br\/ari\/?page_id=1199"},"modified":"2024-12-04T15:14:03","modified_gmt":"2024-12-04T18:14:03","slug":"elap","status":"publish","type":"page","link":"https:\/\/sites.uel.br\/ari\/elap\/","title":{"rendered":"ELAP"},"content":{"rendered":"\n<p><\/p>\n\n\n\n<p>Emerging Leaders in the Americas Program: Direcionado a estudantes de gradua\u00e7\u00e3o e p\u00f3s-gradua\u00e7\u00e3o, o ELAP \u00e9 um programa do governo canadense que concede bolsas para programas de mobilidade internacional no pa\u00eds a estudantes das Am\u00e9ricas.<br><\/p>\n\n\n\n<p>Para alunos de gradua\u00e7\u00e3o que pretendam realizar mobilidade acad\u00eamica, \u00e9 necess\u00e1rio que exista pelo menos um acordo de coopera\u00e7\u00e3o v\u00e1lido entre a universidade de destino e a UEL.<br><\/p>\n\n\n\n<p>No caso de alunos de p\u00f3s-gradua\u00e7\u00e3o e alunos de gradua\u00e7\u00e3o que desejam realizar pesquisas no \u00e2mbito da Inicia\u00e7\u00e3o Cient\u00edfica e da p\u00f3s-gradua\u00e7\u00e3o, o acordo de coopera\u00e7\u00e3o \u00e9 desej\u00e1vel, mas n\u00e3o obrigat\u00f3rio.<\/p>\n\n\n\n<p><\/p>\n\n\n\n<p><strong>Para mais informa\u00e7\u00f5es, acesse:<\/strong> <a href=\"https:\/\/www.educanada.ca\/scholarships-bourses\/can\/institutions\/elap-pfla.aspx?lang=eng\">https:\/\/www.educanada.ca\/scholarships-bourses\/can\/institutions\/elap-pfla.aspx?lang=eng<\/a><\/p>\n","protected":false},"excerpt":{"rendered":"<p>Emerging Leaders in the Americas Program: Direcionado a estudantes de gradua\u00e7\u00e3o e p\u00f3s-gradua\u00e7\u00e3o, o ELAP \u00e9 um programa do governo canadense que concede bolsas para programas de mobilidade internacional no pa\u00eds a estudantes das Am\u00e9ricas. Para alunos de gradua\u00e7\u00e3o que pretendam realizar mobilidade acad\u00eamica, \u00e9 necess\u00e1rio que exista pelo menos um acordo de coopera\u00e7\u00e3o v\u00e1lido [&hellip;]<\/p>\n","protected":false},"author":15,"featured_media":0,"parent":0,"menu_order":0,"comment_status":"closed","ping_status":"closed","template":"","meta":{"_acf_changed":false,"_themeisle_gutenberg_block_has_review":false,"footnotes":""},"class_list":["post-1199","page","type-page","status-publish","hentry"],"acf":[],"_links":{"self":[{"href":"https:\/\/sites.uel.br\/ari\/wp-json\/wp\/v2\/pages\/1199","targetHints":{"allow":["GET"]}}],"collection":[{"href":"https:\/\/sites.uel.br\/ari\/wp-json\/wp\/v2\/pages"}],"about":[{"href":"https:\/\/sites.uel.br\/ari\/wp-json\/wp\/v2\/types\/page"}],"author":[{"embeddable":true,"href":"https:\/\/sites.uel.br\/ari\/wp-json\/wp\/v2\/users\/15"}],"replies":[{"embeddable":true,"href":"https:\/\/sites.uel.br\/ari\/wp-json\/wp\/v2\/comments?post=1199"}],"version-history":[{"count":6,"href":"https:\/\/sites.uel.br\/ari\/wp-json\/wp\/v2\/pages\/1199\/revisions"}],"predecessor-version":[{"id":1235,"href":"https:\/\/sites.uel.br\/ari\/wp-json\/wp\/v2\/pages\/1199\/revisions\/1235"}],"wp:attachment":[{"href":"https:\/\/sites.uel.br\/ari\/wp-json\/wp\/v2\/media?parent=1199"}],"curies":[{"name":"wp","href":"https:\/\/api.w.org\/{rel}","templated":true}]}}