{"id":1168,"date":"2024-12-03T15:50:06","date_gmt":"2024-12-03T18:50:06","guid":{"rendered":"https:\/\/sites.uel.br\/ari\/?page_id=1168"},"modified":"2024-12-12T19:53:27","modified_gmt":"2024-12-12T22:53:27","slug":"apresentacao-3","status":"publish","type":"page","link":"https:\/\/sites.uel.br\/ari\/apresentacao-3\/","title":{"rendered":"Apresenta\u00e7\u00e3o"},"content":{"rendered":"\n<hr class=\"wp-block-separator has-alpha-channel-opacity is-style-wide\" \/>\n\n\n\n<p><\/p>\n\n\n\n<p>A Assessoria de Rela\u00e7\u00f5es Internacionais (ou ARI) est\u00e1 vinculada \u00e0 Reitoria e desempenha um papel fundamental no estabelecimento de parcerias com institui\u00e7\u00f5es estrangeiras, a fim de alcan\u00e7ar acordos que facilitem a coopera\u00e7\u00e3o acad\u00eamica internacional. Para este efeito, procura apoiar iniciativas de interc\u00e2mbio da comunidade universit\u00e1ria, de acolhimento de visitantes estrangeiros, de acompanhamento de estudantes e professores nas suas propostas de coopera\u00e7\u00e3o internacional e de identifica\u00e7\u00e3o de oportunidades para refor\u00e7ar a internacionaliza\u00e7\u00e3o da universidade. A ARI tamb\u00e9m abriga a Divis\u00e3o de Estudos Afro-Brasileiros (NEAB) e a Divis\u00e3o de Estudos da Cultura Japonesa (NECJ). <\/p>\n\n\n\n<p><\/p>\n\n\n\n<p><\/p>\n\n\n\n<h1 id=\"wp-block-themeisle-blocks-advanced-heading-16355450\" class=\"wp-block-themeisle-blocks-advanced-heading wp-block-themeisle-blocks-advanced-heading-16355450\">Miss\u00e3o<\/h1>\n\n\n\n<hr class=\"wp-block-separator has-alpha-channel-opacity is-style-wide\" \/>\n\n\n\n<p>A UEL tem hoje a internacionaliza\u00e7\u00e3o como um de seus principais pilares para o desenvolvimento de uma universidade mais aberta e plural.<\/p>\n\n\n\n<p>Por meio da internacionaliza\u00e7\u00e3o e da amplia\u00e7\u00e3o de horizontes que ela propicia, viabiliza-se n\u00e3o s\u00f3 a integra\u00e7\u00e3o de seu corpo acad\u00eamico e administrativo \u00e0 comunidade cient\u00edfica global, mas tamb\u00e9m a presen\u00e7a da diversidade e pluralidade no campus.<\/p>\n\n\n\n<div class=\"wp-block-columns is-layout-flex wp-container-core-columns-is-layout-9d6595d7 wp-block-columns-is-layout-flex\">\n<div class=\"wp-block-column is-layout-flow wp-block-column-is-layout-flow\"><div class=\"wp-block-image\">\n<figure class=\"aligncenter size-full\"><img loading=\"lazy\" decoding=\"async\" width=\"304\" height=\"289\" src=\"https:\/\/sites.uel.br\/ari\/wp-content\/uploads\/2024\/12\/1.png\" alt=\"\" class=\"wp-image-1186\" srcset=\"https:\/\/sites.uel.br\/ari\/wp-content\/uploads\/2024\/12\/1.png 304w, https:\/\/sites.uel.br\/ari\/wp-content\/uploads\/2024\/12\/1-300x285.png 300w\" sizes=\"auto, (max-width: 304px) 100vw, 304px\" \/><\/figure>\n<\/div><\/div>\n\n\n\n<div class=\"wp-block-column is-layout-flow wp-block-column-is-layout-flow\"><div class=\"wp-block-image\">\n<figure class=\"aligncenter size-full\"><img loading=\"lazy\" decoding=\"async\" width=\"304\" height=\"289\" src=\"https:\/\/sites.uel.br\/ari\/wp-content\/uploads\/2024\/12\/2.png\" alt=\"\" class=\"wp-image-1187\" srcset=\"https:\/\/sites.uel.br\/ari\/wp-content\/uploads\/2024\/12\/2.png 304w, https:\/\/sites.uel.br\/ari\/wp-content\/uploads\/2024\/12\/2-300x285.png 300w\" sizes=\"auto, (max-width: 304px) 100vw, 304px\" \/><\/figure>\n<\/div><\/div>\n<\/div>\n","protected":false},"excerpt":{"rendered":"<p>A Assessoria de Rela\u00e7\u00f5es Internacionais (ou ARI) est\u00e1 vinculada \u00e0 Reitoria e desempenha um papel fundamental no estabelecimento de parcerias com institui\u00e7\u00f5es estrangeiras, a fim de alcan\u00e7ar acordos que facilitem a coopera\u00e7\u00e3o acad\u00eamica internacional. Para este efeito, procura apoiar iniciativas de interc\u00e2mbio da comunidade universit\u00e1ria, de acolhimento de visitantes estrangeiros, de acompanhamento de estudantes e [&hellip;]<\/p>\n","protected":false},"author":15,"featured_media":0,"parent":0,"menu_order":0,"comment_status":"closed","ping_status":"closed","template":"","meta":{"_acf_changed":false,"_themeisle_gutenberg_block_has_review":false,"footnotes":""},"class_list":["post-1168","page","type-page","status-publish","hentry"],"acf":[],"_links":{"self":[{"href":"https:\/\/sites.uel.br\/ari\/wp-json\/wp\/v2\/pages\/1168","targetHints":{"allow":["GET"]}}],"collection":[{"href":"https:\/\/sites.uel.br\/ari\/wp-json\/wp\/v2\/pages"}],"about":[{"href":"https:\/\/sites.uel.br\/ari\/wp-json\/wp\/v2\/types\/page"}],"author":[{"embeddable":true,"href":"https:\/\/sites.uel.br\/ari\/wp-json\/wp\/v2\/users\/15"}],"replies":[{"embeddable":true,"href":"https:\/\/sites.uel.br\/ari\/wp-json\/wp\/v2\/comments?post=1168"}],"version-history":[{"count":25,"href":"https:\/\/sites.uel.br\/ari\/wp-json\/wp\/v2\/pages\/1168\/revisions"}],"predecessor-version":[{"id":1358,"href":"https:\/\/sites.uel.br\/ari\/wp-json\/wp\/v2\/pages\/1168\/revisions\/1358"}],"wp:attachment":[{"href":"https:\/\/sites.uel.br\/ari\/wp-json\/wp\/v2\/media?parent=1168"}],"curies":[{"name":"wp","href":"https:\/\/api.w.org\/{rel}","templated":true}]}}