{"id":26,"date":"2025-01-30T16:42:38","date_gmt":"2025-01-30T19:42:38","guid":{"rendered":"https:\/\/sites.uel.br\/aplicacao\/?page_id=26"},"modified":"2025-02-03T14:43:31","modified_gmt":"2025-02-03T17:43:31","slug":"contato","status":"publish","type":"page","link":"https:\/\/sites.uel.br\/aplicacao\/contato\/","title":{"rendered":"Contato"},"content":{"rendered":"\n<p><\/p>\n\n\n\n<p><strong>Col\u00e9gio de Aplica\u00e7\u00e3o da UEL<\/strong><\/p>\n\n\n\n<p><strong>Col\u00e9gio Estadual Professor Jos\u00e9 Alo\u00edsio Arag\u00e3o \u2013 SEED<\/strong><\/p>\n\n\n\n<p><strong>Rua Piau\u00ed, n\u00ba. 720 \u2013 Centro<\/strong><\/p>\n\n\n\n<p>Ensino Fundamental &#8211; Tarde&nbsp;&#8211; 6\u00ba. ao 9\u00ba Ano<\/p>\n\n\n\n<p>Ensino M\u00e9dio \u2013 Manh\u00e3 e Noite<\/p>\n\n\n\n<p>T\u00e9cnico em Enfermagem &#8211; Noite <\/p>\n\n\n\n<p><small>Email: ldajosearagao@<a href=\"mailto:ldajosearagao@seed.pr.gov.br\">seed.pr.gov.br<\/a>\u00a0<\/small><\/p>\n\n\n\n<p><small>N\u00fameros telef\u00f4nicos:Guarita: 3371-1859;Secretaria: 3371-1857; 3371-1858 e 3371-1864;<\/small><\/p>\n\n\n\n<p><small>Cursos t\u00e9cnicos: 3371-1851 (noite) ;<\/small><\/p>\n\n\n\n<p><small>Equipe Pedag\u00f3gica: 3371-1852; 3371-1862, 3371-1861 e 3371-1863;<\/small><\/p>\n\n\n\n<p><small>Biblioteca: 3371-1860;<br>Dire\u00e7\u00e3o: 3371-1868\u00a0<\/small><\/p>\n\n\n\n<p><small><strong>Campus Universit\u00e1rio &#8211; UEL<\/strong> <\/small><\/p>\n\n\n\n<p><small>Ensino Fundamental &#8211; 1\u00ba ao 5\u00ba Ano\u00a0<\/small><\/p>\n\n\n\n<p><small>Telefone n\u00ba. 3371-4389 \u2013 3371-4399\u00a0Email:\u00a0<a href=\"mailto:equipecampus@gmail.com\">equipecampus@gmail.com<\/a><\/small><\/p>\n\n\n\n<p><\/p>\n","protected":false},"excerpt":{"rendered":"<p>Col\u00e9gio de Aplica\u00e7\u00e3o da UEL Col\u00e9gio Estadual Professor Jos\u00e9 Alo\u00edsio Arag\u00e3o \u2013 SEED Rua Piau\u00ed, n\u00ba. 720 \u2013 Centro Ensino Fundamental &#8211; Tarde&nbsp;&#8211; 6\u00ba. ao 9\u00ba Ano Ensino M\u00e9dio \u2013 Manh\u00e3 e Noite T\u00e9cnico em Enfermagem &#8211; Noite Email: ldajosearagao@seed.pr.gov.br\u00a0 N\u00fameros telef\u00f4nicos:Guarita: 3371-1859;Secretaria: 3371-1857; 3371-1858 e 3371-1864; Cursos t\u00e9cnicos: 3371-1851 (noite) ; Equipe Pedag\u00f3gica: 3371-1852; [&hellip;]<\/p>\n","protected":false},"author":1,"featured_media":0,"parent":0,"menu_order":0,"comment_status":"closed","ping_status":"closed","template":"","meta":{"_acf_changed":false,"footnotes":""},"class_list":["post-26","page","type-page","status-publish","hentry"],"acf":[],"_links":{"self":[{"href":"https:\/\/sites.uel.br\/aplicacao\/wp-json\/wp\/v2\/pages\/26","targetHints":{"allow":["GET"]}}],"collection":[{"href":"https:\/\/sites.uel.br\/aplicacao\/wp-json\/wp\/v2\/pages"}],"about":[{"href":"https:\/\/sites.uel.br\/aplicacao\/wp-json\/wp\/v2\/types\/page"}],"author":[{"embeddable":true,"href":"https:\/\/sites.uel.br\/aplicacao\/wp-json\/wp\/v2\/users\/1"}],"replies":[{"embeddable":true,"href":"https:\/\/sites.uel.br\/aplicacao\/wp-json\/wp\/v2\/comments?post=26"}],"version-history":[{"count":5,"href":"https:\/\/sites.uel.br\/aplicacao\/wp-json\/wp\/v2\/pages\/26\/revisions"}],"predecessor-version":[{"id":81,"href":"https:\/\/sites.uel.br\/aplicacao\/wp-json\/wp\/v2\/pages\/26\/revisions\/81"}],"wp:attachment":[{"href":"https:\/\/sites.uel.br\/aplicacao\/wp-json\/wp\/v2\/media?parent=26"}],"curies":[{"name":"wp","href":"https:\/\/api.w.org\/{rel}","templated":true}]}}