{"id":990,"date":"2022-10-10T14:42:58","date_gmt":"2022-10-10T17:42:58","guid":{"rendered":"https:\/\/sites.uel.br\/aintec\/?page_id=990"},"modified":"2023-06-26T14:10:44","modified_gmt":"2023-06-26T17:10:44","slug":"capacitacoes","status":"publish","type":"page","link":"https:\/\/sites.uel.br\/aintec\/capacitacoes\/","title":{"rendered":""},"content":{"rendered":"\n<p class=\"has-verde-escuro-color has-text-color\"><strong>1. Manuais<\/strong><\/p>\n\n\n\n<p>A AINTEC desenvolve e disponibiliza manuais ligados \u00e0s \u00e1reas de atua\u00e7\u00e3o da Ag\u00eancia.<\/p>\n\n\n\n<div class=\"wp-block-file aligncenter\"><a id=\"wp-block-file--media-d45935ac-b904-404f-8a97-45e203adbeea\" href=\"https:\/\/sites.uel.br\/aintec\/wp-content\/uploads\/2023\/06\/Manual-de-Assinatura-Digital-4.pdf\">Manual de Assinatura Digital<\/a><a href=\"https:\/\/sites.uel.br\/aintec\/wp-content\/uploads\/2023\/06\/Manual-de-Assinatura-Digital-4.pdf\" class=\"wp-block-file__button wp-element-button\" download aria-describedby=\"wp-block-file--media-d45935ac-b904-404f-8a97-45e203adbeea\">Baixar<\/a><\/div>\n\n\n\n<p class=\"has-verde-escuro-color has-text-color\"><strong>2. Materiais<\/strong><\/p>\n\n\n\n<p>A AINTEC disponibiliza materiais diversos ligados \u00e0s \u00e1reas de atua\u00e7\u00e3o da Ag\u00eancia, como forma de divulga\u00e7\u00e3o de suas atividades e o oferecimento de materiais formativos nas \u00e1reas de propriedade intelectual, transfer\u00eancia de tecnologias e empreendedorismo.<\/p>\n\n\n\n<div class=\"wp-block-file aligncenter\"><a id=\"wp-block-file--media-4bae216d-10df-4a9b-bcf4-88f5e181fce0\" href=\"https:\/\/sites.uel.br\/aintec\/wp-content\/uploads\/2023\/05\/2023-05-19-AINTEC-Estacao-43-CC.pdf\">Apresenta\u00e7\u00e3o &#8211; Conselho Consultivo Esta\u00e7\u00e3o 43 &#8211; 24\/05<\/a><a href=\"https:\/\/sites.uel.br\/aintec\/wp-content\/uploads\/2023\/05\/2023-05-19-AINTEC-Estacao-43-CC.pdf\" class=\"wp-block-file__button wp-element-button\" download aria-describedby=\"wp-block-file--media-4bae216d-10df-4a9b-bcf4-88f5e181fce0\">Baixar<\/a><\/div>\n\n\n\n<div class=\"wp-block-file aligncenter\"><a id=\"wp-block-file--media-d380b450-83f7-4f23-8e3a-5623775ea5a5\" href=\"https:\/\/sites.uel.br\/aintec\/wp-content\/uploads\/2023\/05\/2023-05-19-AINTEC-para-IntegraQM.pdf\">Visita T\u00e9cnica &#8211; IntegraQM &#8211; 19\/05<\/a><a href=\"https:\/\/sites.uel.br\/aintec\/wp-content\/uploads\/2023\/05\/2023-05-19-AINTEC-para-IntegraQM.pdf\" class=\"wp-block-file__button wp-element-button\" download aria-describedby=\"wp-block-file--media-d380b450-83f7-4f23-8e3a-5623775ea5a5\">Baixar<\/a><\/div>\n\n\n\n<div class=\"wp-block-file aligncenter\"><a id=\"wp-block-file--media-208807f4-5b1c-4b81-9597-89f972aeb6c3\" href=\"https:\/\/sites.uel.br\/aintec\/wp-content\/uploads\/2023\/02\/2023-02-28-ALIs-Sebrae-naAINTEC.pdf\" target=\"_blank\" rel=\"noreferrer noopener\">Visita T\u00e9cnica &#8211; ALIs Sebrae &#8211; 28\/02<\/a><a href=\"https:\/\/sites.uel.br\/aintec\/wp-content\/uploads\/2023\/02\/2023-02-28-ALIs-Sebrae-naAINTEC.pdf\" class=\"wp-block-file__button wp-element-button\" download aria-describedby=\"wp-block-file--media-208807f4-5b1c-4b81-9597-89f972aeb6c3\">Baixar<\/a><\/div>\n\n\n\n<div class=\"wp-block-file aligncenter\"><a id=\"wp-block-file--media-eb3e101b-3748-4c67-9ead-c9c69e32f9ed\" href=\"https:\/\/sites.uel.br\/aintec\/wp-content\/uploads\/2023\/02\/2023-02-28-INOVEMM-na-AINTEC.pdf\" target=\"_blank\" rel=\"noreferrer noopener\">Visita T\u00e9cnica &#8211; INOVEMM &#8211; 28\/02<\/a><a href=\"https:\/\/sites.uel.br\/aintec\/wp-content\/uploads\/2023\/02\/2023-02-28-INOVEMM-na-AINTEC.pdf\" class=\"wp-block-file__button wp-element-button\" download aria-describedby=\"wp-block-file--media-eb3e101b-3748-4c67-9ead-c9c69e32f9ed\">Baixar<\/a><\/div>\n\n\n\n<p class=\"has-verde-escuro-color has-text-color\"><strong>3. Capacita\u00e7\u00f5es<\/strong><\/p>\n\n\n\n<p>A AINTEC realiza capacita\u00e7\u00f5es de forma constante, visando o aperfei\u00e7oamento do conhecimento de sua equipe, bem como a difus\u00e3o da cultura de propriedade intelectual, transfer\u00eancia de tecnologia e empreendedorismo inovador para a sociedade.<\/p>\n\n\n\n<p>V\u00e1rias destas capacita\u00e7\u00f5es s\u00e3o dispon\u00edveis \u00e0 comunidade externa, estudantes da UEL e integrantes das incubadas na INTUEL. Aos interessados basta preencher <a rel=\"noreferrer noopener\" href=\"https:\/\/docs.google.com\/forms\/d\/e\/1FAIpQLScrT1CWQegPt68tcwDIh-QFRQOzPvGI9W3TkWTmdsVYk2cNWg\/viewform\" target=\"_blank\">este formul\u00e1rio<\/a> para receber a agenda de futuras capacita\u00e7\u00f5es.<\/p>\n\n\n\n<p>Todas as apresenta\u00e7\u00f5es usadas nos treinamentos s\u00e3o colocados \u00e0 disposi\u00e7\u00e3o, bem como com o contato do ministrante da capacita\u00e7\u00e3o para contatos futuros.<\/p>\n\n\n\n<p>As apresenta\u00e7\u00f5es desta p\u00e1gina possuem a licen\u00e7a Creative Coomons CC BY-NC-ND 4.0.<br>Assim, voc\u00ea deve atribuir o devido cr\u00e9dito aos autores, o seu uso n\u00e3o pode ser comercial e n\u00e3o pode haver c\u00f3pia ou deriva\u00e7\u00e3o do material.<\/p>\n\n\n\n<div class=\"wp-block-file aligncenter\"><a id=\"wp-block-file--media-cccd7e11-d4dd-455a-8bf7-40e7b5f46bf6\" href=\"https:\/\/sites.uel.br\/aintec\/wp-content\/uploads\/2022\/10\/Capacitacao-INTUEL-Fundamentos-da-Inovacao.pdf\" target=\"_blank\" rel=\"noreferrer noopener\">Capacita\u00e7\u00e3o INTUEL Fundamentos da Inova\u00e7\u00e3o<\/a><a href=\"https:\/\/sites.uel.br\/aintec\/wp-content\/uploads\/2022\/10\/Capacitacao-INTUEL-Fundamentos-da-Inovacao.pdf\" class=\"wp-block-file__button wp-element-button\" download aria-describedby=\"wp-block-file--media-cccd7e11-d4dd-455a-8bf7-40e7b5f46bf6\">Baixar<\/a><\/div>\n\n\n\n<div class=\"wp-block-file aligncenter\"><a id=\"wp-block-file--media-bef9988e-6650-47f9-8240-40147d7bef72\" href=\"https:\/\/sites.uel.br\/aintec\/wp-content\/uploads\/2022\/10\/Capacitacao-EPI-Patentes-e-Modelos-de-Utilidade.pdf\" target=\"_blank\" rel=\"noreferrer noopener\">Capacita\u00e7\u00e3o EPI Patentes e Modelos de Utilidade<\/a><a href=\"https:\/\/sites.uel.br\/aintec\/wp-content\/uploads\/2022\/10\/Capacitacao-EPI-Patentes-e-Modelos-de-Utilidade.pdf\" class=\"wp-block-file__button wp-element-button\" download aria-describedby=\"wp-block-file--media-bef9988e-6650-47f9-8240-40147d7bef72\">Baixar<\/a><\/div>\n\n\n\n<div class=\"wp-block-file aligncenter\"><a id=\"wp-block-file--media-82688ff9-b4d9-430c-aea9-4aa4b7a0baf1\" href=\"https:\/\/sites.uel.br\/aintec\/wp-content\/uploads\/2022\/10\/Capacitacao-EPI-Marcas.pdf\" target=\"_blank\" rel=\"noreferrer noopener\">Capacita\u00e7\u00e3o EPI Marcas<\/a><a href=\"https:\/\/sites.uel.br\/aintec\/wp-content\/uploads\/2022\/10\/Capacitacao-EPI-Marcas.pdf\" class=\"wp-block-file__button wp-element-button\" download aria-describedby=\"wp-block-file--media-82688ff9-b4d9-430c-aea9-4aa4b7a0baf1\">Baixar<\/a><\/div>\n\n\n\n<div class=\"wp-block-file aligncenter\"><a id=\"wp-block-file--media-4f2d15f1-2e07-4fe3-b067-15ec17a6b5fa\" href=\"https:\/\/sites.uel.br\/aintec\/wp-content\/uploads\/2022\/10\/Capacitacao-EPI-Registro-de-Software-e-Desenho-Industrial.pdf\" target=\"_blank\" rel=\"noreferrer noopener\">Capacita\u00e7\u00e3o EPI Registro de Software e Desenho Industrial<\/a><a href=\"https:\/\/sites.uel.br\/aintec\/wp-content\/uploads\/2022\/10\/Capacitacao-EPI-Registro-de-Software-e-Desenho-Industrial.pdf\" class=\"wp-block-file__button wp-element-button\" download aria-describedby=\"wp-block-file--media-4f2d15f1-2e07-4fe3-b067-15ec17a6b5fa\">Baixar<\/a><\/div>\n\n\n\n<div class=\"wp-block-file aligncenter\"><a id=\"wp-block-file--media-dab9313c-0e8b-40e5-a4d8-3791f7e5b3fd\" href=\"https:\/\/sites.uel.br\/aintec\/wp-content\/uploads\/2022\/10\/Capacitacao-INTUEL-Marketing-Atual.pdf\" target=\"_blank\" rel=\"noreferrer noopener\">Capacita\u00e7\u00e3o INTUEL Marketing Atual<\/a><a href=\"https:\/\/sites.uel.br\/aintec\/wp-content\/uploads\/2022\/10\/Capacitacao-INTUEL-Marketing-Atual.pdf\" class=\"wp-block-file__button wp-element-button\" download aria-describedby=\"wp-block-file--media-dab9313c-0e8b-40e5-a4d8-3791f7e5b3fd\">Baixar<\/a><\/div>\n\n\n\n<div class=\"wp-block-file aligncenter\"><a id=\"wp-block-file--media-8cf7a6ef-ad16-44f3-ae77-426f59a71c1e\" href=\"https:\/\/sites.uel.br\/aintec\/wp-content\/uploads\/2022\/11\/Capacitacao-09_09_2022-Spin-Off-Spin-In-e-Empresas-Filhas.pdf\" target=\"_blank\" rel=\"noreferrer noopener\">Capacita\u00e7\u00e3o INTUEL Spin-Off, Spin-In e Empresas Filhas<\/a><a href=\"https:\/\/sites.uel.br\/aintec\/wp-content\/uploads\/2022\/11\/Capacitacao-09_09_2022-Spin-Off-Spin-In-e-Empresas-Filhas.pdf\" class=\"wp-block-file__button wp-element-button\" download aria-describedby=\"wp-block-file--media-8cf7a6ef-ad16-44f3-ae77-426f59a71c1e\">Baixar<\/a><\/div>\n\n\n\n<div class=\"wp-block-file aligncenter\"><a id=\"wp-block-file--media-a0190e17-27dc-4c9e-bb10-a94655346a15\" href=\"https:\/\/sites.uel.br\/aintec\/wp-content\/uploads\/2022\/11\/CAFE\u0301-COM-CONTADOR-STARTUPS-25_11_2022.pdf\" target=\"_blank\" rel=\"noreferrer noopener\">Capacita\u00e7\u00e3o INTUEL 25\/11 Caf\u00e9 com contador (StartUps)<\/a><a href=\"https:\/\/sites.uel.br\/aintec\/wp-content\/uploads\/2022\/11\/CAFE\u0301-COM-CONTADOR-STARTUPS-25_11_2022.pdf\" class=\"wp-block-file__button wp-element-button\" download aria-describedby=\"wp-block-file--media-a0190e17-27dc-4c9e-bb10-a94655346a15\">Baixar<\/a><\/div>\n","protected":false},"excerpt":{"rendered":"<p>1. Manuais A AINTEC desenvolve e disponibiliza manuais ligados \u00e0s \u00e1reas de atua\u00e7\u00e3o da Ag\u00eancia. 2. Materiais A AINTEC disponibiliza materiais diversos ligados \u00e0s \u00e1reas de atua\u00e7\u00e3o da Ag\u00eancia, como forma de divulga\u00e7\u00e3o de suas atividades e o oferecimento de materiais formativos nas \u00e1reas de propriedade intelectual, transfer\u00eancia de tecnologias e empreendedorismo. 3. Capacita\u00e7\u00f5es A [&hellip;]<\/p>\n","protected":false},"author":10,"featured_media":0,"parent":0,"menu_order":0,"comment_status":"closed","ping_status":"closed","template":"","meta":{"footnotes":""},"class_list":["post-990","page","type-page","status-publish","hentry"],"acf":[],"_links":{"self":[{"href":"https:\/\/sites.uel.br\/aintec\/wp-json\/wp\/v2\/pages\/990","targetHints":{"allow":["GET"]}}],"collection":[{"href":"https:\/\/sites.uel.br\/aintec\/wp-json\/wp\/v2\/pages"}],"about":[{"href":"https:\/\/sites.uel.br\/aintec\/wp-json\/wp\/v2\/types\/page"}],"author":[{"embeddable":true,"href":"https:\/\/sites.uel.br\/aintec\/wp-json\/wp\/v2\/users\/10"}],"replies":[{"embeddable":true,"href":"https:\/\/sites.uel.br\/aintec\/wp-json\/wp\/v2\/comments?post=990"}],"version-history":[{"count":21,"href":"https:\/\/sites.uel.br\/aintec\/wp-json\/wp\/v2\/pages\/990\/revisions"}],"predecessor-version":[{"id":1874,"href":"https:\/\/sites.uel.br\/aintec\/wp-json\/wp\/v2\/pages\/990\/revisions\/1874"}],"wp:attachment":[{"href":"https:\/\/sites.uel.br\/aintec\/wp-json\/wp\/v2\/media?parent=990"}],"curies":[{"name":"wp","href":"https:\/\/api.w.org\/{rel}","templated":true}]}}