{"id":82,"date":"2022-07-28T14:20:59","date_gmt":"2022-07-28T17:20:59","guid":{"rendered":"https:\/\/sites.uel.br\/aintec\/?page_id=82"},"modified":"2022-08-31T17:07:07","modified_gmt":"2022-08-31T20:07:07","slug":"edn","status":"publish","type":"page","link":"https:\/\/sites.uel.br\/aintec\/edn\/","title":{"rendered":""},"content":{"rendered":"<div class=\"wp-block-image\">\n<figure class=\"aligncenter size-large is-resized\"><img loading=\"lazy\" decoding=\"async\" src=\"https:\/\/sites.uel.br\/aintec\/wp-content\/uploads\/2022\/08\/edn-colorida-completa-1024x509.png\" alt=\"\" class=\"wp-image-501\" width=\"422\" height=\"210\" srcset=\"https:\/\/sites.uel.br\/aintec\/wp-content\/uploads\/2022\/08\/edn-colorida-completa-1024x509.png 1024w, https:\/\/sites.uel.br\/aintec\/wp-content\/uploads\/2022\/08\/edn-colorida-completa-300x149.png 300w, https:\/\/sites.uel.br\/aintec\/wp-content\/uploads\/2022\/08\/edn-colorida-completa-768x382.png 768w, https:\/\/sites.uel.br\/aintec\/wp-content\/uploads\/2022\/08\/edn-colorida-completa-1536x763.png 1536w, https:\/\/sites.uel.br\/aintec\/wp-content\/uploads\/2022\/08\/edn-colorida-completa.png 1856w\" sizes=\"auto, (max-width: 422px) 100vw, 422px\" \/><\/figure>\n<\/div>\n\n<p>O EDn \u00e9 uma das unidades da Aintec, que atua em parceria com o Departamento de Design da UEL, tendo suas atividades conduzidas por uma equipe formada por professores e estudantes dos cursos de design gr\u00e1fico e design de moda. O objetivo do EDn \u00e9 oferecer, \u00e0s micro e pequenas empresas que n\u00e3o t\u00eam condi\u00e7\u00f5es de contratar servi\u00e7os de design, este tipo de servi\u00e7o com qualidade a um custo vi\u00e1vel, al\u00e9m de proporcionar aos estudantes de Design um espa\u00e7o privilegiado de aprendizado da pr\u00e1tica profissional.<\/p>\n<p>\u00a0<\/p>\n<p>Contato: edn_atendimento@uel.br\u00a0\u2013 (43) 3371-5813<\/p>","protected":false},"excerpt":{"rendered":"<p>O EDn \u00e9 uma das unidades da Aintec, que atua em parceria com o Departamento de Design da UEL, tendo suas atividades conduzidas por uma equipe formada por professores e estudantes dos cursos de design gr\u00e1fico e design de moda. O objetivo do EDn \u00e9 oferecer, \u00e0s micro e pequenas empresas que n\u00e3o t\u00eam condi\u00e7\u00f5es [&hellip;]<\/p>\n","protected":false},"author":8,"featured_media":0,"parent":0,"menu_order":0,"comment_status":"closed","ping_status":"closed","template":"","meta":{"footnotes":""},"class_list":["post-82","page","type-page","status-publish","hentry"],"acf":[],"_links":{"self":[{"href":"https:\/\/sites.uel.br\/aintec\/wp-json\/wp\/v2\/pages\/82","targetHints":{"allow":["GET"]}}],"collection":[{"href":"https:\/\/sites.uel.br\/aintec\/wp-json\/wp\/v2\/pages"}],"about":[{"href":"https:\/\/sites.uel.br\/aintec\/wp-json\/wp\/v2\/types\/page"}],"author":[{"embeddable":true,"href":"https:\/\/sites.uel.br\/aintec\/wp-json\/wp\/v2\/users\/8"}],"replies":[{"embeddable":true,"href":"https:\/\/sites.uel.br\/aintec\/wp-json\/wp\/v2\/comments?post=82"}],"version-history":[{"count":4,"href":"https:\/\/sites.uel.br\/aintec\/wp-json\/wp\/v2\/pages\/82\/revisions"}],"predecessor-version":[{"id":812,"href":"https:\/\/sites.uel.br\/aintec\/wp-json\/wp\/v2\/pages\/82\/revisions\/812"}],"wp:attachment":[{"href":"https:\/\/sites.uel.br\/aintec\/wp-json\/wp\/v2\/media?parent=82"}],"curies":[{"name":"wp","href":"https:\/\/api.w.org\/{rel}","templated":true}]}}