{"id":814,"date":"2022-08-31T17:09:49","date_gmt":"2022-08-31T20:09:49","guid":{"rendered":"https:\/\/sites.uel.br\/aintec\/?page_id=814"},"modified":"2023-06-29T14:17:01","modified_gmt":"2023-06-29T17:17:01","slug":"nas-ondas-da-inovacao","status":"publish","type":"page","link":"https:\/\/sites.uel.br\/aintec\/nas-ondas-da-inovacao\/","title":{"rendered":""},"content":{"rendered":"<div class=\"wp-block-image\">\n<figure class=\"aligncenter size-large is-resized\"><img decoding=\"async\" src=\"https:\/\/sites.uel.br\/aintec\/wp-content\/uploads\/2022\/09\/Logo-Radio-AINTEC-1-2-edited.png\" alt=\"\" class=\"wp-image-897\" width=\"522\" srcset=\"https:\/\/sites.uel.br\/aintec\/wp-content\/uploads\/2022\/09\/Logo-Radio-AINTEC-1-2-edited.png 1080w, https:\/\/sites.uel.br\/aintec\/wp-content\/uploads\/2022\/09\/Logo-Radio-AINTEC-1-2-edited-300x169.png 300w, https:\/\/sites.uel.br\/aintec\/wp-content\/uploads\/2022\/09\/Logo-Radio-AINTEC-1-2-edited-1024x576.png 1024w, https:\/\/sites.uel.br\/aintec\/wp-content\/uploads\/2022\/09\/Logo-Radio-AINTEC-1-2-edited-768x432.png 768w\" sizes=\"(max-width: 1080px) 100vw, 1080px\" \/><\/figure>\n<\/div>\n\n\n<p>A Coluna<a href=\"https:\/\/radio.uel.br\/coluna\/nas-ondas-da-inovacao\/2022\/09\/13\" target=\"_blank\" rel=\"noreferrer noopener\"> \u201cNas ondas da Inova\u00e7\u00e3o\u201d <\/a>\u00e9 uma produ\u00e7\u00e3o da AINTEC em parceria com a R\u00e1dio UEL, com a premissa de discutir os temas ligados \u00e0 tecnologia, inova\u00e7\u00e3o e muito mais.<\/p>\n\n\n\n<p>Seu principal prop\u00f3sito \u00e9 explicar os assuntos ligados \u00e0 sua atua\u00e7\u00e3o, trazendo conte\u00fados sobre incuba\u00e7\u00e3o tecnol\u00f3gica, propriedade intelectual e sua prote\u00e7\u00e3o e a transfer\u00eancia de tecnologia.<\/p>\n\n\n\n<p>Trazendo, ainda, programas focados no cen\u00e1rio de empreendedorismo e discorrendo sobre a Intuel e seu processo de incuba\u00e7\u00e3o de startups.<\/p>\n\n\n\n<p>Os programas podem ser acessados e escutados na \u00edntegra no site da <a href=\"https:\/\/radio.uel.br\/programas\/nas-ondas-da-inovacao\">R\u00e1dio UEL<\/a> ou sintonizando em 107.9 nas quartas-feiras \u00e0s 16h e nas sextas-feiras \u00e0s 7h30.<\/p>\n\n\n\n<p>A locu\u00e7\u00e3o e produ\u00e7\u00e3o \u00e9 feita por:<\/p>\n\n\n\n<p class=\"has-text-color\" style=\"color:#fbfbfb\">.<\/p>\n\n\n\n<p><\/p>\n\n\n\n<div class=\"wp-block-media-text alignwide is-stacked-on-mobile\" style=\"grid-template-columns:24% auto\"><figure class=\"wp-block-media-text__media\"><img loading=\"lazy\" decoding=\"async\" width=\"1024\" height=\"1024\" src=\"https:\/\/sites.uel.br\/aintec\/wp-content\/uploads\/2022\/09\/Marinno-Arthur-1024x1024.png\" alt=\"\" class=\"wp-image-854 size-full\" srcset=\"https:\/\/sites.uel.br\/aintec\/wp-content\/uploads\/2022\/09\/Marinno-Arthur-1024x1024.png 1024w, https:\/\/sites.uel.br\/aintec\/wp-content\/uploads\/2022\/09\/Marinno-Arthur-300x300.png 300w, https:\/\/sites.uel.br\/aintec\/wp-content\/uploads\/2022\/09\/Marinno-Arthur-150x150.png 150w, https:\/\/sites.uel.br\/aintec\/wp-content\/uploads\/2022\/09\/Marinno-Arthur-768x768.png 768w, https:\/\/sites.uel.br\/aintec\/wp-content\/uploads\/2022\/09\/Marinno-Arthur.png 1080w\" sizes=\"auto, (max-width: 1024px) 100vw, 1024px\" \/><\/figure><div class=\"wp-block-media-text__content\">\n<p><strong>Marinno Arthur<\/strong> \u00e9 Assessor T\u00e9cnico da Ag\u00eancia de Inova\u00e7\u00e3o Tecnol\u00f3gica. Advogado e graduado em Direito pela UEL.<\/p>\n<\/div><\/div>\n\n\n\n<p><\/p>\n\n\n\n<div class=\"wp-block-media-text alignwide is-stacked-on-mobile\" style=\"grid-template-columns:24% auto\"><figure class=\"wp-block-media-text__media\"><img loading=\"lazy\" decoding=\"async\" width=\"472\" height=\"472\" src=\"https:\/\/sites.uel.br\/aintec\/wp-content\/uploads\/2022\/09\/Bruna-P.-Secco-edited-1.jpg\" alt=\"\" class=\"wp-image-864 size-full\" srcset=\"https:\/\/sites.uel.br\/aintec\/wp-content\/uploads\/2022\/09\/Bruna-P.-Secco-edited-1.jpg 472w, https:\/\/sites.uel.br\/aintec\/wp-content\/uploads\/2022\/09\/Bruna-P.-Secco-edited-1-300x300.jpg 300w, https:\/\/sites.uel.br\/aintec\/wp-content\/uploads\/2022\/09\/Bruna-P.-Secco-edited-1-150x150.jpg 150w\" sizes=\"auto, (max-width: 472px) 100vw, 472px\" \/><\/figure><div class=\"wp-block-media-text__content\">\n<p><strong>Bruna Secco<\/strong> \u00e9 estudante de Rela\u00e7\u00f5es P\u00fablicas (UEL) no 3\u00b0ano e estagi\u00e1ria de Comunica\u00e7\u00e3o na Ag\u00eancia de Inova\u00e7\u00e3o Tecnol\u00f3gica.<\/p>\n\n\n\n<p><\/p>\n<\/div><\/div>\n\n\n\n<p><\/p>\n\n\n\n<p class=\"has-text-align-center\"><a href=\"https:\/\/radio.uel.br\/coluna\/nas-ondas-da-inovacao\/2022\/09\/13\" target=\"_blank\" rel=\"noreferrer noopener\">Sintonize \u201cNas Ondas da Inova\u00e7\u00e3o\u201d!<\/a><\/p>\n\n\n\n<p>&#8220;Tecnologia e Inova\u00e7\u00e3o&#8221;<\/p>\n\n\n\n<p>Tecnologia e Inova\u00e7\u00e3o foi a coluna da Ag\u00eancia entre 2014 e 2019 . Acesse os arquivos da antiga coluna da AINTEC (Tecnologia e Inova\u00e7\u00e3o) na R\u00e1dio UEL FM: <a href=\"https:\/\/radio.uel.br\/coluna\/coluna-tecnologia-e-inovacao\/2019\/11\/13\" target=\"_blank\" rel=\"noreferrer noopener\">Tecnologia e Inova\u00e7\u00e3o (2014-2019)<\/a><\/p>\n","protected":false},"excerpt":{"rendered":"<p>A Coluna \u201cNas ondas da Inova\u00e7\u00e3o\u201d \u00e9 uma produ\u00e7\u00e3o da AINTEC em parceria com a R\u00e1dio UEL, com a premissa de discutir os temas ligados \u00e0 tecnologia, inova\u00e7\u00e3o e muito mais. Seu principal prop\u00f3sito \u00e9 explicar os assuntos ligados \u00e0 sua atua\u00e7\u00e3o, trazendo conte\u00fados sobre incuba\u00e7\u00e3o tecnol\u00f3gica, propriedade intelectual e sua prote\u00e7\u00e3o e a transfer\u00eancia [&hellip;]<\/p>\n","protected":false},"author":10,"featured_media":0,"parent":0,"menu_order":0,"comment_status":"closed","ping_status":"closed","template":"","meta":{"footnotes":""},"class_list":["post-814","page","type-page","status-publish","hentry"],"acf":[],"_links":{"self":[{"href":"https:\/\/sites.uel.br\/aintec\/wp-json\/wp\/v2\/pages\/814","targetHints":{"allow":["GET"]}}],"collection":[{"href":"https:\/\/sites.uel.br\/aintec\/wp-json\/wp\/v2\/pages"}],"about":[{"href":"https:\/\/sites.uel.br\/aintec\/wp-json\/wp\/v2\/types\/page"}],"author":[{"embeddable":true,"href":"https:\/\/sites.uel.br\/aintec\/wp-json\/wp\/v2\/users\/10"}],"replies":[{"embeddable":true,"href":"https:\/\/sites.uel.br\/aintec\/wp-json\/wp\/v2\/comments?post=814"}],"version-history":[{"count":32,"href":"https:\/\/sites.uel.br\/aintec\/wp-json\/wp\/v2\/pages\/814\/revisions"}],"predecessor-version":[{"id":1900,"href":"https:\/\/sites.uel.br\/aintec\/wp-json\/wp\/v2\/pages\/814\/revisions\/1900"}],"wp:attachment":[{"href":"https:\/\/sites.uel.br\/aintec\/wp-json\/wp\/v2\/media?parent=814"}],"curies":[{"name":"wp","href":"https:\/\/api.w.org\/{rel}","templated":true}]}}