{"id":79,"date":"2022-07-28T14:20:59","date_gmt":"2022-07-28T17:20:59","guid":{"rendered":"https:\/\/sites.uel.br\/aintec\/?page_id=79"},"modified":"2024-11-14T15:37:43","modified_gmt":"2024-11-14T18:37:43","slug":"canais","status":"publish","type":"page","link":"https:\/\/sites.uel.br\/aintec\/canais\/","title":{"rendered":"Canais"},"content":{"rendered":"\n<p>A comunica\u00e7\u00e3o da AINTEC \u00e9 feita por meio de v\u00e1rios canais, entre eles:&nbsp;<\/p>\n\n\n\n<p>Instagram: <a href=\"https:\/\/www.instagram.com\/aintecuel\/\" target=\"_blank\" rel=\"noreferrer noopener\">@aintecuel&nbsp;<\/a>.<\/p>\n\n\n<div class=\"wp-block-image\">\n<figure class=\"aligncenter is-resized\"><a href=\"https:\/\/www.instagram.com\/aintecuel\/\" target=\"_blank\" rel=\"noreferrer noopener\"><img decoding=\"async\" src=\"https:\/\/lh3.googleusercontent.com\/LmwNko9Tnb-M1byc_5y4rCR9_XYpkBvtC10KvGETWLbge5t0OIqu_NKHfAyQ791Q-MXEw_qLCDfuBQkby-MI_h80A_HxmTKKA8WQFL5aug-9RyuGJZZGxjwIF5b3TFpjN7qjVx6LcctL8eVkKd72RO9iWRLEusW3SjPAkBLlg4WwhweHJfedkW-Hyw\" alt=\"\" style=\"width:883px;height:647px\"\/><\/a><\/figure>\n<\/div>\n\n\n<p>LinkedIn:<a href=\"https:\/\/www.linkedin.com\/company\/423411\/admin\/\" target=\"_blank\" rel=\"noreferrer noopener\"> AINTEC &#8211; Ag\u00eancia de Inova\u00e7\u00e3o Tecnol\u00f3gica da Universidade Estadual de Londrina<\/a>.<\/p>\n\n\n<div class=\"wp-block-image\">\n<figure class=\"aligncenter size-full is-resized\"><img loading=\"lazy\" decoding=\"async\" width=\"796\" height=\"923\" src=\"https:\/\/sites.uel.br\/aintec\/wp-content\/uploads\/2024\/11\/WhatsApp-Image-2024-11-14-at-15.33.07.jpeg\" alt=\"\" class=\"wp-image-2584\" style=\"width:720px;height:auto\" srcset=\"https:\/\/sites.uel.br\/aintec\/wp-content\/uploads\/2024\/11\/WhatsApp-Image-2024-11-14-at-15.33.07.jpeg 796w, https:\/\/sites.uel.br\/aintec\/wp-content\/uploads\/2024\/11\/WhatsApp-Image-2024-11-14-at-15.33.07-259x300.jpeg 259w, https:\/\/sites.uel.br\/aintec\/wp-content\/uploads\/2024\/11\/WhatsApp-Image-2024-11-14-at-15.33.07-768x891.jpeg 768w\" sizes=\"auto, (max-width: 796px) 100vw, 796px\" \/><\/figure>\n<\/div>\n\n\n<p>YouTube: <a href=\"https:\/\/www.youtube.com\/channel\/UCw-5W_A9oJQKWWW8GG-jKgw\" target=\"_blank\" rel=\"noreferrer noopener\">Incubadora UEL &#8211; Universidade Estadual de Londrina<\/a>.<\/p>\n\n\n<div class=\"wp-block-image\">\n<figure class=\"aligncenter\"><a href=\"https:\/\/www.youtube.com\/channel\/UCw-5W_A9oJQKWWW8GG-jKgw\" target=\"_blank\" rel=\"noreferrer noopener\"><img decoding=\"async\" src=\"https:\/\/lh3.googleusercontent.com\/4OmzYrXEBEwtJ7yIhiv3AZzDnsejoW0lS3nHUsxc7F6I1ooAQUKMAuzoVyKGsvMH1aULwkPyHRObmPQ_ZU64VsHZvzgFvDTyzA0fJShbLdSYCgjva0af7gB40-03LUAet96LkVu4vfXB06fttLQEKnm9B_GMnPQ3vWgLigfroEV5RZNYQ8q-mVc6Vg\" alt=\"\"\/><\/a><\/figure>\n<\/div>\n\n\n<p>Contato: <a href=\"mailto:ainteccom@uel.br\" target=\"_blank\" rel=\"noreferrer noopener\">ainteccom@uel.br<\/a>.<\/p>\n","protected":false},"excerpt":{"rendered":"<p>A comunica\u00e7\u00e3o da AINTEC \u00e9 feita por meio de v\u00e1rios canais, entre eles:&nbsp; Instagram: @aintecuel&nbsp;. LinkedIn: AINTEC &#8211; Ag\u00eancia de Inova\u00e7\u00e3o Tecnol\u00f3gica da Universidade Estadual de Londrina. YouTube: Incubadora UEL &#8211; Universidade Estadual de Londrina. Contato: ainteccom@uel.br.<\/p>\n","protected":false},"author":8,"featured_media":0,"parent":0,"menu_order":0,"comment_status":"closed","ping_status":"closed","template":"","meta":{"footnotes":""},"class_list":["post-79","page","type-page","status-publish","hentry"],"acf":[],"_links":{"self":[{"href":"https:\/\/sites.uel.br\/aintec\/wp-json\/wp\/v2\/pages\/79","targetHints":{"allow":["GET"]}}],"collection":[{"href":"https:\/\/sites.uel.br\/aintec\/wp-json\/wp\/v2\/pages"}],"about":[{"href":"https:\/\/sites.uel.br\/aintec\/wp-json\/wp\/v2\/types\/page"}],"author":[{"embeddable":true,"href":"https:\/\/sites.uel.br\/aintec\/wp-json\/wp\/v2\/users\/8"}],"replies":[{"embeddable":true,"href":"https:\/\/sites.uel.br\/aintec\/wp-json\/wp\/v2\/comments?post=79"}],"version-history":[{"count":6,"href":"https:\/\/sites.uel.br\/aintec\/wp-json\/wp\/v2\/pages\/79\/revisions"}],"predecessor-version":[{"id":2585,"href":"https:\/\/sites.uel.br\/aintec\/wp-json\/wp\/v2\/pages\/79\/revisions\/2585"}],"wp:attachment":[{"href":"https:\/\/sites.uel.br\/aintec\/wp-json\/wp\/v2\/media?parent=79"}],"curies":[{"name":"wp","href":"https:\/\/api.w.org\/{rel}","templated":true}]}}