{"id":630,"date":"2022-08-18T11:39:19","date_gmt":"2022-08-18T14:39:19","guid":{"rendered":"https:\/\/sites.uel.br\/aintec\/?page_id=630"},"modified":"2023-01-09T14:42:43","modified_gmt":"2023-01-09T17:42:43","slug":"politica-de-inovacao-da-uel","status":"publish","type":"page","link":"https:\/\/sites.uel.br\/aintec\/politica-de-inovacao-da-uel\/","title":{"rendered":"Pol\u00edtica de Inova\u00e7\u00e3o da UEL"},"content":{"rendered":"<div class=\"wp-block-image\">\n<figure class=\"aligncenter size-large is-resized\"><img loading=\"lazy\" decoding=\"async\" src=\"https:\/\/sites.uel.br\/aintec\/wp-content\/uploads\/2022\/08\/aintec-colorida-horizontal-completa-4-1024x466.png\" alt=\"\" class=\"wp-image-636\" width=\"551\" height=\"250\" srcset=\"https:\/\/sites.uel.br\/aintec\/wp-content\/uploads\/2022\/08\/aintec-colorida-horizontal-completa-4-1024x466.png 1024w, https:\/\/sites.uel.br\/aintec\/wp-content\/uploads\/2022\/08\/aintec-colorida-horizontal-completa-4-300x137.png 300w, https:\/\/sites.uel.br\/aintec\/wp-content\/uploads\/2022\/08\/aintec-colorida-horizontal-completa-4-768x350.png 768w, https:\/\/sites.uel.br\/aintec\/wp-content\/uploads\/2022\/08\/aintec-colorida-horizontal-completa-4-1536x700.png 1536w, https:\/\/sites.uel.br\/aintec\/wp-content\/uploads\/2022\/08\/aintec-colorida-horizontal-completa-4-2048x933.png 2048w\" sizes=\"auto, (max-width: 551px) 100vw, 551px\" \/><\/figure>\n<\/div>\n\n<p style=\"text-align: center\"><strong><a href=\"https:\/\/sites.uel.br\/aintec\/wp-content\/uploads\/2022\/08\/2021_61-Politica-de-Inovacao-UEL.pdf\">Pol\u00edtica de Inova\u00e7\u00e3o da Universidade Estadual de Londrina &#8211; Resolu\u00e7\u00e3o C.U. 61\/2021<\/a><\/strong><\/p>\n\n\n<p class=\"has-text-align-center\"><a href=\"https:\/\/sites.uel.br\/aintec\/wp-content\/uploads\/2023\/01\/Resolucao-68-2019-Propriedade-intelectual-da-UEL.pdf\" data-type=\"URL\" data-id=\"https:\/\/sites.uel.br\/aintec\/wp-content\/uploads\/2023\/01\/Resolucao-68-2019-Propriedade-intelectual-da-UEL.pdf\" target=\"_blank\" rel=\"noreferrer noopener\"><strong>Regulamenta as atividades de propriedade intelectual da UEL &#8211; Resolu\u00e7\u00e3o C.A. 68\/2019<\/strong><\/a><\/p>\n","protected":false},"excerpt":{"rendered":"<p>Pol\u00edtica de Inova\u00e7\u00e3o da Universidade Estadual de Londrina &#8211; Resolu\u00e7\u00e3o C.U. 61\/2021 Regulamenta as atividades de propriedade intelectual da UEL &#8211; Resolu\u00e7\u00e3o C.A. 68\/2019<\/p>\n","protected":false},"author":8,"featured_media":0,"parent":0,"menu_order":0,"comment_status":"closed","ping_status":"closed","template":"","meta":{"footnotes":""},"class_list":["post-630","page","type-page","status-publish","hentry"],"acf":[],"_links":{"self":[{"href":"https:\/\/sites.uel.br\/aintec\/wp-json\/wp\/v2\/pages\/630","targetHints":{"allow":["GET"]}}],"collection":[{"href":"https:\/\/sites.uel.br\/aintec\/wp-json\/wp\/v2\/pages"}],"about":[{"href":"https:\/\/sites.uel.br\/aintec\/wp-json\/wp\/v2\/types\/page"}],"author":[{"embeddable":true,"href":"https:\/\/sites.uel.br\/aintec\/wp-json\/wp\/v2\/users\/8"}],"replies":[{"embeddable":true,"href":"https:\/\/sites.uel.br\/aintec\/wp-json\/wp\/v2\/comments?post=630"}],"version-history":[{"count":11,"href":"https:\/\/sites.uel.br\/aintec\/wp-json\/wp\/v2\/pages\/630\/revisions"}],"predecessor-version":[{"id":1363,"href":"https:\/\/sites.uel.br\/aintec\/wp-json\/wp\/v2\/pages\/630\/revisions\/1363"}],"wp:attachment":[{"href":"https:\/\/sites.uel.br\/aintec\/wp-json\/wp\/v2\/media?parent=630"}],"curies":[{"name":"wp","href":"https:\/\/api.w.org\/{rel}","templated":true}]}}