{"id":495,"date":"2022-08-10T15:49:07","date_gmt":"2022-08-10T18:49:07","guid":{"rendered":"https:\/\/sites.uel.br\/aintec\/?page_id=495"},"modified":"2022-09-28T14:46:53","modified_gmt":"2022-09-28T17:46:53","slug":"atividades","status":"publish","type":"page","link":"https:\/\/sites.uel.br\/aintec\/atividades\/","title":{"rendered":"Atividades"},"content":{"rendered":"<div class=\"wp-block-image\">\n<figure class=\"aligncenter size-large is-resized\"><img loading=\"lazy\" decoding=\"async\" src=\"https:\/\/sites.uel.br\/aintec\/wp-content\/uploads\/2022\/08\/edn-colorida-completa-8-1024x509.png\" alt=\"\" class=\"wp-image-527\" width=\"413\" height=\"205\" srcset=\"https:\/\/sites.uel.br\/aintec\/wp-content\/uploads\/2022\/08\/edn-colorida-completa-8-1024x509.png 1024w, https:\/\/sites.uel.br\/aintec\/wp-content\/uploads\/2022\/08\/edn-colorida-completa-8-300x149.png 300w, https:\/\/sites.uel.br\/aintec\/wp-content\/uploads\/2022\/08\/edn-colorida-completa-8-768x382.png 768w, https:\/\/sites.uel.br\/aintec\/wp-content\/uploads\/2022\/08\/edn-colorida-completa-8-1536x763.png 1536w, https:\/\/sites.uel.br\/aintec\/wp-content\/uploads\/2022\/08\/edn-colorida-completa-8.png 1856w\" sizes=\"auto, (max-width: 413px) 100vw, 413px\" \/><\/figure>\n<\/div>\n\n<p><a href=\"https:\/\/www.behance.net\/edn?locale=pt_BR\" target=\"_blank\" rel=\"noopener\">Visite o Behance do EDN<\/a><\/p>\n<p>Os servi\u00e7os prestados pelo EDN s\u00e3o:<\/p>\n<p><strong>Planejamento e Comunica\u00e7\u00e3o Visual<\/strong><\/p>\n<p>\u2013 Identidade Corporativa;<\/p>\n<p>\u2013 Impressos em Geral;<\/p>\n<p>\u2013 Ponto de Venda;<\/p>\n<p>\u2013 Merchandising;<\/p>\n<p>\u2013 Displays;<\/p>\n<p>\u2013 Vitrines;<\/p>\n<p>\u2013 Expositores;<\/p>\n<p>\u2013 Embalagens;<\/p>\n<p>\u2013 Sinaliza\u00e7\u00e3o\/Wayfinding;<\/p>\n<p>\u2013 Ilustra\u00e7\u00e3o;<\/p>\n<p>\u2013 Processos e Tecnologia Gr\u00e1fica;<\/p>\n<p>\u2013 Design de Superf\u00edcies<\/p>\n<p>\u2013 Design de Embalagem<\/p>\n<p>\u2013 Branding<\/p>\n<p>\u00a0<\/p>\n<p><strong>Design e Educa\u00e7\u00e3o<\/strong><\/p>\n<p>\u2013 Livros Infantojuvenis<\/p>\n<p>\u2013 Objetos Pedag\u00f3gicos<\/p>\n<p>\u2013 Objetos de Aprendizagem<\/p>\n<p>\u2013 E-books Interativos<\/p>\n<p>\u2013 Projetos Editoriais<\/p>\n<p>\u2013 Design na Educa\u00e7\u00e3o<\/p>\n<p>\u2013 Design Instrucional<\/p>","protected":false},"excerpt":{"rendered":"<p>Visite o Behance do EDN Os servi\u00e7os prestados pelo EDN s\u00e3o: Planejamento e Comunica\u00e7\u00e3o Visual \u2013 Identidade Corporativa; \u2013 Impressos em Geral; \u2013 Ponto de Venda; \u2013 Merchandising; \u2013 Displays; \u2013 Vitrines; \u2013 Expositores; \u2013 Embalagens; \u2013 Sinaliza\u00e7\u00e3o\/Wayfinding; \u2013 Ilustra\u00e7\u00e3o; \u2013 Processos e Tecnologia Gr\u00e1fica; \u2013 Design de Superf\u00edcies \u2013 Design de Embalagem \u2013 Branding [&hellip;]<\/p>\n","protected":false},"author":8,"featured_media":0,"parent":0,"menu_order":0,"comment_status":"closed","ping_status":"closed","template":"","meta":{"footnotes":""},"class_list":["post-495","page","type-page","status-publish","hentry"],"acf":[],"_links":{"self":[{"href":"https:\/\/sites.uel.br\/aintec\/wp-json\/wp\/v2\/pages\/495","targetHints":{"allow":["GET"]}}],"collection":[{"href":"https:\/\/sites.uel.br\/aintec\/wp-json\/wp\/v2\/pages"}],"about":[{"href":"https:\/\/sites.uel.br\/aintec\/wp-json\/wp\/v2\/types\/page"}],"author":[{"embeddable":true,"href":"https:\/\/sites.uel.br\/aintec\/wp-json\/wp\/v2\/users\/8"}],"replies":[{"embeddable":true,"href":"https:\/\/sites.uel.br\/aintec\/wp-json\/wp\/v2\/comments?post=495"}],"version-history":[{"count":11,"href":"https:\/\/sites.uel.br\/aintec\/wp-json\/wp\/v2\/pages\/495\/revisions"}],"predecessor-version":[{"id":966,"href":"https:\/\/sites.uel.br\/aintec\/wp-json\/wp\/v2\/pages\/495\/revisions\/966"}],"wp:attachment":[{"href":"https:\/\/sites.uel.br\/aintec\/wp-json\/wp\/v2\/media?parent=495"}],"curies":[{"name":"wp","href":"https:\/\/api.w.org\/{rel}","templated":true}]}}