{"id":493,"date":"2022-08-10T15:49:07","date_gmt":"2022-08-10T18:49:07","guid":{"rendered":"https:\/\/sites.uel.br\/aintec\/?page_id=493"},"modified":"2022-08-10T16:15:42","modified_gmt":"2022-08-10T19:15:42","slug":"edn-2","status":"publish","type":"page","link":"https:\/\/sites.uel.br\/aintec\/edn-2\/","title":{"rendered":""},"content":{"rendered":"<div class=\"wp-block-image\">\n<figure class=\"aligncenter size-large is-resized\"><img loading=\"lazy\" decoding=\"async\" src=\"https:\/\/sites.uel.br\/aintec\/wp-content\/uploads\/2022\/08\/edn-colorida-completa-2-1024x509.png\" alt=\"\" class=\"wp-image-512\" width=\"419\" height=\"206\" \/><\/figure>\n<\/div>\n\n<p>O EDn \u00e9 uma das unidades da Aintec, que atua em parceria com o Departamento de Design da UEL, tendo suas atividades conduzidas por uma equipe formada por professores e estudantes dos cursos de design gr\u00e1fico e design de moda. O objetivo do EDn \u00e9 oferecer, \u00e0s micro e pequenas empresas que n\u00e3o t\u00eam condi\u00e7\u00f5es de contratar servi\u00e7os de design, este tipo de servi\u00e7o com qualidade a um custo vi\u00e1vel, al\u00e9m de proporcionar aos estudantes de Design um espa\u00e7o privilegiado de aprendizado da pr\u00e1tica profissional.<\/p>","protected":false},"excerpt":{"rendered":"<p>O EDn \u00e9 uma das unidades da Aintec, que atua em parceria com o Departamento de Design da UEL, tendo suas atividades conduzidas por uma equipe formada por professores e estudantes dos cursos de design gr\u00e1fico e design de moda. O objetivo do EDn \u00e9 oferecer, \u00e0s micro e pequenas empresas que n\u00e3o t\u00eam condi\u00e7\u00f5es [&hellip;]<\/p>\n","protected":false},"author":8,"featured_media":0,"parent":0,"menu_order":0,"comment_status":"closed","ping_status":"closed","template":"","meta":{"footnotes":""},"class_list":["post-493","page","type-page","status-publish","hentry"],"acf":[],"_links":{"self":[{"href":"https:\/\/sites.uel.br\/aintec\/wp-json\/wp\/v2\/pages\/493","targetHints":{"allow":["GET"]}}],"collection":[{"href":"https:\/\/sites.uel.br\/aintec\/wp-json\/wp\/v2\/pages"}],"about":[{"href":"https:\/\/sites.uel.br\/aintec\/wp-json\/wp\/v2\/types\/page"}],"author":[{"embeddable":true,"href":"https:\/\/sites.uel.br\/aintec\/wp-json\/wp\/v2\/users\/8"}],"replies":[{"embeddable":true,"href":"https:\/\/sites.uel.br\/aintec\/wp-json\/wp\/v2\/comments?post=493"}],"version-history":[{"count":8,"href":"https:\/\/sites.uel.br\/aintec\/wp-json\/wp\/v2\/pages\/493\/revisions"}],"predecessor-version":[{"id":514,"href":"https:\/\/sites.uel.br\/aintec\/wp-json\/wp\/v2\/pages\/493\/revisions\/514"}],"wp:attachment":[{"href":"https:\/\/sites.uel.br\/aintec\/wp-json\/wp\/v2\/media?parent=493"}],"curies":[{"name":"wp","href":"https:\/\/api.w.org\/{rel}","templated":true}]}}