{"id":47,"date":"2022-07-26T15:06:11","date_gmt":"2022-07-26T18:06:11","guid":{"rendered":"https:\/\/sites.uel.br\/aintec\/?page_id=47"},"modified":"2026-03-17T17:48:46","modified_gmt":"2026-03-17T20:48:46","slug":"editaiss","status":"publish","type":"page","link":"https:\/\/sites.uel.br\/aintec\/editaiss\/","title":{"rendered":"Editais da AINTEC"},"content":{"rendered":"\n<p><\/p>\n\n\n<div class=\"wp-block-image\">\n<figure class=\"aligncenter size-large\"><img loading=\"lazy\" decoding=\"async\" width=\"1024\" height=\"277\" src=\"https:\/\/sites.uel.br\/aintec\/wp-content\/uploads\/2022\/08\/AINTEC-Banner-final-site-1-1024x277.png\" alt=\"\" class=\"wp-image-682\" srcset=\"https:\/\/sites.uel.br\/aintec\/wp-content\/uploads\/2022\/08\/AINTEC-Banner-final-site-1-1024x277.png 1024w, https:\/\/sites.uel.br\/aintec\/wp-content\/uploads\/2022\/08\/AINTEC-Banner-final-site-1-300x81.png 300w, https:\/\/sites.uel.br\/aintec\/wp-content\/uploads\/2022\/08\/AINTEC-Banner-final-site-1-768x208.png 768w, https:\/\/sites.uel.br\/aintec\/wp-content\/uploads\/2022\/08\/AINTEC-Banner-final-site-1.png 1300w\" sizes=\"auto, (max-width: 1024px) 100vw, 1024px\" \/><\/figure>\n<\/div>\n\n\n<h2 class=\"wp-block-heading has-text-align-center\">Sele\u00e7\u00e3o Bolsistas Graduados em Administra\u00e7\u00e3o e  Direito<\/h2>\n\n\n\n<p class=\"has-text-align-center\"><strong>Edital de Abertura<\/strong><\/p>\n\n\n\n<p class=\"has-text-align-center\"><strong><a href=\"https:\/\/sites.uel.br\/aintec\/wp-content\/uploads\/2026\/02\/EDITAL-PROEX-051-2026-AINTEC-\u2013-NITS-\u2013-Profissionais-Adm-e-Direito-\u2013-Abertura-Assinado.pdf\" target=\"_blank\" rel=\"noreferrer noopener\">Edital PROEX 051\/2026 &#8211; Bolsista T\u00e9cnico Graduado EG 07\/25 &#8211; Abertura<\/a><\/strong><\/p>\n\n\n\n<p class=\"has-text-align-center\"><strong><a href=\"https:\/\/sites.uel.br\/aintec\/wp-content\/uploads\/2026\/02\/EDITAL-PROEX-054-2026-AINTEC-\u2013-NITS-\u2013-Profissionais-Adm-e-Direito-\u2013-resposta-a-impugnacao.pdf\" target=\"_blank\" rel=\"noreferrer noopener\">Edital PROEX 054\/2026 &#8211; Bolsista T\u00e9cnico Graduado EG 07\/25 &#8211; resposta \u00e0 impugna\u00e7\u00e3o<\/a><\/strong><\/p>\n\n\n\n<p class=\"has-text-align-center\"><strong><a href=\"https:\/\/sites.uel.br\/aintec\/wp-content\/uploads\/2026\/03\/EDITAL-PROEX-067-2026-AINTEC-\u2013-NITS-\u2013-Profissionais-Adm-e-Direito-\u2013-Homologacao.pdf\" target=\"_blank\" rel=\"noreferrer noopener\">Edital PROEX 067\/2026 &#8211; Bolsista T\u00e9cnico Graduado EG 07\/25 &#8211; homologa\u00e7\u00e3o das candidaturas<\/a><\/strong><\/p>\n\n\n\n<p class=\"has-text-align-center\"><strong><a href=\"https:\/\/sites.uel.br\/aintec\/wp-content\/uploads\/2026\/03\/EDITAL-PROEX-070-2026-AINTEC-\u2013-NITS-\u2013-Profissionais-Adm-e-Direito-\u2013-Convocacao-para-entrevistas-Assinado.pdf\" target=\"_blank\" rel=\"noreferrer noopener\">Edital PROEX 070\/2026 \u2013 Bolsista T\u00e9cnico Graduado EG 07\/25 \u2013 Resposta a recurso e Convoca\u00e7\u00e3o para entrevistas<\/a><\/strong><\/p>\n\n\n\n<p class=\"has-text-align-center\"><strong><a href=\"https:\/\/sites.uel.br\/aintec\/wp-content\/uploads\/2026\/03\/EDITAL-PROEX-076-2026-AINTEC-\u2013-NITS-\u2013-Profissionais-Adm-e-Direito-\u2013-Resultado-provisorio.pdf\" target=\"_blank\" rel=\"noreferrer noopener\">Edital PROEX 076\/2026 \u2013 Bolsista T\u00e9cnico Graduado EG 07\/25 \u2013 Resultado provis\u00f3rio<\/a><\/strong><\/p>\n\n\n\n<p class=\"has-text-align-center\"><strong><a href=\"https:\/\/sites.uel.br\/aintec\/wp-content\/uploads\/2026\/03\/EDITAL-PROEX-080-2026-AINTEC-\u2013-NITS-\u2013-Profissionais-Adm-e-Direito-\u2013-Resultado-definitivo-Assinado.pdf\" target=\"_blank\" rel=\"noreferrer noopener\">Edital PROEX 080\/2026 \u2013 Bolsista T\u00e9cnico Graduado EG 07\/25 \u2013 Resultado definitivo<\/a><\/strong><\/p>\n\n\n\n<h2 class=\"wp-block-heading\">Sele\u00e7\u00e3o Bolsista Graduado &#8211; CODEL<\/h2>\n\n\n\n<p class=\"has-text-align-center\"><strong>Edital de Abertura<\/strong><\/p>\n\n\n\n<p class=\"has-text-align-center\"><strong><a href=\"https:\/\/sites.uel.br\/aintec\/wp-content\/uploads\/2026\/02\/EDITAL-PROEX-044-2026-AINTEC-\u2013-CODEL-\u2013-bolsista-tecnico-\u2013-Abertura.pdf\" target=\"_blank\" rel=\"noreferrer noopener\">Edital PROEX 044\/2026 &#8211; Bolsista T\u00e9cnico Graduado CODEL &#8211; Abertura<\/a><\/strong><\/p>\n\n\n\n<p class=\"has-text-align-center\"><strong><a href=\"https:\/\/sites.uel.br\/aintec\/wp-content\/uploads\/2026\/02\/EDITAL-PROEX-045-2026-AINTEC-\u2013-CODEL-\u2013-bolsista-tecnico-\u2013-Resposta-a-impugnacao-do-edital-Assinado.pdf\" target=\"_blank\" rel=\"noreferrer noopener\">Edital PROEX 045\/2026 &#8211; Bolsista T\u00e9cnico Graduado CODEL &#8211; resposta \u00e0 impugna\u00e7\u00e3o<\/a><\/strong><\/p>\n\n\n\n<p class=\"has-text-align-center\"><strong><a href=\"https:\/\/sites.uel.br\/aintec\/wp-content\/uploads\/2026\/03\/Edital-PROEX-060-2026-AINTEC-CODEL.pdf\" target=\"_blank\" rel=\"noreferrer noopener\">Edital PROEX 060\/2026 &#8211; Bolsista T\u00e9cnico Graduado CODEL &#8211; homologa\u00e7\u00e3o das candidaturas<\/a><\/strong><\/p>\n\n\n\n<p class=\"has-text-align-center\"><strong><a href=\"https:\/\/sites.uel.br\/aintec\/wp-content\/uploads\/2026\/03\/EDITAL-PROEX-062-2026-AINTEC-\u2013-CODEL-\u2013-bolsista-tecnico-\u2013-Homologacao-Assinado.pdf\" target=\"_blank\" rel=\"noreferrer noopener\">Edital PROEX 062\/2026 \u2013 Bolsista T\u00e9cnico Graduado CODEL \u2013 Resposta a recurso e Convoca\u00e7\u00e3o para entrevistas<\/a><\/strong><\/p>\n\n\n\n<p class=\"has-text-align-center\"><strong><a href=\"https:\/\/sites.uel.br\/aintec\/wp-content\/uploads\/2026\/03\/EDITAL-PROEX-069-2026-AINTEC-\u2013-CODEL-\u2013-bolsista-tecnico-\u2013-Resultado-provisorio.pdf\" target=\"_blank\" rel=\"noreferrer noopener\">Edital PROEX 069\/2026 \u2013 Bolsista T\u00e9cnico Graduado CODEL &#8211; Resultado provis\u00f3rio <\/a><\/strong><\/p>\n\n\n\n<p class=\"has-text-align-center\"><strong><a href=\"https:\/\/sites.uel.br\/aintec\/wp-content\/uploads\/2026\/03\/EDITAL-PROEX-071-2026-AINTEC-\u2013-CODEL-\u2013-bolsista-tecnico-\u2013-Resultado-definitivo-Assinado.pdf\" target=\"_blank\" rel=\"noreferrer noopener\">Edital PROEX 071\/2026 \u2013 Bolsista T\u00e9cnico Graduado CODEL &#8211; Resultado definitivo<\/a><\/strong><\/p>\n\n\n\n<p class=\"has-verde-escuro-color has-text-color has-link-color wp-elements-cd84aaa23b80328b1b7da258230d7b69\"><strong>Editais Conclu\u00eddos: <a href=\"https:\/\/sites.uel.br\/aintec\/editais-concluidos\/\" target=\"_blank\" rel=\"noreferrer noopener\">Clique aqui.<\/a><\/strong><\/p>\n\n\n\n<p><\/p>\n\n\n\n<p class=\"has-text-align-center\"><\/p>\n\n\n\n<p><\/p>\n","protected":false},"excerpt":{"rendered":"<p>Sele\u00e7\u00e3o Bolsistas Graduados em Administra\u00e7\u00e3o e Direito Edital de Abertura Edital PROEX 051\/2026 &#8211; Bolsista T\u00e9cnico Graduado EG 07\/25 &#8211; Abertura Edital PROEX 054\/2026 &#8211; Bolsista T\u00e9cnico Graduado EG 07\/25 &#8211; resposta \u00e0 impugna\u00e7\u00e3o Edital PROEX 067\/2026 &#8211; Bolsista T\u00e9cnico Graduado EG 07\/25 &#8211; homologa\u00e7\u00e3o das candidaturas Edital PROEX 070\/2026 \u2013 Bolsista T\u00e9cnico Graduado EG [&hellip;]<\/p>\n","protected":false},"author":1,"featured_media":0,"parent":0,"menu_order":0,"comment_status":"closed","ping_status":"closed","template":"","meta":{"footnotes":""},"class_list":["post-47","page","type-page","status-publish","hentry"],"acf":[],"_links":{"self":[{"href":"https:\/\/sites.uel.br\/aintec\/wp-json\/wp\/v2\/pages\/47","targetHints":{"allow":["GET"]}}],"collection":[{"href":"https:\/\/sites.uel.br\/aintec\/wp-json\/wp\/v2\/pages"}],"about":[{"href":"https:\/\/sites.uel.br\/aintec\/wp-json\/wp\/v2\/types\/page"}],"author":[{"embeddable":true,"href":"https:\/\/sites.uel.br\/aintec\/wp-json\/wp\/v2\/users\/1"}],"replies":[{"embeddable":true,"href":"https:\/\/sites.uel.br\/aintec\/wp-json\/wp\/v2\/comments?post=47"}],"version-history":[{"count":269,"href":"https:\/\/sites.uel.br\/aintec\/wp-json\/wp\/v2\/pages\/47\/revisions"}],"predecessor-version":[{"id":3711,"href":"https:\/\/sites.uel.br\/aintec\/wp-json\/wp\/v2\/pages\/47\/revisions\/3711"}],"wp:attachment":[{"href":"https:\/\/sites.uel.br\/aintec\/wp-json\/wp\/v2\/media?parent=47"}],"curies":[{"name":"wp","href":"https:\/\/api.w.org\/{rel}","templated":true}]}}