{"id":466,"date":"2022-08-10T08:57:57","date_gmt":"2022-08-10T11:57:57","guid":{"rendered":"https:\/\/sites.uel.br\/aintec\/?page_id=466"},"modified":"2024-09-24T15:16:27","modified_gmt":"2024-09-24T18:16:27","slug":"reserva-de-salas","status":"publish","type":"page","link":"https:\/\/sites.uel.br\/aintec\/reserva-de-salas\/","title":{"rendered":"Reserva de Salas"},"content":{"rendered":"<div class=\"wp-block-image\">\n<figure class=\"aligncenter size-large is-resized\"><img loading=\"lazy\" decoding=\"async\" width=\"1024\" height=\"466\" src=\"https:\/\/sites.uel.br\/aintec\/wp-content\/uploads\/2022\/08\/aintec-colorida-horizontal-completa-3-1024x466.png\" alt=\"\" class=\"wp-image-594\" style=\"width:514px;height:234px\" srcset=\"https:\/\/sites.uel.br\/aintec\/wp-content\/uploads\/2022\/08\/aintec-colorida-horizontal-completa-3-1024x466.png 1024w, https:\/\/sites.uel.br\/aintec\/wp-content\/uploads\/2022\/08\/aintec-colorida-horizontal-completa-3-300x137.png 300w, https:\/\/sites.uel.br\/aintec\/wp-content\/uploads\/2022\/08\/aintec-colorida-horizontal-completa-3-768x350.png 768w, https:\/\/sites.uel.br\/aintec\/wp-content\/uploads\/2022\/08\/aintec-colorida-horizontal-completa-3-1536x700.png 1536w, https:\/\/sites.uel.br\/aintec\/wp-content\/uploads\/2022\/08\/aintec-colorida-horizontal-completa-3-2048x933.png 2048w\" sizes=\"auto, (max-width: 1024px) 100vw, 1024px\" \/><\/figure>\n<\/div>\n\n<p>A sala de <span style=\"color: #00753b;\"><strong>reuni\u00e3o<\/strong><\/span> e a sala de <span style=\"color: #00753b;\"><strong>treinamento<\/strong><\/span> da Ag\u00eancia de Inova\u00e7\u00e3o Tecnol\u00f3gica \u2013 AINTEC ficam dispon\u00edveis preferencialmente para os incubados da INTUEL para a realiza\u00e7\u00e3o de reuni\u00f5es e treinamentos, com pr\u00e9vio agendamento.<\/p>\n<p>A sala de reuni\u00e3o tem capacidade para 8 pessoas e a sala de treinamento para 20 pessoas.<\/p>\n<p>Consultar disponibilidade de agendamento e hor\u00e1rios pelo e-mail: <strong>aintecgestao@uel.br<\/strong><\/p>\n\n\n<p class=\"has-verde-escuro-color has-text-color\"><strong>Sala de Reuni\u00e3o<\/strong><\/p>\n\n\n\n<div class=\"wp-block-columns are-vertically-aligned-center is-layout-flex wp-container-core-columns-is-layout-9d6595d7 wp-block-columns-is-layout-flex\">\n<div class=\"wp-block-column is-vertically-aligned-center is-layout-flow wp-block-column-is-layout-flow\"><div class=\"wp-block-image\">\n<figure class=\"aligncenter size-large\"><img loading=\"lazy\" decoding=\"async\" width=\"1024\" height=\"768\" src=\"https:\/\/sites.uel.br\/aintec\/wp-content\/uploads\/2022\/08\/WhatsApp-Image-2022-08-25-at-10.28.21-1-1024x768.jpeg\" alt=\"\" class=\"wp-image-728\" srcset=\"https:\/\/sites.uel.br\/aintec\/wp-content\/uploads\/2022\/08\/WhatsApp-Image-2022-08-25-at-10.28.21-1-1024x768.jpeg 1024w, https:\/\/sites.uel.br\/aintec\/wp-content\/uploads\/2022\/08\/WhatsApp-Image-2022-08-25-at-10.28.21-1-300x225.jpeg 300w, https:\/\/sites.uel.br\/aintec\/wp-content\/uploads\/2022\/08\/WhatsApp-Image-2022-08-25-at-10.28.21-1-768x576.jpeg 768w, https:\/\/sites.uel.br\/aintec\/wp-content\/uploads\/2022\/08\/WhatsApp-Image-2022-08-25-at-10.28.21-1.jpeg 1280w\" sizes=\"auto, (max-width: 1024px) 100vw, 1024px\" \/><\/figure>\n<\/div><\/div>\n\n\n\n<div class=\"wp-block-column is-vertically-aligned-center is-layout-flow wp-block-column-is-layout-flow\"><div class=\"wp-block-image\">\n<figure class=\"aligncenter size-large\"><img loading=\"lazy\" decoding=\"async\" width=\"1024\" height=\"766\" src=\"https:\/\/sites.uel.br\/aintec\/wp-content\/uploads\/2022\/08\/WhatsApp-Image-2022-08-25-at-10.22.27-2-1024x766.jpeg\" alt=\"\" class=\"wp-image-729\" srcset=\"https:\/\/sites.uel.br\/aintec\/wp-content\/uploads\/2022\/08\/WhatsApp-Image-2022-08-25-at-10.22.27-2-1024x766.jpeg 1024w, https:\/\/sites.uel.br\/aintec\/wp-content\/uploads\/2022\/08\/WhatsApp-Image-2022-08-25-at-10.22.27-2-300x224.jpeg 300w, https:\/\/sites.uel.br\/aintec\/wp-content\/uploads\/2022\/08\/WhatsApp-Image-2022-08-25-at-10.22.27-2-768x575.jpeg 768w, https:\/\/sites.uel.br\/aintec\/wp-content\/uploads\/2022\/08\/WhatsApp-Image-2022-08-25-at-10.22.27-2-1536x1149.jpeg 1536w, https:\/\/sites.uel.br\/aintec\/wp-content\/uploads\/2022\/08\/WhatsApp-Image-2022-08-25-at-10.22.27-2.jpeg 1600w\" sizes=\"auto, (max-width: 1024px) 100vw, 1024px\" \/><\/figure>\n<\/div><\/div>\n\n\n\n<div class=\"wp-block-column is-vertically-aligned-center is-layout-flow wp-block-column-is-layout-flow\">\n<figure class=\"wp-block-image size-large\"><img loading=\"lazy\" decoding=\"async\" width=\"1024\" height=\"768\" src=\"https:\/\/sites.uel.br\/aintec\/wp-content\/uploads\/2022\/08\/WhatsApp-Image-2022-08-25-at-10.28.20-1-1024x768.jpeg\" alt=\"\" class=\"wp-image-730\" srcset=\"https:\/\/sites.uel.br\/aintec\/wp-content\/uploads\/2022\/08\/WhatsApp-Image-2022-08-25-at-10.28.20-1-1024x768.jpeg 1024w, https:\/\/sites.uel.br\/aintec\/wp-content\/uploads\/2022\/08\/WhatsApp-Image-2022-08-25-at-10.28.20-1-300x225.jpeg 300w, https:\/\/sites.uel.br\/aintec\/wp-content\/uploads\/2022\/08\/WhatsApp-Image-2022-08-25-at-10.28.20-1-768x576.jpeg 768w, https:\/\/sites.uel.br\/aintec\/wp-content\/uploads\/2022\/08\/WhatsApp-Image-2022-08-25-at-10.28.20-1.jpeg 1280w\" sizes=\"auto, (max-width: 1024px) 100vw, 1024px\" \/><\/figure>\n<\/div>\n<\/div>\n\n\n\n<p class=\"has-verde-escuro-color has-text-color\"><strong>Sala de Treinamento<\/strong><\/p>\n\n\n\n<div class=\"wp-block-columns are-vertically-aligned-center is-layout-flex wp-container-core-columns-is-layout-9d6595d7 wp-block-columns-is-layout-flex\">\n<div class=\"wp-block-column is-vertically-aligned-center is-layout-flow wp-block-column-is-layout-flow\">\n<figure class=\"wp-block-image size-large\"><img loading=\"lazy\" decoding=\"async\" width=\"1024\" height=\"768\" src=\"https:\/\/sites.uel.br\/aintec\/wp-content\/uploads\/2022\/08\/WhatsApp-Image-2022-08-25-at-10.31.29-1024x768.jpeg\" alt=\"\" class=\"wp-image-726\" srcset=\"https:\/\/sites.uel.br\/aintec\/wp-content\/uploads\/2022\/08\/WhatsApp-Image-2022-08-25-at-10.31.29-1024x768.jpeg 1024w, https:\/\/sites.uel.br\/aintec\/wp-content\/uploads\/2022\/08\/WhatsApp-Image-2022-08-25-at-10.31.29-300x225.jpeg 300w, https:\/\/sites.uel.br\/aintec\/wp-content\/uploads\/2022\/08\/WhatsApp-Image-2022-08-25-at-10.31.29-768x576.jpeg 768w, https:\/\/sites.uel.br\/aintec\/wp-content\/uploads\/2022\/08\/WhatsApp-Image-2022-08-25-at-10.31.29-1536x1152.jpeg 1536w, https:\/\/sites.uel.br\/aintec\/wp-content\/uploads\/2022\/08\/WhatsApp-Image-2022-08-25-at-10.31.29.jpeg 1600w\" sizes=\"auto, (max-width: 1024px) 100vw, 1024px\" \/><\/figure>\n<\/div>\n\n\n\n<div class=\"wp-block-column is-vertically-aligned-center is-layout-flow wp-block-column-is-layout-flow\">\n<figure class=\"wp-block-image size-large\"><img loading=\"lazy\" decoding=\"async\" width=\"1024\" height=\"766\" src=\"https:\/\/sites.uel.br\/aintec\/wp-content\/uploads\/2022\/08\/WhatsApp-Image-2022-08-25-at-10.25.24-1024x766.jpeg\" alt=\"\" class=\"wp-image-719\" srcset=\"https:\/\/sites.uel.br\/aintec\/wp-content\/uploads\/2022\/08\/WhatsApp-Image-2022-08-25-at-10.25.24-1024x766.jpeg 1024w, https:\/\/sites.uel.br\/aintec\/wp-content\/uploads\/2022\/08\/WhatsApp-Image-2022-08-25-at-10.25.24-300x224.jpeg 300w, https:\/\/sites.uel.br\/aintec\/wp-content\/uploads\/2022\/08\/WhatsApp-Image-2022-08-25-at-10.25.24-768x575.jpeg 768w, https:\/\/sites.uel.br\/aintec\/wp-content\/uploads\/2022\/08\/WhatsApp-Image-2022-08-25-at-10.25.24-1536x1149.jpeg 1536w, https:\/\/sites.uel.br\/aintec\/wp-content\/uploads\/2022\/08\/WhatsApp-Image-2022-08-25-at-10.25.24.jpeg 1600w\" sizes=\"auto, (max-width: 1024px) 100vw, 1024px\" \/><\/figure>\n<\/div>\n\n\n\n<div class=\"wp-block-column is-vertically-aligned-center is-layout-flow wp-block-column-is-layout-flow\">\n<figure class=\"wp-block-image size-large\"><img loading=\"lazy\" decoding=\"async\" width=\"1024\" height=\"766\" src=\"https:\/\/sites.uel.br\/aintec\/wp-content\/uploads\/2022\/08\/WhatsApp-Image-2022-08-25-at-10.26.13-2-1024x766.jpeg\" alt=\"\" class=\"wp-image-727\" srcset=\"https:\/\/sites.uel.br\/aintec\/wp-content\/uploads\/2022\/08\/WhatsApp-Image-2022-08-25-at-10.26.13-2-1024x766.jpeg 1024w, https:\/\/sites.uel.br\/aintec\/wp-content\/uploads\/2022\/08\/WhatsApp-Image-2022-08-25-at-10.26.13-2-300x224.jpeg 300w, https:\/\/sites.uel.br\/aintec\/wp-content\/uploads\/2022\/08\/WhatsApp-Image-2022-08-25-at-10.26.13-2-768x575.jpeg 768w, https:\/\/sites.uel.br\/aintec\/wp-content\/uploads\/2022\/08\/WhatsApp-Image-2022-08-25-at-10.26.13-2-1536x1149.jpeg 1536w, https:\/\/sites.uel.br\/aintec\/wp-content\/uploads\/2022\/08\/WhatsApp-Image-2022-08-25-at-10.26.13-2.jpeg 1600w\" sizes=\"auto, (max-width: 1024px) 100vw, 1024px\" \/><\/figure>\n<\/div>\n<\/div>\n","protected":false},"excerpt":{"rendered":"<p>A sala de reuni\u00e3o e a sala de treinamento da Ag\u00eancia de Inova\u00e7\u00e3o Tecnol\u00f3gica \u2013 AINTEC ficam dispon\u00edveis preferencialmente para os incubados da INTUEL para a realiza\u00e7\u00e3o de reuni\u00f5es e treinamentos, com pr\u00e9vio agendamento. A sala de reuni\u00e3o tem capacidade para 8 pessoas e a sala de treinamento para 20 pessoas. Consultar disponibilidade de agendamento [&hellip;]<\/p>\n","protected":false},"author":8,"featured_media":0,"parent":0,"menu_order":0,"comment_status":"closed","ping_status":"closed","template":"","meta":{"footnotes":""},"class_list":["post-466","page","type-page","status-publish","hentry"],"acf":[],"_links":{"self":[{"href":"https:\/\/sites.uel.br\/aintec\/wp-json\/wp\/v2\/pages\/466","targetHints":{"allow":["GET"]}}],"collection":[{"href":"https:\/\/sites.uel.br\/aintec\/wp-json\/wp\/v2\/pages"}],"about":[{"href":"https:\/\/sites.uel.br\/aintec\/wp-json\/wp\/v2\/types\/page"}],"author":[{"embeddable":true,"href":"https:\/\/sites.uel.br\/aintec\/wp-json\/wp\/v2\/users\/8"}],"replies":[{"embeddable":true,"href":"https:\/\/sites.uel.br\/aintec\/wp-json\/wp\/v2\/comments?post=466"}],"version-history":[{"count":13,"href":"https:\/\/sites.uel.br\/aintec\/wp-json\/wp\/v2\/pages\/466\/revisions"}],"predecessor-version":[{"id":2383,"href":"https:\/\/sites.uel.br\/aintec\/wp-json\/wp\/v2\/pages\/466\/revisions\/2383"}],"wp:attachment":[{"href":"https:\/\/sites.uel.br\/aintec\/wp-json\/wp\/v2\/media?parent=466"}],"curies":[{"name":"wp","href":"https:\/\/api.w.org\/{rel}","templated":true}]}}