{"id":458,"date":"2022-08-10T08:57:57","date_gmt":"2022-08-10T11:57:57","guid":{"rendered":"https:\/\/sites.uel.br\/aintec\/?page_id=458"},"modified":"2022-08-31T16:45:32","modified_gmt":"2022-08-31T19:45:32","slug":"sobre-a-aintec","status":"publish","type":"page","link":"https:\/\/sites.uel.br\/aintec\/sobre-a-aintec\/","title":{"rendered":"Sobre a AINTEC"},"content":{"rendered":"<div class=\"wp-block-image\">\n<figure class=\"aligncenter size-large is-resized\"><img loading=\"lazy\" decoding=\"async\" src=\"https:\/\/sites.uel.br\/aintec\/wp-content\/uploads\/2022\/08\/aintec-colorida-horizontal-completa-1-1024x466.png\" alt=\"\" class=\"wp-image-545\" width=\"553\" height=\"252\" srcset=\"https:\/\/sites.uel.br\/aintec\/wp-content\/uploads\/2022\/08\/aintec-colorida-horizontal-completa-1-1024x466.png 1024w, https:\/\/sites.uel.br\/aintec\/wp-content\/uploads\/2022\/08\/aintec-colorida-horizontal-completa-1-300x137.png 300w, https:\/\/sites.uel.br\/aintec\/wp-content\/uploads\/2022\/08\/aintec-colorida-horizontal-completa-1-768x350.png 768w, https:\/\/sites.uel.br\/aintec\/wp-content\/uploads\/2022\/08\/aintec-colorida-horizontal-completa-1-1536x700.png 1536w, https:\/\/sites.uel.br\/aintec\/wp-content\/uploads\/2022\/08\/aintec-colorida-horizontal-completa-1-2048x933.png 2048w\" sizes=\"auto, (max-width: 553px) 100vw, 553px\" \/><\/figure>\n<\/div>\n\n<p>A Ag\u00eancia de Inova\u00e7\u00e3o Tecnol\u00f3gica da Universidade Estadual de Londrina (AINTEC) foi criada em 17 de abril de 2008 a partir da resolu\u00e7\u00e3o do Conselho Universit\u00e1rio n\u00ba 065\/2008, em atendimento \u00e0 Lei de Inova\u00e7\u00e3o (Lei n\u00ba 10.973\/2004).<\/p>\n<p>Em 2008, a AINTEC incorporou a Incubadora Internacional de Empresas de Base Tecnol\u00f3gica da UEL (INTUEL) criada em 2000; o Escrit\u00f3rio de Propriedade Intelectual (EPI), criado em 2003; e o Escrit\u00f3rio de Transfer\u00eancia de Tecnologia (ETT), criada tamb\u00e9m em 2003 pela Pr\u00f3-reitoria de Pesquisa e Pr\u00f3-gradua\u00e7\u00e3o (PROPPG).<\/p>\n<p>A AINTEC tem como objetivo gerir a <a href=\"https:\/\/sites.uel.br\/aintec\/politica-de-inovacao-da-uel\/\">Pol\u00edtica de Inova\u00e7\u00e3o da UEL<\/a>, identificando, protegendo e transferindo as cria\u00e7\u00f5es geradas na universidade para a sociedade e o mercado, al\u00e9m de atender suas demandas tecnol\u00f3gicas.<\/p>\n<p>Atualmente, as quatro unidades da AINTEC, a Incubadora Internacional de Empresas de Base Tecnol\u00f3gica (INTUEL), o Escrit\u00f3rio de Propriedade Intelectual (EPI), o Escrit\u00f3rio de Transfer\u00eancia de Tecnologia (ETT) e o Escrit\u00f3rio de Design (EDN) desenvolvem, em conjunto com a UEL e com seus parceiros, a\u00e7\u00f5es para transferir para a sociedade conhecimentos e tecnologia que resultem em inova\u00e7\u00f5es, ao mesmo tempo em que procura atender suas demandas sociais e de mercado.<\/p>\n\n\n<div class=\"wp-block-file aligncenter\"><a id=\"wp-block-file--media-e49451ed-2f9d-4ba7-a5b0-2832af1a72ac\" href=\"https:\/\/sites.uel.br\/aintec\/wp-content\/uploads\/2022\/08\/Resolucao-CU-34-2017-Regimento-Interno-Aintec-1.pdf\"><a href=\"https:\/\/sites.uel.br\/aintec\/wp-content\/uploads\/2022\/08\/Regimento-AINTEC..pdf\">Regimento da Ag\u00eancia de Inova\u00e7\u00e3o Tecnol\u00f3gica da Universidade Estadual de Londrina &#8211; AINTEC.<\/a><\/a><a href=\"https:\/\/sites.uel.br\/aintec\/wp-content\/uploads\/2022\/08\/Resolucao-CU-34-2017-Regimento-Interno-Aintec-1.pdf\" class=\"wp-block-file__button\" download aria-describedby=\"wp-block-file--media-e49451ed-2f9d-4ba7-a5b0-2832af1a72ac\">Baixar<\/a><\/div>\n","protected":false},"excerpt":{"rendered":"<p>A Ag\u00eancia de Inova\u00e7\u00e3o Tecnol\u00f3gica da Universidade Estadual de Londrina (AINTEC) foi criada em 17 de abril de 2008 a partir da resolu\u00e7\u00e3o do Conselho Universit\u00e1rio n\u00ba 065\/2008, em atendimento \u00e0 Lei de Inova\u00e7\u00e3o (Lei n\u00ba 10.973\/2004). Em 2008, a AINTEC incorporou a Incubadora Internacional de Empresas de Base Tecnol\u00f3gica da UEL (INTUEL) criada em [&hellip;]<\/p>\n","protected":false},"author":8,"featured_media":0,"parent":0,"menu_order":0,"comment_status":"closed","ping_status":"closed","template":"","meta":{"footnotes":""},"class_list":["post-458","page","type-page","status-publish","hentry"],"acf":[],"_links":{"self":[{"href":"https:\/\/sites.uel.br\/aintec\/wp-json\/wp\/v2\/pages\/458","targetHints":{"allow":["GET"]}}],"collection":[{"href":"https:\/\/sites.uel.br\/aintec\/wp-json\/wp\/v2\/pages"}],"about":[{"href":"https:\/\/sites.uel.br\/aintec\/wp-json\/wp\/v2\/types\/page"}],"author":[{"embeddable":true,"href":"https:\/\/sites.uel.br\/aintec\/wp-json\/wp\/v2\/users\/8"}],"replies":[{"embeddable":true,"href":"https:\/\/sites.uel.br\/aintec\/wp-json\/wp\/v2\/comments?post=458"}],"version-history":[{"count":9,"href":"https:\/\/sites.uel.br\/aintec\/wp-json\/wp\/v2\/pages\/458\/revisions"}],"predecessor-version":[{"id":797,"href":"https:\/\/sites.uel.br\/aintec\/wp-json\/wp\/v2\/pages\/458\/revisions\/797"}],"wp:attachment":[{"href":"https:\/\/sites.uel.br\/aintec\/wp-json\/wp\/v2\/media?parent=458"}],"curies":[{"name":"wp","href":"https:\/\/api.w.org\/{rel}","templated":true}]}}