{"id":346,"date":"2022-08-08T23:41:16","date_gmt":"2022-08-09T02:41:16","guid":{"rendered":"https:\/\/sites.uel.br\/aintec\/?page_id=346"},"modified":"2022-08-18T11:52:58","modified_gmt":"2022-08-18T14:52:58","slug":"prestacao-de-servico","status":"publish","type":"page","link":"https:\/\/sites.uel.br\/aintec\/prestacao-de-servico\/","title":{"rendered":"Presta\u00e7\u00e3o de Servi\u00e7o"},"content":{"rendered":"<div class=\"wp-block-image\">\n<figure class=\"aligncenter size-large is-resized\"><img loading=\"lazy\" decoding=\"async\" src=\"https:\/\/sites.uel.br\/aintec\/wp-content\/uploads\/2022\/08\/epi-colorida-completa-4-1024x509.png\" alt=\"\" class=\"wp-image-389\" width=\"435\" height=\"216\" srcset=\"https:\/\/sites.uel.br\/aintec\/wp-content\/uploads\/2022\/08\/epi-colorida-completa-4-1024x509.png 1024w, https:\/\/sites.uel.br\/aintec\/wp-content\/uploads\/2022\/08\/epi-colorida-completa-4-300x149.png 300w, https:\/\/sites.uel.br\/aintec\/wp-content\/uploads\/2022\/08\/epi-colorida-completa-4-768x382.png 768w, https:\/\/sites.uel.br\/aintec\/wp-content\/uploads\/2022\/08\/epi-colorida-completa-4-1536x763.png 1536w, https:\/\/sites.uel.br\/aintec\/wp-content\/uploads\/2022\/08\/epi-colorida-completa-4.png 1856w\" sizes=\"auto, (max-width: 435px) 100vw, 435px\" \/><\/figure>\n<\/div>\n\n<p>O Escrit\u00f3rio de Propriedade Intelectual da AINTEC oferece \u00e0 comunidade da UEL e \u00e0 comunidade externa (empresas, universidades, faculdades, institui\u00e7\u00f5es de ensino em geral, entidades empresariais e inventores independentes) servi\u00e7os relacionados \u00e0 propriedade intelectual, abrangendo as atividades:<\/p>\n<p>\u2022 Assessoria e consultoria em propriedade intelectual;<\/p>\n<p>\u2022 Busca de anterioridade em bases de patentes;<\/p>\n<p>\u2022 Reda\u00e7\u00e3o de patentes e an\u00e1lise de reda\u00e7\u00e3o;<\/p>\n<p>\u2022 Dep\u00f3sito de patentes;<\/p>\n<p>\u2022 Pedidos de registros de marcas, desenho industrial e programas de computador;<\/p>\n<p>\u2022 Prepara\u00e7\u00e3o da documenta\u00e7\u00e3o para pedidos de dep\u00f3sitos e registros;<\/p>\n<p>\u2022 Acompanhamento dos pedidos de prote\u00e7\u00e3o intelectual.<\/p>","protected":false},"excerpt":{"rendered":"<p>O Escrit\u00f3rio de Propriedade Intelectual da AINTEC oferece \u00e0 comunidade da UEL e \u00e0 comunidade externa (empresas, universidades, faculdades, institui\u00e7\u00f5es de ensino em geral, entidades empresariais e inventores independentes) servi\u00e7os relacionados \u00e0 propriedade intelectual, abrangendo as atividades: \u2022 Assessoria e consultoria em propriedade intelectual; \u2022 Busca de anterioridade em bases de patentes; \u2022 Reda\u00e7\u00e3o de [&hellip;]<\/p>\n","protected":false},"author":8,"featured_media":0,"parent":0,"menu_order":0,"comment_status":"closed","ping_status":"closed","template":"","meta":{"footnotes":""},"class_list":["post-346","page","type-page","status-publish","hentry"],"acf":[],"_links":{"self":[{"href":"https:\/\/sites.uel.br\/aintec\/wp-json\/wp\/v2\/pages\/346","targetHints":{"allow":["GET"]}}],"collection":[{"href":"https:\/\/sites.uel.br\/aintec\/wp-json\/wp\/v2\/pages"}],"about":[{"href":"https:\/\/sites.uel.br\/aintec\/wp-json\/wp\/v2\/types\/page"}],"author":[{"embeddable":true,"href":"https:\/\/sites.uel.br\/aintec\/wp-json\/wp\/v2\/users\/8"}],"replies":[{"embeddable":true,"href":"https:\/\/sites.uel.br\/aintec\/wp-json\/wp\/v2\/comments?post=346"}],"version-history":[{"count":8,"href":"https:\/\/sites.uel.br\/aintec\/wp-json\/wp\/v2\/pages\/346\/revisions"}],"predecessor-version":[{"id":649,"href":"https:\/\/sites.uel.br\/aintec\/wp-json\/wp\/v2\/pages\/346\/revisions\/649"}],"wp:attachment":[{"href":"https:\/\/sites.uel.br\/aintec\/wp-json\/wp\/v2\/media?parent=346"}],"curies":[{"name":"wp","href":"https:\/\/api.w.org\/{rel}","templated":true}]}}