{"id":345,"date":"2022-08-08T23:41:16","date_gmt":"2022-08-09T02:41:16","guid":{"rendered":"https:\/\/sites.uel.br\/aintec\/?page_id=345"},"modified":"2025-11-07T17:47:08","modified_gmt":"2025-11-07T20:47:08","slug":"formularios","status":"publish","type":"page","link":"https:\/\/sites.uel.br\/aintec\/formularios\/","title":{"rendered":"Formul\u00e1rios"},"content":{"rendered":"<div class=\"wp-block-image\">\n<figure class=\"aligncenter size-large is-resized\"><img loading=\"lazy\" decoding=\"async\" width=\"1024\" height=\"509\" src=\"https:\/\/sites.uel.br\/aintec\/wp-content\/uploads\/2022\/08\/epi-colorida-completa-3-1024x509.png\" alt=\"\" class=\"wp-image-378\" style=\"width:408px;height:203px\" srcset=\"https:\/\/sites.uel.br\/aintec\/wp-content\/uploads\/2022\/08\/epi-colorida-completa-3-1024x509.png 1024w, https:\/\/sites.uel.br\/aintec\/wp-content\/uploads\/2022\/08\/epi-colorida-completa-3-300x149.png 300w, https:\/\/sites.uel.br\/aintec\/wp-content\/uploads\/2022\/08\/epi-colorida-completa-3-768x382.png 768w, https:\/\/sites.uel.br\/aintec\/wp-content\/uploads\/2022\/08\/epi-colorida-completa-3-1536x763.png 1536w, https:\/\/sites.uel.br\/aintec\/wp-content\/uploads\/2022\/08\/epi-colorida-completa-3.png 1856w\" sizes=\"auto, (max-width: 1024px) 100vw, 1024px\" \/><\/figure>\n<\/div>\n\n<p>Os formul\u00e1rios desenvolvidos pelo EPI s\u00e3o instrumentos utilizados para notifica\u00e7\u00e3o, partindo do pesquisador, docente e\/ou discente da Universidade, referente a um novo pedido de registro em Propriedade Intelectual (P.I). O desenvolvimento destes formul\u00e1rios busca contemplar todas as \u00e1reas de desenvolvimento do projeto e tecnologia, seja referente a uma patente, desenho industrial e\/ou marca.<\/p>\n<p>A partir do formul\u00e1rio completo o EPI pode iniciar os tr\u00e2mites de avalia\u00e7\u00e3o e reda\u00e7\u00e3o do pedido de P.I em constante troca de informa\u00e7\u00f5es com os inventores.<\/p>\n<p>O processo de envio do formul\u00e1rio se d\u00e1 pelos seguintes passos:<\/p>\n<p style=\"padding-left: 40px\"><strong>I. <\/strong>Download do formul\u00e1rio no site da AINTEC;<\/p>\n<p style=\"padding-left: 40px\"><strong>II.<\/strong> Preenchimento do formul\u00e1rio destinado \u00e0 sua tecnologia (Marca, patente, desenho industrial ou programa de computador);<\/p>\n<p style=\"padding-left: 40px\"><strong>III.<\/strong> Envio deste formul\u00e1rio preenchido a AINTEC por meio do <a href=\"https:\/\/auth-cs.identidadedigital.pr.gov.br\/centralautenticacao\/login.html?response_type=code&amp;client_id=9188905e74c28e489b44e954ec0b9bca&amp;redirect_uri=https%3A%2F%2Fwww.eprotocolo.pr.gov.br%2Fspiweb&amp;scope=null&amp;state=1654092359416&amp;urlCert=https:\/\/certauth-cs.identidadedigital.pr.gov.br&amp;dnsCidadao=https:\/\/cidadao-cs.identidadedigital.pr.gov.br\/centralcidadao&amp;loginPadrao=btnCentral&amp;labelCentral=CPF,E-Mail,Login%20Sentinela&amp;modulosDeAutenticacao=btnSentinela,btnExpresso,btnCertificado,btnSms,btnCpf,btnToken,btnEmailToken,btnSanepar,btnEmail,btnCentral&amp;urlLogo=https%3A%2F%2Fwww.eprotocolo.pr.gov.br%2Fspiweb%2Fimages%2Flogo_eprotocolo.png&amp;acesso=2044&amp;tokenFormat=jwt&amp;exibirLinkAutoCadastro=true&amp;exibirLinkRecuperarSenha=true&amp;exibirLinkAutoCadastroCertificado=false&amp;captcha=false\" target=\"_blank\" rel=\"noopener\"><em>e-Protocolo<\/em><\/a>;<\/p>\n<p style=\"padding-left: 40px\"><strong>IV.<\/strong> A AINTEC receber\u00e1 o pedido oficial, e-Protocolo, e notificar\u00e1 o inventor principal sobre os andamentos e constru\u00e7\u00f5es que seguirem.<\/p>\n\n\n<p class=\"has-text-align-left\"><strong><em>Recomenda\u00e7\u00f5es Importantes para agilidade dos pedidos de dep\u00f3sito de patente junto ao INPI via E-protocolo<\/em> :<\/strong><\/p>\n\n\n\n<p class=\"has-text-align-center\"><a href=\"https:\/\/drive.google.com\/file\/d\/1edrVFHTKTfMr5dEopCy_cdPYNd0LmSHE\/view\" data-type=\"link\" data-id=\"https:\/\/drive.google.com\/file\/d\/1edrVFHTKTfMr5dEopCy_cdPYNd0LmSHE\/view\">RECOMENDA\u00c7\u00d5ES CLIQUE AQUI<\/a><\/p>\n\n\n\n<p><\/p>\n\n\n\n<p><\/p>\n\n\n\n<p class=\"has-text-align-center\"><strong>Estabelece procedimento para comunica\u00e7\u00e3o de inven\u00e7\u00e3o por parte da comunidade universit\u00e1ria e prazos.<\/strong><\/p>\n\n\n\n<div class=\"wp-block-file aligncenter\"><a id=\"wp-block-file--media-e11137ab-2812-4191-b60e-d67c13bf6515\" href=\"https:\/\/sites.uel.br\/aintec\/wp-content\/uploads\/2023\/05\/Instrucao-de-Servico-AINTEC-no-001-2023.pdf\">Instru\u00e7\u00e3o de Servi\u00e7o AINTEC N\u00ba 001\/2023<\/a><a href=\"https:\/\/sites.uel.br\/aintec\/wp-content\/uploads\/2023\/05\/Instrucao-de-Servico-AINTEC-no-001-2023.pdf\" class=\"wp-block-file__button wp-element-button\" download aria-describedby=\"wp-block-file--media-e11137ab-2812-4191-b60e-d67c13bf6515\">Baixar<\/a><\/div>\n\n\n\n<p class=\"has-text-align-center\"><strong>Comunidade Interna (UEL): <\/strong><\/p>\n\n\n\n<p class=\"has-text-align-center\"><strong>\u2022 Patentes:<\/strong><\/p>\n\n\n\n<div class=\"wp-block-group\"><div class=\"wp-block-group__inner-container is-layout-flow wp-block-group-is-layout-flow\">\n<div class=\"wp-block-file aligncenter\"><a id=\"wp-block-file--media-40ed4f96-97e9-49b8-970d-08334c982ba6\" href=\"https:\/\/sites.uel.br\/aintec\/wp-content\/uploads\/2023\/01\/FORMULARIO-DE-DECLARACAO-DE-INVENCAO-FDI-UEL-1-1.docx\" target=\"_blank\" rel=\"noreferrer noopener\">Formul\u00e1rio de Declara\u00e7\u00e3o de Inven\u00e7\u00e3o.<\/a><a href=\"https:\/\/sites.uel.br\/aintec\/wp-content\/uploads\/2023\/01\/FORMULARIO-DE-DECLARACAO-DE-INVENCAO-FDI-UEL-1-1.docx\" class=\"wp-block-file__button wp-element-button\" download aria-describedby=\"wp-block-file--media-40ed4f96-97e9-49b8-970d-08334c982ba6\">Baixar<\/a><\/div>\n<\/div><\/div>\n\n\n<p style=\"text-align: center\"><strong>\u2022 Marcas:<\/strong><\/p>\n\n\n<div class=\"wp-block-file aligncenter\"><a id=\"wp-block-file--media-76e434e0-3fd4-4211-ac35-f2651c5aaad5\" href=\"https:\/\/sites.uel.br\/aintec\/wp-content\/uploads\/2023\/04\/FORMULARIO-DE-DECLARACAO-DE-REGISTRO-DE-MARCA-FDR-1-3.docx\" target=\"_blank\" rel=\"noreferrer noopener\">Formul\u00e1rio de Declara\u00e7\u00e3o de Registro de Marca.<\/a><a href=\"https:\/\/sites.uel.br\/aintec\/wp-content\/uploads\/2023\/04\/FORMULARIO-DE-DECLARACAO-DE-REGISTRO-DE-MARCA-FDR-1-3.docx\" class=\"wp-block-file__button wp-element-button\" download aria-describedby=\"wp-block-file--media-76e434e0-3fd4-4211-ac35-f2651c5aaad5\">Baixar<\/a><\/div>\n\n\n<p style=\"text-align: center\"><strong>\u2022 Desenho Industrial:<\/strong><\/p>\n\n\n<div class=\"wp-block-file aligncenter\"><a id=\"wp-block-file--media-25d4384c-eead-44f3-b2d5-bc55a1916d7c\" href=\"https:\/\/sites.uel.br\/aintec\/wp-content\/uploads\/2023\/04\/FORMULARIO-DE-DECLARACAO-DE-REGISTRO-DESENHO-INDUSTRIAL-atualizado-1.docx\" target=\"_blank\" rel=\"noreferrer noopener\">Formul\u00e1rio de Declara\u00e7\u00e3o de Registro de Desenho Industrial.<\/a><a href=\"https:\/\/sites.uel.br\/aintec\/wp-content\/uploads\/2023\/04\/FORMULARIO-DE-DECLARACAO-DE-REGISTRO-DESENHO-INDUSTRIAL-atualizado-1.docx\" class=\"wp-block-file__button wp-element-button\" download aria-describedby=\"wp-block-file--media-25d4384c-eead-44f3-b2d5-bc55a1916d7c\">Baixar<\/a><\/div>\n\n\n<p style=\"text-align: center\"><strong>\u2022 Programa de Computador:<\/strong><\/p>\n\n\n<div class=\"wp-block-file aligncenter\"><a id=\"wp-block-file--media-402c74c4-f21e-44e5-8e6d-ec1db5ba5714\" href=\"https:\/\/sites.uel.br\/aintec\/wp-content\/uploads\/2023\/08\/FORMULARIO-DE-RPC-1-1.docx\">Formul\u00e1rio de Declara\u00e7\u00e3o de Registro de Programa de Computador.<\/a><a href=\"https:\/\/sites.uel.br\/aintec\/wp-content\/uploads\/2023\/08\/FORMULARIO-DE-RPC-1-1.docx\" class=\"wp-block-file__button wp-element-button\" download aria-describedby=\"wp-block-file--media-402c74c4-f21e-44e5-8e6d-ec1db5ba5714\">Baixar<\/a><\/div>\n\n\n\n<p><\/p>\n\n\n\n<p class=\"has-verde-claro-color has-text-color\">&#8230;<\/p>\n\n\n\n<p class=\"has-text-align-center\"><strong>Comunidade Externa:<\/strong><\/p>\n\n\n\n<p class=\"has-text-align-center\"><strong>\u2022<\/strong> <strong>Patentes:<\/strong><\/p>\n\n\n\n<div class=\"wp-block-file aligncenter\"><a id=\"wp-block-file--media-56ca1e37-b06f-49bc-999c-45751580bc54\" href=\"https:\/\/sites.uel.br\/aintec\/wp-content\/uploads\/2023\/10\/FORMULARIO-DE-DECLARACAO-DE-INVENCAO-FDI-UEL-1-1-7-1-1.docx\">Formul\u00e1rio de Declara\u00e7\u00e3o de Inven\u00e7\u00e3o.<\/a><a href=\"https:\/\/sites.uel.br\/aintec\/wp-content\/uploads\/2023\/10\/FORMULARIO-DE-DECLARACAO-DE-INVENCAO-FDI-UEL-1-1-7-1-1.docx\" class=\"wp-block-file__button wp-element-button\" download aria-describedby=\"wp-block-file--media-56ca1e37-b06f-49bc-999c-45751580bc54\">Baixar<\/a><\/div>\n\n\n\n<p class=\"has-text-align-center\"><strong>\u2022<\/strong> <strong>Marcas:<\/strong><\/p>\n\n\n\n<div class=\"wp-block-file aligncenter\"><a id=\"wp-block-file--media-ac4b4841-6bb8-44ce-82a5-a1dba3c5cca4\" href=\"https:\/\/sites.uel.br\/aintec\/wp-content\/uploads\/2023\/10\/FORMULARIO-DE-DECLARACAO-DE-REGISTRO-DE-MARCA-FDR-1-3-3-1-5.docx\">Formul\u00e1rio de Declara\u00e7\u00e3o de Registro de Marca.<\/a><a href=\"https:\/\/sites.uel.br\/aintec\/wp-content\/uploads\/2023\/10\/FORMULARIO-DE-DECLARACAO-DE-REGISTRO-DE-MARCA-FDR-1-3-3-1-5.docx\" class=\"wp-block-file__button wp-element-button\" download aria-describedby=\"wp-block-file--media-ac4b4841-6bb8-44ce-82a5-a1dba3c5cca4\">Baixar<\/a><\/div>\n\n\n\n<p class=\"has-text-align-center\"><strong>\u2022<\/strong> <strong>Desenho Industrial<\/strong>:<\/p>\n\n\n\n<div class=\"wp-block-file aligncenter\"><a id=\"wp-block-file--media-b52c8c07-5157-4096-8443-9b1a2c4a74d7\" href=\"https:\/\/sites.uel.br\/aintec\/wp-content\/uploads\/2023\/10\/FORMULARIO-DE-DECLARACAO-DE-REGISTRO-DESENHO-INDUSTRIAL-atualizado-1-1-1.docx\">Formul\u00e1rio de Declara\u00e7\u00e3o de Registro de Desenho Industrial.<\/a><a href=\"https:\/\/sites.uel.br\/aintec\/wp-content\/uploads\/2023\/10\/FORMULARIO-DE-DECLARACAO-DE-REGISTRO-DESENHO-INDUSTRIAL-atualizado-1-1-1.docx\" class=\"wp-block-file__button wp-element-button\" download aria-describedby=\"wp-block-file--media-b52c8c07-5157-4096-8443-9b1a2c4a74d7\">Baixar<\/a><\/div>\n\n\n\n<p class=\"has-text-align-center\"><strong>\u2022<\/strong> <strong>Programa de Computador:<\/strong><\/p>\n\n\n\n<div class=\"wp-block-file aligncenter\"><a id=\"wp-block-file--media-4c8a8c13-6062-4ca2-b25b-e61a972d4079\" href=\"https:\/\/sites.uel.br\/aintec\/wp-content\/uploads\/2023\/10\/FORMULARIO-DE-RPC-1-1-1.docx\">Formul\u00e1rio de Declara\u00e7\u00e3o de Registro de Programa de Computador.<\/a><a href=\"https:\/\/sites.uel.br\/aintec\/wp-content\/uploads\/2023\/10\/FORMULARIO-DE-RPC-1-1-1.docx\" class=\"wp-block-file__button wp-element-button\" download aria-describedby=\"wp-block-file--media-4c8a8c13-6062-4ca2-b25b-e61a972d4079\">Baixar<\/a><\/div>\n","protected":false},"excerpt":{"rendered":"<p>Os formul\u00e1rios desenvolvidos pelo EPI s\u00e3o instrumentos utilizados para notifica\u00e7\u00e3o, partindo do pesquisador, docente e\/ou discente da Universidade, referente a um novo pedido de registro em Propriedade Intelectual (P.I). O desenvolvimento destes formul\u00e1rios busca contemplar todas as \u00e1reas de desenvolvimento do projeto e tecnologia, seja referente a uma patente, desenho industrial e\/ou marca. A partir [&hellip;]<\/p>\n","protected":false},"author":8,"featured_media":0,"parent":0,"menu_order":0,"comment_status":"closed","ping_status":"closed","template":"","meta":{"footnotes":""},"class_list":["post-345","page","type-page","status-publish","hentry"],"acf":[],"_links":{"self":[{"href":"https:\/\/sites.uel.br\/aintec\/wp-json\/wp\/v2\/pages\/345","targetHints":{"allow":["GET"]}}],"collection":[{"href":"https:\/\/sites.uel.br\/aintec\/wp-json\/wp\/v2\/pages"}],"about":[{"href":"https:\/\/sites.uel.br\/aintec\/wp-json\/wp\/v2\/types\/page"}],"author":[{"embeddable":true,"href":"https:\/\/sites.uel.br\/aintec\/wp-json\/wp\/v2\/users\/8"}],"replies":[{"embeddable":true,"href":"https:\/\/sites.uel.br\/aintec\/wp-json\/wp\/v2\/comments?post=345"}],"version-history":[{"count":34,"href":"https:\/\/sites.uel.br\/aintec\/wp-json\/wp\/v2\/pages\/345\/revisions"}],"predecessor-version":[{"id":3413,"href":"https:\/\/sites.uel.br\/aintec\/wp-json\/wp\/v2\/pages\/345\/revisions\/3413"}],"wp:attachment":[{"href":"https:\/\/sites.uel.br\/aintec\/wp-json\/wp\/v2\/media?parent=345"}],"curies":[{"name":"wp","href":"https:\/\/api.w.org\/{rel}","templated":true}]}}