{"id":343,"date":"2022-08-08T23:41:16","date_gmt":"2022-08-09T02:41:16","guid":{"rendered":"https:\/\/sites.uel.br\/aintec\/?page_id=343"},"modified":"2022-08-09T10:03:30","modified_gmt":"2022-08-09T13:03:30","slug":"patentes","status":"publish","type":"page","link":"https:\/\/sites.uel.br\/aintec\/patentes\/","title":{"rendered":"Patentes"},"content":{"rendered":"<div class=\"wp-block-image\">\n<figure class=\"aligncenter size-large is-resized\"><img loading=\"lazy\" decoding=\"async\" src=\"https:\/\/sites.uel.br\/aintec\/wp-content\/uploads\/2022\/08\/epi-colorida-completa-1-1024x509.png\" alt=\"\" class=\"wp-image-367\" width=\"409\" height=\"203\" srcset=\"https:\/\/sites.uel.br\/aintec\/wp-content\/uploads\/2022\/08\/epi-colorida-completa-1-1024x509.png 1024w, https:\/\/sites.uel.br\/aintec\/wp-content\/uploads\/2022\/08\/epi-colorida-completa-1-300x149.png 300w, https:\/\/sites.uel.br\/aintec\/wp-content\/uploads\/2022\/08\/epi-colorida-completa-1-768x382.png 768w, https:\/\/sites.uel.br\/aintec\/wp-content\/uploads\/2022\/08\/epi-colorida-completa-1-1536x763.png 1536w, https:\/\/sites.uel.br\/aintec\/wp-content\/uploads\/2022\/08\/epi-colorida-completa-1.png 1856w\" sizes=\"auto, (max-width: 409px) 100vw, 409px\" \/><\/figure>\n<\/div>\n\n\n<p>Patente \u00e9 o direito, concedido a um inventor ou titular pelo Instituto Nacional da Propriedade Industrial (INPI), que oferece o uso exclusivo de uma inven\u00e7\u00e3o por um per\u00edodo limitado. O prazo m\u00e1ximo de prote\u00e7\u00e3o \u00e9 de 20 anos em patentes de inven\u00e7\u00e3o e de 15 anos nas patentes de modelos de utilidade.<\/p>\n\n\n\n<p>Para ser patenteada, a cria\u00e7\u00e3o deve atender tr\u00eas requisitos: novidade (n\u00e3o est\u00e1 descrita ou n\u00e3o existe no estado da t\u00e9cnica\/arte), n\u00e3o ser uma solu\u00e7\u00e3o tecnol\u00f3gica \u00f3bvia para um t\u00e9cnico no assunto (Atividade inventiva)e ter aplica\u00e7\u00e3o industrial (poder ser usado na ind\u00fastria ou atividade produtiva).&nbsp;<\/p>\n\n\n\n<p><em>A patente, uma categoria de propriedade industrial, \u00e9 um direito, conferido pelo Estado, que d\u00e1 ao seu titular a exclusividade da explora\u00e7\u00e3o de uma tecnologia desde que esta preencha os requisitos de novidade, atividade inventiva e aplica\u00e7\u00e3o industrial.<\/em><\/p>\n\n\n\n<p>No \u00e2mbito das patentes, suas subdivis\u00f5es s\u00e3o:<\/p>\n\n\n\n<p>\u2022 <em>De inven\u00e7\u00e3o (PI): <\/em>Concep\u00e7\u00e3o resultante do exerc\u00edcio da capacidade de cria\u00e7\u00e3o de seu inventor, que represente uma solu\u00e7\u00e3o para um problema t\u00e9cnico explanado no estado da t\u00e9cnica, dentro de um determinado campo tecnol\u00f3gico e que possa ser utilizada industrialmente;<\/p>\n\n\n\n<p>\u2022 <em>Modelo de utilidade (MU<\/em>): \u00c9 o objeto de uso pr\u00e1tico passivo de aplica\u00e7\u00e3o industrial, por meio de um novo formato que resulta melhores condi\u00e7\u00f5es de uso ou fabrica\u00e7\u00e3o. <strong>N\u00e3o h\u00e1 propriamente uma inven\u00e7\u00e3o<\/strong>, mas sim um acr\u00e9scimo na utilidade de uma ferramenta, instrumento de trabalho ou utens\u00edlio, pela a\u00e7\u00e3o da <strong>novidade parcial agregada.<\/strong><\/p>\n\n\n\n<p>\u2022 <em>Certificado de adi\u00e7\u00e3o de inven\u00e7\u00e3o (C<\/em>): trata-se de um aperfei\u00e7oamento ou desenvolvimento introduzido no objeto de determinada inven\u00e7\u00e3o;<\/p>\n\n\n\n<p>\u2022 <strong>Mat\u00e9rias n\u00e3o patente\u00e1veis:<\/strong><\/p>\n\n\n\n<p>Conforme o artigo 18 da LPI,&nbsp;<em>n\u00e3o s\u00e3o patente\u00e1veis<\/em>:<\/p>\n\n\n\n<p>I \u2013 O que for contr\u00e1rio a moral, aos bons costumes e \u00e0 seguran\u00e7a, \u00e0 ordem e \u00e0 sa\u00fade p\u00fablicas.<\/p>\n\n\n\n<p>II \u2013 As subst\u00e2ncias, mat\u00e9rias, misturas, elementos ou produtos de qualquer esp\u00e9cie, bem como a modifica\u00e7\u00e3o de suas propriedades f\u00edsico-qu\u00edmicas e os respectivos processos de obten\u00e7\u00e3o ou modifica\u00e7\u00e3o, quando resultantes de transforma\u00e7\u00e3o do n\u00facleo at\u00f4mico; e<\/p>\n\n\n\n<p>III \u2013 O todo ou parte dos seres vivos, exceto os microrganismos transg\u00eanicos que atendam aos tr\u00eas requisitos de patenteabilidade \u2013 novidade, atividade inventiva e aplica\u00e7\u00e3o industrial \u2013 previstos no artigo 8 e que n\u00e3o sejam mera descoberta.<\/p>\n\n\n\n<p><em><u>Par\u00e1grafo \u00danico<\/u><\/em><\/p>\n\n\n\n<p><em>Para fins desta Lei, microrganismos transg\u00eanicos, s\u00e3o organismos, exceto o todo ou parte de plantas ou de animais, que expressem, mediante interven\u00e7\u00e3o humana direta em sua composi\u00e7\u00e3o gen\u00e9tica, uma caracter\u00edstica normalmente n\u00e3o alcan\u00e7\u00e1vel pela esp\u00e9cie em condi\u00e7\u00f5es naturais.&nbsp;&nbsp;<\/em><\/p>\n\n\n\n<p>Al\u00e9m dos tr\u00eas requisitos imprescind\u00edveis para a concess\u00e3o da patente h\u00e1 na Lei Brasileira de Propriedade Industrial, no Artigo 10, a men\u00e7\u00e3o a algumas cria\u00e7\u00f5es que n\u00e3o s\u00e3o consideradas inven\u00e7\u00e3o, ou seja, para estas n\u00e3o seria poss\u00edvel o pedido de patente. A prote\u00e7\u00e3o poder\u00e1 ser obtida por outras formas existentes, algumas registr\u00e1veis, outras n\u00e3o, conforme o exposto a seguir:<\/p>\n\n\n\n<p>\u2022 <strong>O que n\u00e3o se considera inven\u00e7\u00e3o nem modelo de utilidade:<\/strong><\/p>\n\n\n\n<p>De acordo com o artigo 10 da LPI:<\/p>\n\n\n\n<p>I \u2013 descobertas, teorias cient\u00edficas e m\u00e9todos matem\u00e1ticos;<\/p>\n\n\n\n<p>II \u2013 concep\u00e7\u00f5es puramente abstratas;<\/p>\n\n\n\n<p>II \u2013 esquemas, planos, princ\u00edpios ou m\u00e9todos comerciais, cont\u00e1beis, financeiros, educativos, publicit\u00e1rios, de sorteio e de fiscaliza\u00e7\u00e3o;<\/p>\n\n\n\n<p>IV \u2013 as obras liter\u00e1rias, arquitet\u00f4nicas, art\u00edsticas e cient\u00edficas ou qualquer cria\u00e7\u00e3o est\u00e9tica;<\/p>\n\n\n\n<p>V \u2013 programas de computador em si;<\/p>\n\n\n\n<p>VI \u2013 apresenta\u00e7\u00e3o de informa\u00e7\u00f5es;<\/p>\n\n\n\n<p>VII \u2013 regras de jogo;<\/p>\n\n\n\n<p>VIII \u2013 t\u00e9cnicas e m\u00e9todos operat\u00f3rios ou cir\u00fargicos, bem como os m\u00e9todos terap\u00eauticos ou de diagn\u00f3stico, para aplica\u00e7\u00e3o no corpo humano ou animal;<\/p>\n\n\n\n<p>IX \u2013 o todo ou parte de seres vivos naturais e materiais biol\u00f3gicos encontrados na natureza, ou ainda que dela isolados, inclusive o genoma ou germoplasma de qualquer ser vivo natural e os processos biol\u00f3gicos naturais.<\/p>\n","protected":false},"excerpt":{"rendered":"<p>Patente \u00e9 o direito, concedido a um inventor ou titular pelo Instituto Nacional da Propriedade Industrial (INPI), que oferece o uso exclusivo de uma inven\u00e7\u00e3o por um per\u00edodo limitado. O prazo m\u00e1ximo de prote\u00e7\u00e3o \u00e9 de 20 anos em patentes de inven\u00e7\u00e3o e de 15 anos nas patentes de modelos de utilidade. Para ser patenteada, [&hellip;]<\/p>\n","protected":false},"author":8,"featured_media":0,"parent":0,"menu_order":0,"comment_status":"closed","ping_status":"closed","template":"","meta":{"footnotes":""},"class_list":["post-343","page","type-page","status-publish","hentry"],"acf":[],"_links":{"self":[{"href":"https:\/\/sites.uel.br\/aintec\/wp-json\/wp\/v2\/pages\/343","targetHints":{"allow":["GET"]}}],"collection":[{"href":"https:\/\/sites.uel.br\/aintec\/wp-json\/wp\/v2\/pages"}],"about":[{"href":"https:\/\/sites.uel.br\/aintec\/wp-json\/wp\/v2\/types\/page"}],"author":[{"embeddable":true,"href":"https:\/\/sites.uel.br\/aintec\/wp-json\/wp\/v2\/users\/8"}],"replies":[{"embeddable":true,"href":"https:\/\/sites.uel.br\/aintec\/wp-json\/wp\/v2\/comments?post=343"}],"version-history":[{"count":9,"href":"https:\/\/sites.uel.br\/aintec\/wp-json\/wp\/v2\/pages\/343\/revisions"}],"predecessor-version":[{"id":433,"href":"https:\/\/sites.uel.br\/aintec\/wp-json\/wp\/v2\/pages\/343\/revisions\/433"}],"wp:attachment":[{"href":"https:\/\/sites.uel.br\/aintec\/wp-json\/wp\/v2\/media?parent=343"}],"curies":[{"name":"wp","href":"https:\/\/api.w.org\/{rel}","templated":true}]}}