{"id":3137,"date":"2025-08-06T14:30:52","date_gmt":"2025-08-06T17:30:52","guid":{"rendered":"https:\/\/sites.uel.br\/aintec\/?page_id=3137"},"modified":"2025-08-06T15:48:55","modified_gmt":"2025-08-06T18:48:55","slug":"instrumentos-referenciais","status":"publish","type":"page","link":"https:\/\/sites.uel.br\/aintec\/instrumentos-referenciais\/","title":{"rendered":"Instrumentos Referenciais"},"content":{"rendered":"\n<p><\/p>\n\n\n\n<p>Instrumento Referencial para celebra\u00e7\u00e3o de Protocolo de Inten\u00e7\u00f5es com pessoas jur\u00eddicas p\u00fablicas ou privadas com fulcro na Lei Estadual n. 20.541\/2021;<\/p>\n\n\n\n<p><a href=\"https:\/\/drive.google.com\/file\/d\/1Xw9q2soKeHexg9iTdG3eaMtGmnUqvzKH\/view\" data-type=\"link\" data-id=\"https:\/\/drive.google.com\/file\/d\/1Xw9q2soKeHexg9iTdG3eaMtGmnUqvzKH\/view\" target=\"_blank\" rel=\"noreferrer noopener\">Parecer Referencial N\u00ba 06\/2024 \u2013 PJU\/UEL<\/a><\/p>\n\n\n\n<p><a href=\"https:\/\/drive.google.com\/file\/d\/1zPcu1EEbTemCVJrHpqkFhc1byibi2f9i\/view\" data-type=\"link\" data-id=\"https:\/\/drive.google.com\/file\/d\/18oUsPN7tlvyDjPn2CgHWkleqrEhmh9eg\/view\" target=\"_blank\" rel=\"noreferrer noopener\">Despacho Decis\u00f3rio n\u00ba 007\/2025 \u2013 PJU\/UEL<\/a><\/p>\n\n\n\n<p><a href=\"https:\/\/drive.google.com\/file\/d\/1IHhOHiWtFtT9HjkKwvABfGD4gJwBimiL\/view\" data-type=\"link\" data-id=\"https:\/\/drive.google.com\/file\/d\/1IHhOHiWtFtT9HjkKwvABfGD4gJwBimiL\/view\" target=\"_blank\" rel=\"noreferrer noopener\">Publica\u00e7\u00e3o em Di\u00e1rio Oficial do Paran\u00e1<\/a><\/p>\n\n\n\n<div style=\"height:45px\" aria-hidden=\"true\" class=\"wp-block-spacer\"><\/div>\n\n\n\n<p>Instrumento Referencial para padroniza\u00e7\u00e3o das minutas dos instrumentos jur\u00eddicos utilizados para celebra\u00e7\u00e3o de Contrato de Confidencialidade e\/ou Sigilo;<\/p>\n\n\n\n<p><a href=\"https:\/\/drive.google.com\/file\/d\/18PHkfvJm9vdh2GbTxlWFZxxmn8nzsWQX\/view\" data-type=\"link\" data-id=\"https:\/\/drive.google.com\/file\/d\/18PHkfvJm9vdh2GbTxlWFZxxmn8nzsWQX\/view\" target=\"_blank\" rel=\"noreferrer noopener\">Parecer Referencial n\u00ba 002\/2025 \u2013 PJU\/UEL<\/a><\/p>\n\n\n\n<p><a href=\"https:\/\/drive.google.com\/file\/d\/18oUsPN7tlvyDjPn2CgHWkleqrEhmh9eg\/view\" data-type=\"link\" data-id=\"https:\/\/drive.google.com\/file\/d\/18oUsPN7tlvyDjPn2CgHWkleqrEhmh9eg\/view\" target=\"_blank\" rel=\"noreferrer noopener\">Despacho Decis\u00f3rio n\u00ba 008\/2025 \u2013 PJU\/UEL<\/a><\/p>\n\n\n\n<p><a href=\"https:\/\/drive.google.com\/file\/d\/1IHhOHiWtFtT9HjkKwvABfGD4gJwBimiL\/view\" data-type=\"link\" data-id=\"https:\/\/drive.google.com\/file\/d\/1IHhOHiWtFtT9HjkKwvABfGD4gJwBimiL\/view\" target=\"_blank\" rel=\"noreferrer noopener\">Publica\u00e7\u00e3o em Di\u00e1rio Oficial do Paran\u00e1<\/a><\/p>\n\n\n\n<p><\/p>\n","protected":false},"excerpt":{"rendered":"<p>Instrumento Referencial para celebra\u00e7\u00e3o de Protocolo de Inten\u00e7\u00f5es com pessoas jur\u00eddicas p\u00fablicas ou privadas com fulcro na Lei Estadual n. 20.541\/2021; Parecer Referencial N\u00ba 06\/2024 \u2013 PJU\/UEL Despacho Decis\u00f3rio n\u00ba 007\/2025 \u2013 PJU\/UEL Publica\u00e7\u00e3o em Di\u00e1rio Oficial do Paran\u00e1 Instrumento Referencial para padroniza\u00e7\u00e3o das minutas dos instrumentos jur\u00eddicos utilizados para celebra\u00e7\u00e3o de Contrato de Confidencialidade [&hellip;]<\/p>\n","protected":false},"author":15,"featured_media":0,"parent":0,"menu_order":0,"comment_status":"closed","ping_status":"closed","template":"","meta":{"footnotes":""},"class_list":["post-3137","page","type-page","status-publish","hentry"],"acf":[],"_links":{"self":[{"href":"https:\/\/sites.uel.br\/aintec\/wp-json\/wp\/v2\/pages\/3137","targetHints":{"allow":["GET"]}}],"collection":[{"href":"https:\/\/sites.uel.br\/aintec\/wp-json\/wp\/v2\/pages"}],"about":[{"href":"https:\/\/sites.uel.br\/aintec\/wp-json\/wp\/v2\/types\/page"}],"author":[{"embeddable":true,"href":"https:\/\/sites.uel.br\/aintec\/wp-json\/wp\/v2\/users\/15"}],"replies":[{"embeddable":true,"href":"https:\/\/sites.uel.br\/aintec\/wp-json\/wp\/v2\/comments?post=3137"}],"version-history":[{"count":9,"href":"https:\/\/sites.uel.br\/aintec\/wp-json\/wp\/v2\/pages\/3137\/revisions"}],"predecessor-version":[{"id":3149,"href":"https:\/\/sites.uel.br\/aintec\/wp-json\/wp\/v2\/pages\/3137\/revisions\/3149"}],"wp:attachment":[{"href":"https:\/\/sites.uel.br\/aintec\/wp-json\/wp\/v2\/media?parent=3137"}],"curies":[{"name":"wp","href":"https:\/\/api.w.org\/{rel}","templated":true}]}}