{"id":22,"date":"2022-04-19T15:51:53","date_gmt":"2022-04-19T18:51:53","guid":{"rendered":"https:\/\/sites.uel.br\/aintec\/?page_id=22"},"modified":"2022-10-04T15:17:22","modified_gmt":"2022-10-04T18:17:22","slug":"intuel","status":"publish","type":"page","link":"https:\/\/sites.uel.br\/aintec\/intuel\/","title":{"rendered":""},"content":{"rendered":"<div class=\"wp-block-image is-style-default\">\n<figure class=\"aligncenter size-large is-resized\"><img loading=\"lazy\" decoding=\"async\" src=\"https:\/\/sites.uel.br\/aintec\/wp-content\/uploads\/2022\/07\/intuel-colorida-completa-1024x381.png\" alt=\"\" class=\"wp-image-109\" width=\"651\" height=\"240\"\/><\/figure>\n<\/div>\n\n\n<p>A Incubadora Internacional de Empresas de Base Tecnol\u00f3gica da UEL (INTUEL) tem como objetivo principal apoiar projetos e empreendimentos de base tecnol\u00f3gica, visando \u00e0 cria\u00e7\u00e3o de empresas inovadoras e sustent\u00e1veis. <strong>A miss\u00e3o da incubadora \u00e9 fomentar o empreendedorismo inovador e para isso disponibiliza uma s\u00e9rie de benef\u00edcios voltados aos pequenos neg\u00f3cios.<\/strong><\/p>\n\n\n\n<p>Desde sua cria\u00e7\u00e3o j\u00e1 foram mais de 130 empresas que passaram pelo processo de incuba\u00e7\u00e3o que, juntas, representam um n\u00famero significativo de empreendimentos do setor de Tecnologia da Informa\u00e7\u00e3o e Comunica\u00e7\u00e3o de Londrina. Al\u00e9m disso, em 2011, a Incubadora recebeu o Pr\u00eamio Incentivo de Empreendedorismo Inovador, concedido pelo Centro Internacional de Inova\u00e7\u00e3o (C2i) do Sistema FIEP.<\/p>\n\n\n\n<p>As a\u00e7\u00f5es de destaque desenvolvidas pela INTUEL levaram a Incubadora a ser selecionada entre um grupo seleto de incubadoras de todo o pa\u00eds para participar do programa Centro de Refer\u00eancia para Apoio a Empreendimentos (CERNE) que possibilita a cria\u00e7\u00e3o de gest\u00e3o da qualidade nos processos de incuba\u00e7\u00e3o. A iniciativa \u00e9 desenvolvida pelo SEBRAE Nacional e pela Associa\u00e7\u00e3o Nacional de Entidades Promotoras de Empreendimentos Inovadores (Anprotec).<\/p>\n\n\n\n<p>Outra conquista da incubadora foi ser reconhecida como a 2\u00aa melhor do Paran\u00e1 no ranking UBI Benchmark 2017-2018, estudo sueco que avalia incubadoras e aceleradoras ligadas a institui\u00e7\u00f5es de ensino de todo o mundo.<\/p>\n\n\n\n<div class=\"wp-block-group\"><div class=\"wp-block-group__inner-container is-layout-flow wp-block-group-is-layout-flow\">\n<div class=\"wp-block-columns is-layout-flex wp-container-core-columns-is-layout-9d6595d7 wp-block-columns-is-layout-flex\">\n<div class=\"wp-block-column is-layout-flow wp-block-column-is-layout-flow\" style=\"flex-basis:100%\"><\/div>\n<\/div>\n<\/div><\/div>\n","protected":false},"excerpt":{"rendered":"<p>A Incubadora Internacional de Empresas de Base Tecnol\u00f3gica da UEL (INTUEL) tem como objetivo principal apoiar projetos e empreendimentos de base tecnol\u00f3gica, visando \u00e0 cria\u00e7\u00e3o de empresas inovadoras e sustent\u00e1veis. A miss\u00e3o da incubadora \u00e9 fomentar o empreendedorismo inovador e para isso disponibiliza uma s\u00e9rie de benef\u00edcios voltados aos pequenos neg\u00f3cios. Desde sua cria\u00e7\u00e3o j\u00e1 [&hellip;]<\/p>\n","protected":false},"author":4,"featured_media":0,"parent":0,"menu_order":0,"comment_status":"closed","ping_status":"closed","template":"","meta":{"footnotes":""},"class_list":["post-22","page","type-page","status-publish","hentry"],"acf":[],"_links":{"self":[{"href":"https:\/\/sites.uel.br\/aintec\/wp-json\/wp\/v2\/pages\/22","targetHints":{"allow":["GET"]}}],"collection":[{"href":"https:\/\/sites.uel.br\/aintec\/wp-json\/wp\/v2\/pages"}],"about":[{"href":"https:\/\/sites.uel.br\/aintec\/wp-json\/wp\/v2\/types\/page"}],"author":[{"embeddable":true,"href":"https:\/\/sites.uel.br\/aintec\/wp-json\/wp\/v2\/users\/4"}],"replies":[{"embeddable":true,"href":"https:\/\/sites.uel.br\/aintec\/wp-json\/wp\/v2\/comments?post=22"}],"version-history":[{"count":8,"href":"https:\/\/sites.uel.br\/aintec\/wp-json\/wp\/v2\/pages\/22\/revisions"}],"predecessor-version":[{"id":981,"href":"https:\/\/sites.uel.br\/aintec\/wp-json\/wp\/v2\/pages\/22\/revisions\/981"}],"wp:attachment":[{"href":"https:\/\/sites.uel.br\/aintec\/wp-json\/wp\/v2\/media?parent=22"}],"curies":[{"name":"wp","href":"https:\/\/api.w.org\/{rel}","templated":true}]}}