{"id":213,"date":"2022-07-28T20:33:27","date_gmt":"2022-07-28T23:33:27","guid":{"rendered":"https:\/\/sites.uel.br\/aintec\/?page_id=213"},"modified":"2022-08-18T11:50:47","modified_gmt":"2022-08-18T14:50:47","slug":"quem-somos-2","status":"publish","type":"page","link":"https:\/\/sites.uel.br\/aintec\/quem-somos-2\/","title":{"rendered":""},"content":{"rendered":"<div class=\"wp-block-image\">\n<figure class=\"aligncenter size-large is-resized\"><img loading=\"lazy\" decoding=\"async\" src=\"https:\/\/sites.uel.br\/aintec\/wp-content\/uploads\/2022\/07\/ett-colorida-completa-1-1024x509.png\" alt=\"\" class=\"wp-image-192\" width=\"453\" height=\"225\" srcset=\"https:\/\/sites.uel.br\/aintec\/wp-content\/uploads\/2022\/07\/ett-colorida-completa-1-1024x509.png 1024w, https:\/\/sites.uel.br\/aintec\/wp-content\/uploads\/2022\/07\/ett-colorida-completa-1-300x149.png 300w, https:\/\/sites.uel.br\/aintec\/wp-content\/uploads\/2022\/07\/ett-colorida-completa-1-768x382.png 768w, https:\/\/sites.uel.br\/aintec\/wp-content\/uploads\/2022\/07\/ett-colorida-completa-1-1536x763.png 1536w, https:\/\/sites.uel.br\/aintec\/wp-content\/uploads\/2022\/07\/ett-colorida-completa-1.png 1856w\" sizes=\"auto, (max-width: 453px) 100vw, 453px\" \/><\/figure>\n<\/div>\n\n\n<p class=\"has-text-align-left\"><\/p>\n\n\n<p>O Escrit\u00f3rio de Transfer\u00eancia de Tecnologia desenvolve a\u00e7\u00f5es para transfer\u00eancia do conhecimento e das tecnologias geradas na UEL para o setor produtivo e para a sociedade. Atua tamb\u00e9m na gest\u00e3o das demandas externas por servi\u00e7os tecnol\u00f3gicos, atendendo empresas e empreendedores que buscam na UEL solu\u00e7\u00f5es para seus desafios tecnol\u00f3gicos.<\/p>\n<p><strong>Objetivos:<\/strong><\/p>\n<p style=\"padding-left: 40px\">\u2022 Ampliar as possibilidades de a\u00e7\u00f5es para a transfer\u00eancia de tecnologia;<\/p>\n<p style=\"padding-left: 40px\">\u2022 Criar mecanismos padr\u00e3o de estrutura\u00e7\u00e3o para as a\u00e7\u00f5es de transfer\u00eancia de tecnologia;<\/p>\n<p style=\"padding-left: 40px\">\u2022 Conhecer em outras institui\u00e7\u00f5es casos de sucesso em transfer\u00eancia de tecnologia para que seja poss\u00edvel criar um modelo da UEL;<\/p>\n<p style=\"padding-left: 40px\">\u2022 Dar visibilidade as tecnologias que est\u00e3o dispon\u00edveis a partir de patentes;<\/p>\n<p style=\"padding-left: 40px\">\u2022 Dar visibilidade aos servi\u00e7os tecnol\u00f3gicos prestados pela UEL;<\/p>\n<p style=\"padding-left: 40px\">\u2022 Ampliar a rede de relacionamento com o setor produtivo;<\/p>\n<p style=\"padding-left: 40px\">\u2022 Dar capilaridade as atividades da AINTEC relacionadas \u00e0 transfer\u00eancia de tecnologia na UEL;<\/p>\n<p style=\"padding-left: 40px\">\u2022 Ampliar o n\u00famero de professores parceiros em projetos de transfer\u00eancia de tecnologia.<\/p>","protected":false},"excerpt":{"rendered":"<p>O Escrit\u00f3rio de Transfer\u00eancia de Tecnologia desenvolve a\u00e7\u00f5es para transfer\u00eancia do conhecimento e das tecnologias geradas na UEL para o setor produtivo e para a sociedade. Atua tamb\u00e9m na gest\u00e3o das demandas externas por servi\u00e7os tecnol\u00f3gicos, atendendo empresas e empreendedores que buscam na UEL solu\u00e7\u00f5es para seus desafios tecnol\u00f3gicos. Objetivos: \u2022 Ampliar as possibilidades de [&hellip;]<\/p>\n","protected":false},"author":8,"featured_media":0,"parent":0,"menu_order":0,"comment_status":"closed","ping_status":"closed","template":"","meta":{"footnotes":""},"class_list":["post-213","page","type-page","status-publish","hentry"],"acf":[],"_links":{"self":[{"href":"https:\/\/sites.uel.br\/aintec\/wp-json\/wp\/v2\/pages\/213","targetHints":{"allow":["GET"]}}],"collection":[{"href":"https:\/\/sites.uel.br\/aintec\/wp-json\/wp\/v2\/pages"}],"about":[{"href":"https:\/\/sites.uel.br\/aintec\/wp-json\/wp\/v2\/types\/page"}],"author":[{"embeddable":true,"href":"https:\/\/sites.uel.br\/aintec\/wp-json\/wp\/v2\/users\/8"}],"replies":[{"embeddable":true,"href":"https:\/\/sites.uel.br\/aintec\/wp-json\/wp\/v2\/comments?post=213"}],"version-history":[{"count":9,"href":"https:\/\/sites.uel.br\/aintec\/wp-json\/wp\/v2\/pages\/213\/revisions"}],"predecessor-version":[{"id":224,"href":"https:\/\/sites.uel.br\/aintec\/wp-json\/wp\/v2\/pages\/213\/revisions\/224"}],"wp:attachment":[{"href":"https:\/\/sites.uel.br\/aintec\/wp-json\/wp\/v2\/media?parent=213"}],"curies":[{"name":"wp","href":"https:\/\/api.w.org\/{rel}","templated":true}]}}