{"id":194,"date":"2022-07-28T20:03:55","date_gmt":"2022-07-28T23:03:55","guid":{"rendered":"https:\/\/sites.uel.br\/aintec\/?page_id=194"},"modified":"2023-08-30T16:10:02","modified_gmt":"2023-08-30T19:10:02","slug":"uel-e-sociedade","status":"publish","type":"page","link":"https:\/\/sites.uel.br\/aintec\/uel-e-sociedade\/","title":{"rendered":"Transfer\u00eancia de Tecnologia para a Sociedade"},"content":{"rendered":"\n<figure class=\"wp-block-image size-full\"><img loading=\"lazy\" decoding=\"async\" width=\"925\" height=\"267\" src=\"https:\/\/sites.uel.br\/aintec\/wp-content\/uploads\/2023\/05\/tt.jpg\" alt=\"\" class=\"wp-image-1838\" srcset=\"https:\/\/sites.uel.br\/aintec\/wp-content\/uploads\/2023\/05\/tt.jpg 925w, https:\/\/sites.uel.br\/aintec\/wp-content\/uploads\/2023\/05\/tt-300x87.jpg 300w, https:\/\/sites.uel.br\/aintec\/wp-content\/uploads\/2023\/05\/tt-768x222.jpg 768w\" sizes=\"auto, (max-width: 925px) 100vw, 925px\" \/><\/figure>\n\n\n<p>A transfer\u00eancia de tecnologia \u00e9 um processo estrat\u00e9gico pelo qual o conhecimento, as inova\u00e7\u00f5es e as descobertas cient\u00edficas desenvolvidas no ambiente acad\u00eamico s\u00e3o compartilhados e aplicados no setor empresarial ou qualquer outro ator do setor produtivo.<\/p>\n<p>Trata-se de uma colabora\u00e7\u00e3o entre universidades, institui\u00e7\u00f5es de pesquisa e empresas, com o objetivo de levar as tecnologias criadas para o mercado, impulsionando o desenvolvimento de produtos, processos e servi\u00e7os, completando assim, o ciclo da inova\u00e7\u00e3o.<\/p>\n<p>A transfer\u00eancia de tecnologia \u00e9 uma poderosa ferramenta pela qual a universidade pode impactar positivamente a sociedade. Essas tecnologias podem abranger \u00e1reas como sa\u00fade, energia renov\u00e1vel, meio ambiente, transporte, entre outras, contribuindo para o avan\u00e7o cient\u00edfico, a sustentabilidade e o bem-estar da sociedade em geral.<\/p>\n<p>A transfer\u00eancia de tecnologia envolve a <strong>transfer\u00eancia de know-how<\/strong>, <strong>patentes, desenhos industriais e expertise t\u00e9cnica,<\/strong> por meio de acordos de licenciamento, cess\u00e3o, parcerias estrat\u00e9gicas ou outras formas de colabora\u00e7\u00e3o. Esse processo permite que as empresas aproveitem os avan\u00e7os cient\u00edficos e tecnol\u00f3gicos, acelerando sua capacidade de inova\u00e7\u00e3o e fortalecendo sua competitividade no mercado.\u00a0<\/p>\n<p>Caso queira conhecer as tecnologias que a UEL possui, veja nossa <a href=\"https:\/\/sites.uel.br\/vitrinetecnologica\/\">Vitrine Tecnol\u00f3gica.<\/a><\/p>\n<p>Caso tenha interesse em realizar alguma transfer\u00eancia de tecnologia, entre em contato atrav\u00e9s de aintec.ett@uel.br.<\/p>","protected":false},"excerpt":{"rendered":"<p>A transfer\u00eancia de tecnologia \u00e9 um processo estrat\u00e9gico pelo qual o conhecimento, as inova\u00e7\u00f5es e as descobertas cient\u00edficas desenvolvidas no ambiente acad\u00eamico s\u00e3o compartilhados e aplicados no setor empresarial ou qualquer outro ator do setor produtivo. Trata-se de uma colabora\u00e7\u00e3o entre universidades, institui\u00e7\u00f5es de pesquisa e empresas, com o objetivo de levar as tecnologias criadas [&hellip;]<\/p>\n","protected":false},"author":8,"featured_media":0,"parent":0,"menu_order":0,"comment_status":"closed","ping_status":"closed","template":"","meta":{"footnotes":""},"class_list":["post-194","page","type-page","status-publish","hentry"],"acf":[],"_links":{"self":[{"href":"https:\/\/sites.uel.br\/aintec\/wp-json\/wp\/v2\/pages\/194","targetHints":{"allow":["GET"]}}],"collection":[{"href":"https:\/\/sites.uel.br\/aintec\/wp-json\/wp\/v2\/pages"}],"about":[{"href":"https:\/\/sites.uel.br\/aintec\/wp-json\/wp\/v2\/types\/page"}],"author":[{"embeddable":true,"href":"https:\/\/sites.uel.br\/aintec\/wp-json\/wp\/v2\/users\/8"}],"replies":[{"embeddable":true,"href":"https:\/\/sites.uel.br\/aintec\/wp-json\/wp\/v2\/comments?post=194"}],"version-history":[{"count":7,"href":"https:\/\/sites.uel.br\/aintec\/wp-json\/wp\/v2\/pages\/194\/revisions"}],"predecessor-version":[{"id":2005,"href":"https:\/\/sites.uel.br\/aintec\/wp-json\/wp\/v2\/pages\/194\/revisions\/2005"}],"wp:attachment":[{"href":"https:\/\/sites.uel.br\/aintec\/wp-json\/wp\/v2\/media?parent=194"}],"curies":[{"name":"wp","href":"https:\/\/api.w.org\/{rel}","templated":true}]}}