{"id":1813,"date":"2023-05-24T12:18:43","date_gmt":"2023-05-24T15:18:43","guid":{"rendered":"https:\/\/sites.uel.br\/aintec\/?page_id=1813"},"modified":"2023-05-24T12:25:07","modified_gmt":"2023-05-24T15:25:07","slug":"ageuni-uel","status":"publish","type":"page","link":"https:\/\/sites.uel.br\/aintec\/ageuni-uel\/","title":{"rendered":"AGEUNI UEL"},"content":{"rendered":"<div class=\"wp-block-image\">\n<figure class=\"aligncenter size-large is-resized\"><img loading=\"lazy\" decoding=\"async\" src=\"https:\/\/sites.uel.br\/aintec\/wp-content\/uploads\/2022\/08\/AGEUNI-1920-\u00d7-1080-px-5-1024x576.png\" alt=\"\" class=\"wp-image-327\" width=\"534\" height=\"300\" srcset=\"https:\/\/sites.uel.br\/aintec\/wp-content\/uploads\/2022\/08\/AGEUNI-1920-\u00d7-1080-px-5-1024x576.png 1024w, https:\/\/sites.uel.br\/aintec\/wp-content\/uploads\/2022\/08\/AGEUNI-1920-\u00d7-1080-px-5-300x169.png 300w, https:\/\/sites.uel.br\/aintec\/wp-content\/uploads\/2022\/08\/AGEUNI-1920-\u00d7-1080-px-5-768x432.png 768w, https:\/\/sites.uel.br\/aintec\/wp-content\/uploads\/2022\/08\/AGEUNI-1920-\u00d7-1080-px-5-1536x864.png 1536w, https:\/\/sites.uel.br\/aintec\/wp-content\/uploads\/2022\/08\/AGEUNI-1920-\u00d7-1080-px-5.png 1920w\" sizes=\"auto, (max-width: 534px) 100vw, 534px\" \/><\/figure>\n<\/div>\n\n\n<p class=\"has-verde-escuro-color has-text-color\"><strong>Fundamentos<\/strong><\/p>\n\n\n\n<p>O Governador do Estado do Paran\u00e1, tendo em vista o disposto na Lei da Inova\u00e7\u00e3o do Estado (Lei n\u00ba 20.541\/2021), de 20 de abril de 2021, que trata do incentivo \u00e0 inova\u00e7\u00e3o e \u00e0 pesquisa cient\u00edfica e tecnol\u00f3gica em ambiente produtivo no Estado do Paran\u00e1, bem como o contido no protocolado sob n\u00ba 18.329.084-3 e ainda considerando:<\/p>\n\n\n\n<div class=\"wp-block-group\"><div class=\"wp-block-group__inner-container is-layout-flow wp-block-group-is-layout-flow\">\n<p>  \u2022 A necessidade do Estado do Paran\u00e1 realizar a\u00e7\u00f5es para <strong>estimular o desenvolvimento regional sustent\u00e1vel<\/strong> com fundamento no conhecimento gerado pelas Institui\u00e7\u00f5es Estaduais de Ensino Superior &#8211; IEES;<\/p>\n\n\n\n<p>  \u2022 A capilaridade regional das IEES e seus ativos materiais e imateriais;<\/p>\n\n\n\n<p>  \u2022 A necessidade de <strong>estimular a sinergia<\/strong> entre os atores regionais dos diferentes ecossistemas de inova\u00e7\u00e3o do Paran\u00e1;<\/p>\n\n\n\n<p>  \u2022 As Ag\u00eancias de Inova\u00e7\u00e3o, quer sejam os N\u00facleos de Inova\u00e7\u00e3o Tecnol\u00f3gica &#8211; NITs ou unidades equivalentes no \u00e2mbito das IEES devem se constituir no locus de <strong>relacionamento da academia com o setor produtivo, sociedade e governos<\/strong>;<\/p>\n\n\n\n<p>  \u2022 A import\u00e2ncia de valorizar a solu\u00e7\u00e3o das prioridades constru\u00eddas pelos atores regionais,<\/p>\n<\/div><\/div>\n\n\n\n<p>Cria a AGEUNI &#8211; Ag\u00eancias para o Desenvolvimento Regional Sustent\u00e1vel e Inova\u00e7\u00e3o do Paran\u00e1 atrav\u00e9s do <a rel=\"noreferrer noopener\" href=\"https:\/\/www.aen.pr.gov.br\/sites\/default\/arquivos_restritos\/files\/documento\/2022-04\/10769_1.pdf\" data-type=\"URL\" data-id=\"https:\/\/www.aen.pr.gov.br\/sites\/default\/arquivos_restritos\/files\/documento\/2022-04\/10769_1.pdf\" target=\"_blank\"><strong>Decreto N\u00ba 10.769<\/strong><\/a> que entrou em vigor&nbsp;em 12 de abril de 2022, tendo como objetivo principalmente a execu\u00e7\u00e3o dos mecanismos de integra\u00e7\u00e3o entre universidade, empresa, governo e sociedade.<\/p>\n\n\n\n<p class=\"has-cinza-claro-color has-text-color\">&#8211;<\/p>\n\n\n<div class=\"wp-block-image\">\n<figure class=\"aligncenter size-large is-resized\"><img loading=\"lazy\" decoding=\"async\" src=\"https:\/\/sites.uel.br\/aintec\/wp-content\/uploads\/2022\/08\/AGEUNI-1920-\u00d7-1080-px-6-1024x576.png\" alt=\"\" class=\"wp-image-329\" width=\"493\" height=\"276\" srcset=\"https:\/\/sites.uel.br\/aintec\/wp-content\/uploads\/2022\/08\/AGEUNI-1920-\u00d7-1080-px-6-1024x576.png 1024w, https:\/\/sites.uel.br\/aintec\/wp-content\/uploads\/2022\/08\/AGEUNI-1920-\u00d7-1080-px-6-300x169.png 300w, https:\/\/sites.uel.br\/aintec\/wp-content\/uploads\/2022\/08\/AGEUNI-1920-\u00d7-1080-px-6-768x432.png 768w, https:\/\/sites.uel.br\/aintec\/wp-content\/uploads\/2022\/08\/AGEUNI-1920-\u00d7-1080-px-6-1536x864.png 1536w, https:\/\/sites.uel.br\/aintec\/wp-content\/uploads\/2022\/08\/AGEUNI-1920-\u00d7-1080-px-6.png 1920w\" sizes=\"auto, (max-width: 493px) 100vw, 493px\" \/><\/figure>\n<\/div>\n\n\n<p class=\"has-verde-escuro-color has-text-color\"><strong>Sobre a Gest\u00e3o da AGEUNI<\/strong><\/p>\n\n\n\n<p>A Gest\u00e3o do Programa AGEUNI ser\u00e1 realizada por meio de um Comit\u00ea Estadual e de Comit\u00eas Regionais. O programa tamb\u00e9m ter\u00e1 como princ\u00edpio a ampla representatividade do Setor Empresarial, do Governo do Estado, dos Munic\u00edpios e demais setores da sociedade, cujas atua\u00e7\u00f5es possam contribuir com os objetivos do Programa.<\/p>\n\n\n\n<p><strong>Comit\u00ea Gestor Estadual:<\/strong><\/p>\n\n\n\n<p>  Coordenado pela SETI e presidido por seu Superintendente;<\/p>\n\n\n\n<p>  \u2022 Governo do Estado;<\/p>\n\n\n\n<p>  \u2022 Setor Empresarial;<\/p>\n\n\n\n<p>  \u2022 Munic\u00edpios;<\/p>\n\n\n\n<p>  \u2022 Outros setores da Sociedade.<\/p>\n\n\n\n<p>Participantes permanentes:<\/p>\n\n\n\n<p>  \u2022 SETI &#8211; Superintend\u00eancia Geral de Ci\u00eancia, Tecnologia e Ensino Superior;<\/p>\n\n\n\n<p>  \u2022 SGI &#8211; Superintend\u00eancia Geral de Inova\u00e7\u00e3o;<\/p>\n\n\n\n<p>  \u2022 SEFA &#8211; Secretaria de Estado da Fazenda;<\/p>\n\n\n\n<p>  \u2022 SEPL &#8211; Secretaria de Estado do Planejamento e Projetos Estruturantes;<\/p>\n\n\n\n<p>  \u2022 FA &#8211; Funda\u00e7\u00e3o Arauc\u00e1ria de Apoio ao Desenvolvimento Cient\u00edfico e Tecnol\u00f3gico do Estado do Paran\u00e1.<\/p>\n\n\n\n<p><strong>Comit\u00ea Gestor Regional:<\/strong><\/p>\n\n\n\n<p>  Coordenado pela IEES da respectiva regi\u00e3o e presidido por seu Reitor;<\/p>\n\n\n\n<p>  \u2022 Setor Empresarial;<\/p>\n\n\n\n<p>  \u2022 Munic\u00edpios;<\/p>\n\n\n\n<p>  \u2022 Outros setores da Sociedade.<\/p>\n\n\n\n<p>Comp\u00f5em o Comit\u00ea Gestor Regional:<\/p>\n\n\n\n<figure class=\"wp-block-image size-large\"><img loading=\"lazy\" decoding=\"async\" width=\"1024\" height=\"576\" src=\"https:\/\/sites.uel.br\/aintec\/wp-content\/uploads\/2023\/05\/image-3-1024x576.png\" alt=\"\" class=\"wp-image-1821\" srcset=\"https:\/\/sites.uel.br\/aintec\/wp-content\/uploads\/2023\/05\/image-3-1024x576.png 1024w, https:\/\/sites.uel.br\/aintec\/wp-content\/uploads\/2023\/05\/image-3-300x169.png 300w, https:\/\/sites.uel.br\/aintec\/wp-content\/uploads\/2023\/05\/image-3-768x432.png 768w, https:\/\/sites.uel.br\/aintec\/wp-content\/uploads\/2023\/05\/image-3-1536x864.png 1536w, https:\/\/sites.uel.br\/aintec\/wp-content\/uploads\/2023\/05\/image-3.png 1600w\" sizes=\"auto, (max-width: 1024px) 100vw, 1024px\" \/><\/figure>\n\n\n\n<p class=\"has-cinza-claro-color has-text-color\">&#8211;<\/p>\n\n\n\n<p class=\"has-verde-escuro-color has-text-color\"><strong>Sedes AGEUNI<\/strong><\/p>\n\n\n\n<div class=\"wp-block-columns is-layout-flex wp-container-core-columns-is-layout-9d6595d7 wp-block-columns-is-layout-flex\">\n<div class=\"wp-block-column is-vertically-aligned-center is-layout-flow wp-block-column-is-layout-flow\"><div class=\"wp-block-image\">\n<figure class=\"alignright size-large is-resized\"><img loading=\"lazy\" decoding=\"async\" src=\"https:\/\/sites.uel.br\/aintec\/wp-content\/uploads\/2022\/08\/AGEUNI-1920-\u00d7-1080-px-12-1024x576.png\" alt=\"\" class=\"wp-image-485\" width=\"538\" height=\"302\" srcset=\"https:\/\/sites.uel.br\/aintec\/wp-content\/uploads\/2022\/08\/AGEUNI-1920-\u00d7-1080-px-12-1024x576.png 1024w, https:\/\/sites.uel.br\/aintec\/wp-content\/uploads\/2022\/08\/AGEUNI-1920-\u00d7-1080-px-12-300x169.png 300w, https:\/\/sites.uel.br\/aintec\/wp-content\/uploads\/2022\/08\/AGEUNI-1920-\u00d7-1080-px-12-768x432.png 768w, https:\/\/sites.uel.br\/aintec\/wp-content\/uploads\/2022\/08\/AGEUNI-1920-\u00d7-1080-px-12-1536x864.png 1536w, https:\/\/sites.uel.br\/aintec\/wp-content\/uploads\/2022\/08\/AGEUNI-1920-\u00d7-1080-px-12.png 1920w\" sizes=\"auto, (max-width: 538px) 100vw, 538px\" \/><\/figure>\n<\/div><\/div>\n\n\n\n<div class=\"wp-block-column is-vertically-aligned-top is-layout-flow wp-block-column-is-layout-flow\"><div class=\"wp-block-image\">\n<figure class=\"alignleft size-large is-resized\"><img loading=\"lazy\" decoding=\"async\" src=\"https:\/\/sites.uel.br\/aintec\/wp-content\/uploads\/2022\/08\/mapa-2-1024x1024.png\" alt=\"\" class=\"wp-image-332\" width=\"392\" height=\"392\" srcset=\"https:\/\/sites.uel.br\/aintec\/wp-content\/uploads\/2022\/08\/mapa-2-1024x1024.png 1024w, https:\/\/sites.uel.br\/aintec\/wp-content\/uploads\/2022\/08\/mapa-2-300x300.png 300w, https:\/\/sites.uel.br\/aintec\/wp-content\/uploads\/2022\/08\/mapa-2-150x150.png 150w, https:\/\/sites.uel.br\/aintec\/wp-content\/uploads\/2022\/08\/mapa-2-768x768.png 768w, https:\/\/sites.uel.br\/aintec\/wp-content\/uploads\/2022\/08\/mapa-2.png 1080w\" sizes=\"auto, (max-width: 392px) 100vw, 392px\" \/><\/figure>\n<\/div><\/div>\n<\/div>\n","protected":false},"excerpt":{"rendered":"<p>Fundamentos O Governador do Estado do Paran\u00e1, tendo em vista o disposto na Lei da Inova\u00e7\u00e3o do Estado (Lei n\u00ba 20.541\/2021), de 20 de abril de 2021, que trata do incentivo \u00e0 inova\u00e7\u00e3o e \u00e0 pesquisa cient\u00edfica e tecnol\u00f3gica em ambiente produtivo no Estado do Paran\u00e1, bem como o contido no protocolado sob n\u00ba 18.329.084-3 [&hellip;]<\/p>\n","protected":false},"author":10,"featured_media":0,"parent":0,"menu_order":0,"comment_status":"closed","ping_status":"closed","template":"","meta":{"footnotes":""},"class_list":["post-1813","page","type-page","status-publish","hentry"],"acf":[],"_links":{"self":[{"href":"https:\/\/sites.uel.br\/aintec\/wp-json\/wp\/v2\/pages\/1813","targetHints":{"allow":["GET"]}}],"collection":[{"href":"https:\/\/sites.uel.br\/aintec\/wp-json\/wp\/v2\/pages"}],"about":[{"href":"https:\/\/sites.uel.br\/aintec\/wp-json\/wp\/v2\/types\/page"}],"author":[{"embeddable":true,"href":"https:\/\/sites.uel.br\/aintec\/wp-json\/wp\/v2\/users\/10"}],"replies":[{"embeddable":true,"href":"https:\/\/sites.uel.br\/aintec\/wp-json\/wp\/v2\/comments?post=1813"}],"version-history":[{"count":2,"href":"https:\/\/sites.uel.br\/aintec\/wp-json\/wp\/v2\/pages\/1813\/revisions"}],"predecessor-version":[{"id":1822,"href":"https:\/\/sites.uel.br\/aintec\/wp-json\/wp\/v2\/pages\/1813\/revisions\/1822"}],"wp:attachment":[{"href":"https:\/\/sites.uel.br\/aintec\/wp-json\/wp\/v2\/media?parent=1813"}],"curies":[{"name":"wp","href":"https:\/\/api.w.org\/{rel}","templated":true}]}}