{"id":1797,"date":"2023-05-24T12:07:01","date_gmt":"2023-05-24T15:07:01","guid":{"rendered":"https:\/\/sites.uel.br\/aintec\/?page_id=1797"},"modified":"2025-08-27T14:51:40","modified_gmt":"2025-08-27T17:51:40","slug":"editais-ageuni","status":"publish","type":"page","link":"https:\/\/sites.uel.br\/aintec\/editais-ageuni\/","title":{"rendered":"Coleta de Demandas AGEUNI 2025"},"content":{"rendered":"\n<div style=\"height:100px\" aria-hidden=\"true\" class=\"wp-block-spacer\"><\/div>\n\n\n<div class=\"wp-block-image\">\n<figure class=\"aligncenter size-full is-resized\"><img loading=\"lazy\" decoding=\"async\" width=\"1024\" height=\"683\" src=\"https:\/\/sites.uel.br\/aintec\/wp-content\/uploads\/2025\/07\/image.png\" alt=\"\" class=\"wp-image-3077\" style=\"width:484px;height:auto\" srcset=\"https:\/\/sites.uel.br\/aintec\/wp-content\/uploads\/2025\/07\/image.png 1024w, https:\/\/sites.uel.br\/aintec\/wp-content\/uploads\/2025\/07\/image-300x200.png 300w, https:\/\/sites.uel.br\/aintec\/wp-content\/uploads\/2025\/07\/image-768x512.png 768w\" sizes=\"auto, (max-width: 1024px) 100vw, 1024px\" \/><\/figure>\n<\/div>\n\n\n<ul class=\"wp-block-list\">\n<li>Acesse aqui o Formul\u00e1rio Modelo para a submiss\u00e3o de demandas \u00e0 AGEUNI&nbsp;por parte das institui\u00e7\u00f5es integrantes do Conselho Regional da AGEUNI\/UEL<\/li>\n<\/ul>\n\n\n\n<p class=\"has-text-align-center\"><\/p>\n\n\n\n<div class=\"wp-block-file aligncenter\"><a id=\"wp-block-file--media-562b5e6d-2b91-4580-91d9-855dd98263e2\" href=\"https:\/\/sites.uel.br\/aintec\/wp-content\/uploads\/2025\/08\/Formulario-Modelo-AGEUNI-2025-3.docx\">Formulario-Modelo-AGEUNI-2025<\/a><a href=\"https:\/\/sites.uel.br\/aintec\/wp-content\/uploads\/2025\/08\/Formulario-Modelo-AGEUNI-2025-3.docx\" class=\"wp-block-file__button wp-element-button\" download aria-describedby=\"wp-block-file--media-562b5e6d-2b91-4580-91d9-855dd98263e2\">Baixar<\/a><\/div>\n\n\n\n<p><\/p>\n","protected":false},"excerpt":{"rendered":"","protected":false},"author":10,"featured_media":0,"parent":0,"menu_order":0,"comment_status":"closed","ping_status":"closed","template":"","meta":{"footnotes":""},"class_list":["post-1797","page","type-page","status-publish","hentry"],"acf":[],"_links":{"self":[{"href":"https:\/\/sites.uel.br\/aintec\/wp-json\/wp\/v2\/pages\/1797","targetHints":{"allow":["GET"]}}],"collection":[{"href":"https:\/\/sites.uel.br\/aintec\/wp-json\/wp\/v2\/pages"}],"about":[{"href":"https:\/\/sites.uel.br\/aintec\/wp-json\/wp\/v2\/types\/page"}],"author":[{"embeddable":true,"href":"https:\/\/sites.uel.br\/aintec\/wp-json\/wp\/v2\/users\/10"}],"replies":[{"embeddable":true,"href":"https:\/\/sites.uel.br\/aintec\/wp-json\/wp\/v2\/comments?post=1797"}],"version-history":[{"count":30,"href":"https:\/\/sites.uel.br\/aintec\/wp-json\/wp\/v2\/pages\/1797\/revisions"}],"predecessor-version":[{"id":3236,"href":"https:\/\/sites.uel.br\/aintec\/wp-json\/wp\/v2\/pages\/1797\/revisions\/3236"}],"wp:attachment":[{"href":"https:\/\/sites.uel.br\/aintec\/wp-json\/wp\/v2\/media?parent=1797"}],"curies":[{"name":"wp","href":"https:\/\/api.w.org\/{rel}","templated":true}]}}