{"id":1472,"date":"2023-02-24T10:40:08","date_gmt":"2023-02-24T13:40:08","guid":{"rendered":"https:\/\/sites.uel.br\/aintec\/?page_id=1472"},"modified":"2023-02-24T10:40:08","modified_gmt":"2023-02-24T13:40:08","slug":"documentos","status":"publish","type":"page","link":"https:\/\/sites.uel.br\/aintec\/documentos\/","title":{"rendered":"Documentos"},"content":{"rendered":"\n<p><\/p>\n\n\n\n<p>Plano de Trabalho &#8211; Para Coopera\u00e7\u00f5es T\u00e9cnico-Cient\u00edficas &#8211; Orienta\u00e7\u00f5es para preenchimento e envio no pr\u00f3prio documento<\/p>\n\n\n\n<p><a href=\"https:\/\/docs.google.com\/document\/d\/1iYh0lHRO5y7pzII7FLKFHlX2OVCEGABH\/edit?usp=share_link&amp;ouid=111745926941126364122&amp;rtpof=true&amp;sd=true\" data-type=\"URL\" data-id=\"https:\/\/docs.google.com\/document\/d\/1iYh0lHRO5y7pzII7FLKFHlX2OVCEGABH\/edit?usp=share_link&amp;ouid=111745926941126364122&amp;rtpof=true&amp;sd=true\">Clique aqui para baixar<\/a><\/p>\n","protected":false},"excerpt":{"rendered":"<p>Plano de Trabalho &#8211; Para Coopera\u00e7\u00f5es T\u00e9cnico-Cient\u00edficas &#8211; Orienta\u00e7\u00f5es para preenchimento e envio no pr\u00f3prio documento Clique aqui para baixar<\/p>\n","protected":false},"author":10,"featured_media":0,"parent":0,"menu_order":0,"comment_status":"closed","ping_status":"closed","template":"","meta":{"footnotes":""},"class_list":["post-1472","page","type-page","status-publish","hentry"],"acf":[],"_links":{"self":[{"href":"https:\/\/sites.uel.br\/aintec\/wp-json\/wp\/v2\/pages\/1472","targetHints":{"allow":["GET"]}}],"collection":[{"href":"https:\/\/sites.uel.br\/aintec\/wp-json\/wp\/v2\/pages"}],"about":[{"href":"https:\/\/sites.uel.br\/aintec\/wp-json\/wp\/v2\/types\/page"}],"author":[{"embeddable":true,"href":"https:\/\/sites.uel.br\/aintec\/wp-json\/wp\/v2\/users\/10"}],"replies":[{"embeddable":true,"href":"https:\/\/sites.uel.br\/aintec\/wp-json\/wp\/v2\/comments?post=1472"}],"version-history":[{"count":2,"href":"https:\/\/sites.uel.br\/aintec\/wp-json\/wp\/v2\/pages\/1472\/revisions"}],"predecessor-version":[{"id":1740,"href":"https:\/\/sites.uel.br\/aintec\/wp-json\/wp\/v2\/pages\/1472\/revisions\/1740"}],"wp:attachment":[{"href":"https:\/\/sites.uel.br\/aintec\/wp-json\/wp\/v2\/media?parent=1472"}],"curies":[{"name":"wp","href":"https:\/\/api.w.org\/{rel}","templated":true}]}}