{"id":1189,"date":"2022-11-08T16:32:13","date_gmt":"2022-11-08T19:32:13","guid":{"rendered":"https:\/\/sites.uel.br\/aintec\/?page_id=1189"},"modified":"2023-12-04T16:05:19","modified_gmt":"2023-12-04T19:05:19","slug":"links-aintec","status":"publish","type":"page","link":"https:\/\/sites.uel.br\/aintec\/links-aintec\/","title":{"rendered":"Links AINTEC"},"content":{"rendered":"\n<p class=\"has-verde-claro-color has-text-color\">E..<\/p>\n\n\n\n<p><strong>Vitrine Tecnol\u00f3gica:<\/strong> <a href=\"https:\/\/sites.uel.br\/vitrinetecnologica\/\" target=\"_blank\" rel=\"noreferrer noopener\">https:\/\/sites.uel.br\/vitrinetecnologica\/<\/a><\/p>\n\n\n\n<p><strong>Processos Seletivos INTUEL: <\/strong><a href=\"https:\/\/sites.uel.br\/aintec\/processos-seletivos\/\">https:\/\/sites.uel.br\/aintec\/processos-seletivos\/<\/a><\/p>\n\n\n\n<p><strong>Editais:<\/strong> <a href=\"https:\/\/sites.uel.br\/aintec\/editaiss\/\" target=\"_blank\" rel=\"noreferrer noopener\">https:\/\/sites.uel.br\/aintec\/editaiss\/<\/a><\/p>\n\n\n\n<p><strong>Mat\u00e9ria &#8220;Dos laborat\u00f3rios ao balc\u00e3o&#8221;, O Perobal:<\/strong><a href=\"https:\/\/operobal.uel.br\/jornal-noticia\/2023\/11\/22\/dos-laboratorios-ao-balcao\/\" target=\"_blank\" rel=\"noreferrer noopener\"><strong> <\/strong>https:\/\/operobal.uel.br\/jornal-noticia\/2023\/11\/22\/dos-laboratorios-ao-balcao\/<\/a><\/p>\n\n\n\n<p><strong>Cadastro para recebimento da Newsletter AINTEC:<\/strong> <a href=\"https:\/\/forms.gle\/L9SHkWW7FDK8Q9QP9\" data-type=\"link\" data-id=\"https:\/\/forms.gle\/L9SHkWW7FDK8Q9QP9\" target=\"_blank\" rel=\"noreferrer noopener\">https:\/\/forms.gle\/L9SHkWW7FDK8Q9QP9<\/a><\/p>\n\n\n\n<p class=\"has-verde-claro-color has-text-color\">..<\/p>\n\n\n\n<p>WhatsApp: <a href=\"https:\/\/wa.me\/5543999412056\">Envie sua mensagem por aqui!<\/a><\/p>\n\n\n\n<p>Site: <a rel=\"noreferrer noopener\" href=\"http:\/\/www.aintec.uel.br\/\" target=\"_blank\">http:\/\/www.aintec.uel.br\/<\/a><\/p>\n\n\n\n<p>LinkedIn: <a rel=\"noreferrer noopener\" href=\"https:\/\/br.linkedin.com\/company\/aintec\" target=\"_blank\">AINTEC &#8211; Ag\u00eancia de Inova\u00e7\u00e3o Tecnol\u00f3gica da Universidade Estadual de Londrina<\/a><\/p>\n\n\n\n<p>Instagram: <a href=\"https:\/\/www.instagram.com\/aintecuel\/\" target=\"_blank\" rel=\"noreferrer noopener\">@aintecuel<\/a><\/p>\n\n\n\n<p>Coluna na R\u00e1dio UEL: <a href=\"https:\/\/radio.uel.br\/programas\/nas-ondas-da-inovacao\">Nas Ondas da Inova\u00e7\u00e3o.<\/a><\/p>\n\n\n\n<p>Blog: <a href=\"https:\/\/sites.uel.br\/aintec\/noticias\/\" target=\"_blank\" rel=\"noreferrer noopener\">https:\/\/sites.uel.br\/aintec\/noticias\/<\/a><\/p>\n\n\n\n<p>Capacita\u00e7\u00f5es: <a href=\"https:\/\/sites.uel.br\/aintec\/capacitacoes\/\" target=\"_blank\" rel=\"noreferrer noopener\">https:\/\/sites.uel.br\/aintec\/capacitacoes\/<\/a><\/p>\n","protected":false},"excerpt":{"rendered":"<p>E.. Vitrine Tecnol\u00f3gica: https:\/\/sites.uel.br\/vitrinetecnologica\/ Processos Seletivos INTUEL: https:\/\/sites.uel.br\/aintec\/processos-seletivos\/ Editais: https:\/\/sites.uel.br\/aintec\/editaiss\/ Mat\u00e9ria &#8220;Dos laborat\u00f3rios ao balc\u00e3o&#8221;, O Perobal: https:\/\/operobal.uel.br\/jornal-noticia\/2023\/11\/22\/dos-laboratorios-ao-balcao\/ Cadastro para recebimento da Newsletter AINTEC: https:\/\/forms.gle\/L9SHkWW7FDK8Q9QP9 .. WhatsApp: Envie sua mensagem por aqui! Site: http:\/\/www.aintec.uel.br\/ LinkedIn: AINTEC &#8211; Ag\u00eancia de Inova\u00e7\u00e3o Tecnol\u00f3gica da Universidade Estadual de Londrina Instagram: @aintecuel Coluna na R\u00e1dio UEL: Nas Ondas da [&hellip;]<\/p>\n","protected":false},"author":10,"featured_media":0,"parent":0,"menu_order":0,"comment_status":"closed","ping_status":"closed","template":"","meta":{"footnotes":""},"class_list":["post-1189","page","type-page","status-publish","hentry"],"acf":[],"_links":{"self":[{"href":"https:\/\/sites.uel.br\/aintec\/wp-json\/wp\/v2\/pages\/1189","targetHints":{"allow":["GET"]}}],"collection":[{"href":"https:\/\/sites.uel.br\/aintec\/wp-json\/wp\/v2\/pages"}],"about":[{"href":"https:\/\/sites.uel.br\/aintec\/wp-json\/wp\/v2\/types\/page"}],"author":[{"embeddable":true,"href":"https:\/\/sites.uel.br\/aintec\/wp-json\/wp\/v2\/users\/10"}],"replies":[{"embeddable":true,"href":"https:\/\/sites.uel.br\/aintec\/wp-json\/wp\/v2\/comments?post=1189"}],"version-history":[{"count":34,"href":"https:\/\/sites.uel.br\/aintec\/wp-json\/wp\/v2\/pages\/1189\/revisions"}],"predecessor-version":[{"id":2226,"href":"https:\/\/sites.uel.br\/aintec\/wp-json\/wp\/v2\/pages\/1189\/revisions\/2226"}],"wp:attachment":[{"href":"https:\/\/sites.uel.br\/aintec\/wp-json\/wp\/v2\/media?parent=1189"}],"curies":[{"name":"wp","href":"https:\/\/api.w.org\/{rel}","templated":true}]}}