{"id":115,"date":"2022-07-28T15:38:56","date_gmt":"2022-07-28T18:38:56","guid":{"rendered":"https:\/\/sites.uel.br\/aintec\/?page_id=115"},"modified":"2022-08-02T09:23:07","modified_gmt":"2022-08-02T12:23:07","slug":"faq","status":"publish","type":"page","link":"https:\/\/sites.uel.br\/aintec\/faq\/","title":{"rendered":"FAQ"},"content":{"rendered":"<div class=\"wp-block-image\">\n<figure class=\"aligncenter size-large is-resized\"><img loading=\"lazy\" decoding=\"async\" src=\"https:\/\/sites.uel.br\/aintec\/wp-content\/uploads\/2022\/07\/intuel-colorida-completa-1024x381.png\" alt=\"\" class=\"wp-image-109\" width=\"565\" height=\"210\" srcset=\"https:\/\/sites.uel.br\/aintec\/wp-content\/uploads\/2022\/07\/intuel-colorida-completa-1024x381.png 1024w, https:\/\/sites.uel.br\/aintec\/wp-content\/uploads\/2022\/07\/intuel-colorida-completa-300x112.png 300w, https:\/\/sites.uel.br\/aintec\/wp-content\/uploads\/2022\/07\/intuel-colorida-completa-768x286.png 768w, https:\/\/sites.uel.br\/aintec\/wp-content\/uploads\/2022\/07\/intuel-colorida-completa-1536x572.png 1536w, https:\/\/sites.uel.br\/aintec\/wp-content\/uploads\/2022\/07\/intuel-colorida-completa-2048x763.png 2048w\" sizes=\"auto, (max-width: 565px) 100vw, 565px\" \/><\/figure>\n<\/div>\n\n\n<p><em><strong>Quando abre o processo seletivo para o processo de incuba\u00e7\u00e3o<\/strong><\/em>?<\/p>\n\n\n\n<p>O processo seletivo \u00e9 aberto anualmente por meio de um edital que apresenta o cronograma, crit\u00e9rios de avalia\u00e7\u00e3o e os locais para preenchimentos dos dados.<\/p>\n\n\n\n<p><em><strong>Que tipo de apoio receberei para o meu projeto?<\/strong><\/em><\/p>\n\n\n\n<p>Al\u00e9m do espa\u00e7o para empresa, o programa fornecer\u00e1 outros benef\u00edcios para promover o desenvolvimento do empreendedor e de seu neg\u00f3cio. Entre estes est\u00e3o: mentoria, rede de contatos, metodologia de acelera\u00e7\u00e3o, ajuda na divulga\u00e7\u00e3o dos empreendimentos, e treinamentos.<\/p>\n\n\n\n<p><em><strong>Terei algum custo para acessar o processo de incuba\u00e7\u00e3o?<\/strong><\/em><\/p>\n\n\n\n<p>Sim. O processo de incuba\u00e7\u00e3o possui custos mais acess\u00edveis quando comparado ao mercado competitivo, a mensalidade dependendo da modalidade escolhida (n\u00e3o residente, residente por baixas, por sala, galp\u00e3o ou laborat\u00f3rio) e os pre\u00e7os variam tamb\u00e9m de acordo com os anos de incuba\u00e7\u00e3o. Os valores possuem subs\u00eddios de at\u00e9 50%, medidos pela participa\u00e7\u00e3o com o monitoramento e planejamento. No ano de 2022 os custos mais acess\u00edveis foram a partir de R$100,00, exemplo para incubados n\u00e3o residentes.<\/p>\n\n\n\n<p><em><strong>\u00c9 preciso ter empresa para participar do programa?<\/strong><\/em><\/p>\n\n\n\n<p>N\u00e3o, para participar do programa \u00e9 necess\u00e1rio ter a ideia sobre um produto, servi\u00e7o ou metodologia para que possa ser apresentada ao mercado como uma solu\u00e7\u00e3o. A empresa ser\u00e1 constitu\u00edda no processo de incuba\u00e7\u00e3o.<\/p>\n\n\n\n<p><em><strong>Qual \u00e9 o tempo de dura\u00e7\u00e3o do programa?<\/strong><\/em><\/p>\n\n\n\n<p>O contrato do processo de incuba\u00e7\u00e3o \u00e9 de 24 meses prorrogados por per\u00edodo igual em comum acordo entre as partes.<\/p>\n\n\n\n<p><em><strong>Quantas horas ser\u00e1 preciso dedicar ao projeto?<\/strong><\/em><\/p>\n\n\n\n<p>N\u00e3o h\u00e1 um tempo pr\u00e9-determinado exigido para se dedicar ao projeto, por\u00e9m \u00e9 muito importante ter consci\u00eancia de que a metodologia de acelera\u00e7\u00e3o \u00e9 baseada em muitas atividades, portanto \u00e9 essencial que o empreendedor tenha tempo para se dedicar ao neg\u00f3cio.<\/p>\n\n\n\n<p><em><strong>Preciso estar presente em per\u00edodo integral durante a acelera\u00e7\u00e3o?<\/strong><\/em><\/p>\n\n\n\n<p>N\u00e3o \u00e9 preciso estar presente em tempo integral, por\u00e9m \u00e9 importante ressaltar que o empreendedor precisa ter um tempo livre dispon\u00edvel para se dedicar ao neg\u00f3cio e cumprir as atividades que ser\u00e3o requisitadas.<\/p>\n\n\n\n<p><em><strong>Tenho que oferecer alguma contrapartida do meu projeto?<\/strong><\/em><\/p>\n\n\n\n<p>N\u00e3o \u00e9 necess\u00e1rio oferecer nenhuma contrapartida financeira ou econ\u00f4mica.<\/p>\n\n\n\n<p><em><strong>Quantas pessoas do meu projeto podem participar?<\/strong><\/em><\/p>\n\n\n\n<p>N\u00e3o h\u00e1 um limite de pessoas para participar por equipe, fica a crit\u00e9rio de cada empresa.<\/p>\n\n\n\n<p><em><strong>Qual ser\u00e1 o investimento da minha startup ap\u00f3s o programa de pr\u00e9-acelera\u00e7\u00e3o?<\/strong><\/em><\/p>\n\n\n\n<p>N\u00e3o est\u00e1 programado nenhum investimento nas startups ap\u00f3s o programa de pr\u00e9-acelera\u00e7\u00e3o, o programa trata apenas da acelera\u00e7\u00e3o desta e se encerrar\u00e1 ap\u00f3s cumprir seu objetivo.<\/p>\n\n\n\n<p><em><strong>Quais requisitos s\u00e3o necess\u00e1rios para participar?<\/strong><\/em><\/p>\n\n\n\n<ul class=\"wp-block-list\"><li>Ter uma ideia para desenvolver e ser um projeto de base tecnol\u00f3gica;<\/li><li>Ter potencial inovador no projeto apresentado;<\/li><li>Empreendedores com perfil para programas de acelera\u00e7\u00e3o;<\/li><\/ul>\n\n\n\n<div class=\"wp-block-group\"><div class=\"wp-block-group__inner-container is-layout-flow wp-block-group-is-layout-flow\">\n<div class=\"wp-block-columns is-layout-flex wp-container-core-columns-is-layout-9d6595d7 wp-block-columns-is-layout-flex\">\n<div class=\"wp-block-column is-layout-flow wp-block-column-is-layout-flow\" style=\"flex-basis:100%\"><\/div>\n<\/div>\n<\/div><\/div>\n","protected":false},"excerpt":{"rendered":"<p>Quando abre o processo seletivo para o processo de incuba\u00e7\u00e3o? O processo seletivo \u00e9 aberto anualmente por meio de um edital que apresenta o cronograma, crit\u00e9rios de avalia\u00e7\u00e3o e os locais para preenchimentos dos dados. Que tipo de apoio receberei para o meu projeto? Al\u00e9m do espa\u00e7o para empresa, o programa fornecer\u00e1 outros benef\u00edcios para [&hellip;]<\/p>\n","protected":false},"author":8,"featured_media":0,"parent":0,"menu_order":0,"comment_status":"closed","ping_status":"closed","template":"","meta":{"footnotes":""},"class_list":["post-115","page","type-page","status-publish","hentry"],"acf":[],"_links":{"self":[{"href":"https:\/\/sites.uel.br\/aintec\/wp-json\/wp\/v2\/pages\/115","targetHints":{"allow":["GET"]}}],"collection":[{"href":"https:\/\/sites.uel.br\/aintec\/wp-json\/wp\/v2\/pages"}],"about":[{"href":"https:\/\/sites.uel.br\/aintec\/wp-json\/wp\/v2\/types\/page"}],"author":[{"embeddable":true,"href":"https:\/\/sites.uel.br\/aintec\/wp-json\/wp\/v2\/users\/8"}],"replies":[{"embeddable":true,"href":"https:\/\/sites.uel.br\/aintec\/wp-json\/wp\/v2\/comments?post=115"}],"version-history":[{"count":9,"href":"https:\/\/sites.uel.br\/aintec\/wp-json\/wp\/v2\/pages\/115\/revisions"}],"predecessor-version":[{"id":276,"href":"https:\/\/sites.uel.br\/aintec\/wp-json\/wp\/v2\/pages\/115\/revisions\/276"}],"wp:attachment":[{"href":"https:\/\/sites.uel.br\/aintec\/wp-json\/wp\/v2\/media?parent=115"}],"curies":[{"name":"wp","href":"https:\/\/api.w.org\/{rel}","templated":true}]}}