{"id":110,"date":"2022-07-28T15:38:56","date_gmt":"2022-07-28T18:38:56","guid":{"rendered":"https:\/\/sites.uel.br\/aintec\/?page_id=110"},"modified":"2022-10-04T15:17:56","modified_gmt":"2022-10-04T18:17:56","slug":"quem-somos","status":"publish","type":"page","link":"https:\/\/sites.uel.br\/aintec\/quem-somos\/","title":{"rendered":"Hist\u00f3rico"},"content":{"rendered":"<div class=\"wp-block-image\">\n<figure class=\"aligncenter size-large is-resized\"><img loading=\"lazy\" decoding=\"async\" src=\"https:\/\/sites.uel.br\/aintec\/wp-content\/uploads\/2022\/07\/intuel-colorida-completa-1-1024x381.png\" alt=\"\" class=\"wp-image-161\" width=\"604\" height=\"224\" srcset=\"https:\/\/sites.uel.br\/aintec\/wp-content\/uploads\/2022\/07\/intuel-colorida-completa-1-1024x381.png 1024w, https:\/\/sites.uel.br\/aintec\/wp-content\/uploads\/2022\/07\/intuel-colorida-completa-1-300x112.png 300w, https:\/\/sites.uel.br\/aintec\/wp-content\/uploads\/2022\/07\/intuel-colorida-completa-1-768x286.png 768w, https:\/\/sites.uel.br\/aintec\/wp-content\/uploads\/2022\/07\/intuel-colorida-completa-1-1536x572.png 1536w, https:\/\/sites.uel.br\/aintec\/wp-content\/uploads\/2022\/07\/intuel-colorida-completa-1-2048x763.png 2048w\" sizes=\"auto, (max-width: 604px) 100vw, 604px\" \/><\/figure>\n<\/div>\n\n\n<p>A Incubadora Internacional de Empresas de Base Tecnol\u00f3gica da Universidade Estadual de Londrina (INTUEL) foi concebida em 1997 na forma de um projeto (Genesis\/Genorp), com o objetivo de incentivar e apoiar a gera\u00e7\u00e3o de empresas na \u00e1rea de software, assessorando e capacitando empreendedores em gest\u00e3o empresarial e na tecnologia de seus neg\u00f3cios, atrav\u00e9s de um programa de pr\u00e9-incuba\u00e7\u00e3o. O projeto evoluiu resultando na cria\u00e7\u00e3o de um amplo programa de incuba\u00e7\u00e3o em 2000, passando a abrigar todas as modalidades de empresas de base tecnol\u00f3gica. A partir de 2008, com a cria\u00e7\u00e3o da Ag\u00eancia de Inova\u00e7\u00e3o Tecnol\u00f3gica da UEL (AINTEC), a INTUEL passou a ser uma das tr\u00eas unidades da Ag\u00eancia, as outras unidades s\u00e3o ETT e EPI.<\/p>\n\n\n\n<p>Em 2016, a Intuel firmou parceria com a Telef\u00f3nica e passou a oferecer tamb\u00e9m o programa de pr\u00e9-acelera\u00e7\u00e3o Crowd Londrina. O Crowd \u00e9 um espa\u00e7o do Telef\u00f3nica Open Future, programa de incentivo ao empreendedorismo e \u00e0 inova\u00e7\u00e3o aberta do Grupo Telef\u00f3nica, em parceria com a Ag\u00eancia de Inova\u00e7\u00e3o Tecnol\u00f3gica da UEL (AINTEC) e o Sebrae Paran\u00e1. Outra conquista da incubadora foi ser reconhecida como a 2\u00aa melhor do Paran\u00e1 no ranking UBI Benchmark 2017-2018, estudo sueco que avalia incubadoras e aceleradoras ligadas a institui\u00e7\u00f5es de ensino de todo o mundo.<\/p>\n\n\n\n<p class=\"has-cinza-claro-color has-text-color\">&#8211; <\/p>\n\n\n\n<p><\/p>\n\n\n\n<div class=\"wp-block-group\"><div class=\"wp-block-group__inner-container is-layout-flow wp-block-group-is-layout-flow\">\n<div class=\"wp-block-columns is-layout-flex wp-container-core-columns-is-layout-9d6595d7 wp-block-columns-is-layout-flex\">\n<div class=\"wp-block-column is-vertically-aligned-bottom is-layout-flow wp-block-column-is-layout-flow\" style=\"flex-basis:100%\"><div class=\"wp-block-image\">\n<figure class=\"aligncenter size-large is-resized\"><img loading=\"lazy\" decoding=\"async\" src=\"https:\/\/sites.uel.br\/aintec\/wp-content\/uploads\/2022\/08\/1603-3-3-1024x334.webp\" alt=\"\" class=\"wp-image-290\" width=\"548\" height=\"177\" srcset=\"https:\/\/sites.uel.br\/aintec\/wp-content\/uploads\/2022\/08\/1603-3-3-300x98.webp 300w, https:\/\/sites.uel.br\/aintec\/wp-content\/uploads\/2022\/08\/1603-3-3-768x250.webp 768w\" sizes=\"auto, (max-width: 548px) 100vw, 548px\" \/><\/figure>\n<\/div><\/div>\n<\/div>\n<\/div><\/div>\n\n\n\n<p class=\"has-verde-escuro-color has-text-color\"><strong>Projeto Cerne<\/strong><\/p>\n\n\n\n<p>A INTUEL participa do programa Centro de Refer\u00eancia para Apoio a Empreendimentos (CERNE) que possibilita a cria\u00e7\u00e3o de gest\u00e3o da qualidade nos processos de incuba\u00e7\u00e3o. A iniciativa \u00e9 desenvolvida pelo Sebrae Nacional e pela Associa\u00e7\u00e3o Nacional de Entidades Promotoras de Empreendimentos Inovadores (ANPROTEC).<\/p>\n\n\n\n<p>A Incubadora atua como \u00e2ncora e est\u00e1 apoiando diretamente a implementa\u00e7\u00e3o desse modelo nas seguintes institui\u00e7\u00f5es: Incubadora Tecnol\u00f3gica de Maring\u00e1 e Incubadora de Inova\u00e7\u00f5es da Universidade Federal Tecnol\u00f3gica do Paran\u00e1 \u2013 campus de Corn\u00e9lio Proc\u00f3pio.<\/p>\n","protected":false},"excerpt":{"rendered":"<p>A Incubadora Internacional de Empresas de Base Tecnol\u00f3gica da Universidade Estadual de Londrina (INTUEL) foi concebida em 1997 na forma de um projeto (Genesis\/Genorp), com o objetivo de incentivar e apoiar a gera\u00e7\u00e3o de empresas na \u00e1rea de software, assessorando e capacitando empreendedores em gest\u00e3o empresarial e na tecnologia de seus neg\u00f3cios, atrav\u00e9s de um [&hellip;]<\/p>\n","protected":false},"author":8,"featured_media":0,"parent":0,"menu_order":0,"comment_status":"closed","ping_status":"closed","template":"","meta":{"footnotes":""},"class_list":["post-110","page","type-page","status-publish","hentry"],"acf":[],"_links":{"self":[{"href":"https:\/\/sites.uel.br\/aintec\/wp-json\/wp\/v2\/pages\/110","targetHints":{"allow":["GET"]}}],"collection":[{"href":"https:\/\/sites.uel.br\/aintec\/wp-json\/wp\/v2\/pages"}],"about":[{"href":"https:\/\/sites.uel.br\/aintec\/wp-json\/wp\/v2\/types\/page"}],"author":[{"embeddable":true,"href":"https:\/\/sites.uel.br\/aintec\/wp-json\/wp\/v2\/users\/8"}],"replies":[{"embeddable":true,"href":"https:\/\/sites.uel.br\/aintec\/wp-json\/wp\/v2\/comments?post=110"}],"version-history":[{"count":21,"href":"https:\/\/sites.uel.br\/aintec\/wp-json\/wp\/v2\/pages\/110\/revisions"}],"predecessor-version":[{"id":982,"href":"https:\/\/sites.uel.br\/aintec\/wp-json\/wp\/v2\/pages\/110\/revisions\/982"}],"wp:attachment":[{"href":"https:\/\/sites.uel.br\/aintec\/wp-json\/wp\/v2\/media?parent=110"}],"curies":[{"name":"wp","href":"https:\/\/api.w.org\/{rel}","templated":true}]}}