{"id":1029,"date":"2022-10-14T14:16:04","date_gmt":"2022-10-14T17:16:04","guid":{"rendered":"https:\/\/sites.uel.br\/aintec\/?page_id=1029"},"modified":"2026-03-04T16:24:03","modified_gmt":"2026-03-04T19:24:03","slug":"empresas-graduadas-2","status":"publish","type":"page","link":"https:\/\/sites.uel.br\/aintec\/empresas-graduadas-2\/","title":{"rendered":"Empresas Graduadas"},"content":{"rendered":"\n<p><\/p>\n\n\n\n<div class=\"wp-block-media-text is-stacked-on-mobile\" style=\"grid-template-columns:25% auto\"><figure class=\"wp-block-media-text__media\"><img loading=\"lazy\" decoding=\"async\" width=\"728\" height=\"280\" src=\"https:\/\/sites.uel.br\/aintec\/wp-content\/uploads\/2025\/02\/PARA_-AINTEC.png\" alt=\"\" class=\"wp-image-2741 size-full\" srcset=\"https:\/\/sites.uel.br\/aintec\/wp-content\/uploads\/2025\/02\/PARA_-AINTEC.png 728w, https:\/\/sites.uel.br\/aintec\/wp-content\/uploads\/2025\/02\/PARA_-AINTEC-300x115.png 300w\" sizes=\"auto, (max-width: 728px) 100vw, 728px\" \/><\/figure><div class=\"wp-block-media-text__content\">\n<p>Compare Suplementos: Plataforma para encontrar, comparar e escolher os melhores suplementos do mercado. Nela, voc\u00ea poder\u00e1 n\u00e3o apenas consultar centenas de laudos e reviews, mas tamb\u00e9m comparar laudos e produtos de forma pr\u00e1tica com o app.<\/p>\n<\/div><\/div>\n\n\n\n<div style=\"height:100px\" aria-hidden=\"true\" class=\"wp-block-spacer\"><\/div>\n\n\n\n<div class=\"wp-block-columns is-layout-flex wp-container-core-columns-is-layout-9d6595d7 wp-block-columns-is-layout-flex\">\n<div class=\"wp-block-column is-layout-flow wp-block-column-is-layout-flow\">\n<div class=\"wp-block-media-text alignwide is-stacked-on-mobile\" style=\"grid-template-columns:19% auto\"><figure class=\"wp-block-media-text__media\"><a href=\"https:\/\/poliverde.com.br\/\" target=\"_blank\" rel=\"noreferrer noopener\"><img loading=\"lazy\" decoding=\"async\" width=\"416\" height=\"341\" src=\"https:\/\/sites.uel.br\/aintec\/wp-content\/uploads\/2024\/12\/cropped-cropped-Logo-Poliverde-05-svg-1.png\" alt=\"\" class=\"wp-image-2621 size-full\" srcset=\"https:\/\/sites.uel.br\/aintec\/wp-content\/uploads\/2024\/12\/cropped-cropped-Logo-Poliverde-05-svg-1.png 416w, https:\/\/sites.uel.br\/aintec\/wp-content\/uploads\/2024\/12\/cropped-cropped-Logo-Poliverde-05-svg-1-300x246.png 300w\" sizes=\"auto, (max-width: 416px) 100vw, 416px\" \/><\/a><\/figure><div class=\"wp-block-media-text__content\">\n<p class=\"has-text-align-center\"><strong>Poliverde:<\/strong> Somos mais que uma empresa de reciclagem. Transformamos retalhos de tecido em pellets, pequenos tubos de pl\u00e1stico que s\u00e3o mat\u00e9ria prima para produzir tecidos novamente. Praticamos al\u00e9m da economia circular, a economia justa e sustent\u00e1vel, fornecemos mat\u00e9ria prima com excelente rela\u00e7\u00e3o custo x benef\u00edcio.<\/p>\n\n\n\n<p class=\"has-text-align-center\"><strong>Acesse <a href=\"https:\/\/poliverde.com.br\/\">www.poliverde.com.br<\/a> e tamb\u00e9m o Instagram <a href=\"https:\/\/www.instagram.com\/poliverde_br\/\">@poliverde_br<\/a><\/strong><\/p>\n<\/div><\/div>\n\n\n\n<div style=\"height:100px\" aria-hidden=\"true\" class=\"wp-block-spacer\"><\/div>\n\n\n\n<div class=\"wp-block-media-text alignwide is-stacked-on-mobile\" style=\"grid-template-columns:17% auto\"><figure class=\"wp-block-media-text__media\"><a href=\"https:\/\/oazoconsultoria.com.br\/\" target=\"_blank\" rel=\"noreferrer noopener\"><img loading=\"lazy\" decoding=\"async\" width=\"493\" height=\"188\" src=\"https:\/\/sites.uel.br\/aintec\/wp-content\/uploads\/2024\/12\/WhatsApp-Image-2022-09-30-at-11.42.33-1.jpeg\" alt=\"\" class=\"wp-image-2620 size-full\" srcset=\"https:\/\/sites.uel.br\/aintec\/wp-content\/uploads\/2024\/12\/WhatsApp-Image-2022-09-30-at-11.42.33-1.jpeg 493w, https:\/\/sites.uel.br\/aintec\/wp-content\/uploads\/2024\/12\/WhatsApp-Image-2022-09-30-at-11.42.33-1-300x114.jpeg 300w\" sizes=\"auto, (max-width: 493px) 100vw, 493px\" \/><\/a><\/figure><div class=\"wp-block-media-text__content\">\n<p class=\"has-text-align-center\"><strong>OAZO:<\/strong> A empresa foi constitu\u00edda com o intuito de levar \u00e0 sociedade o know how desenvolvido atrav\u00e9s de anos por pesquisadores da \u00e1rea de enfermagem voltado para a tratativa da sede de pacientes em pr\u00e9 e p\u00f3s operat\u00f3rio, queimados e cr\u00edticos. A OAZO \u00e9 uma spin off acad\u00eamica e que j\u00e1 possui contrato de transfer\u00eancia de know how assinado com a UEL.<\/p>\n\n\n\n<p class=\"has-text-align-center\"><strong>Acesse <a href=\"https:\/\/oazoconsultoria.com.br\/\">www.oazoconsultoria.com.br<\/a> e tamb\u00e9m o Instagram <a href=\"https:\/\/www.instagram.com\/oazo.sede\/\">@oazo.sede<\/a><\/strong><\/p>\n<\/div><\/div>\n\n\n\n<div style=\"height:100px\" aria-hidden=\"true\" class=\"wp-block-spacer\"><\/div>\n\n\n\n<div class=\"wp-block-media-text alignwide is-stacked-on-mobile\" style=\"grid-template-columns:16% auto\"><figure class=\"wp-block-media-text__media\"><a href=\"https:\/\/icrop.com.br\/\" target=\"_blank\" rel=\"noreferrer noopener\"><img loading=\"lazy\" decoding=\"async\" width=\"900\" height=\"900\" src=\"https:\/\/sites.uel.br\/aintec\/wp-content\/uploads\/2024\/12\/logo-icrop.jpg\" alt=\"\" class=\"wp-image-2619 size-full\" srcset=\"https:\/\/sites.uel.br\/aintec\/wp-content\/uploads\/2024\/12\/logo-icrop.jpg 900w, https:\/\/sites.uel.br\/aintec\/wp-content\/uploads\/2024\/12\/logo-icrop-300x300.jpg 300w, https:\/\/sites.uel.br\/aintec\/wp-content\/uploads\/2024\/12\/logo-icrop-150x150.jpg 150w, https:\/\/sites.uel.br\/aintec\/wp-content\/uploads\/2024\/12\/logo-icrop-768x768.jpg 768w\" sizes=\"auto, (max-width: 900px) 100vw, 900px\" \/><\/a><\/figure><div class=\"wp-block-media-text__content\">\n<p class=\"has-text-align-center\"><strong>Icrop:<\/strong> Empresa voltada para o desenvolvimento de servi\u00e7os no agro, em espec\u00edfico, quanto a cria\u00e7\u00e3o e desenvolvimento de piv\u00f4s e sistemas de irriga\u00e7\u00e3o, com inova\u00e7\u00e3o tecnol\u00f3gica pr\u00f3pria usando o geoprocessamento. Tem o interesse em desenvolver pesquisas em conjunto a departamentos da Universidade, inclusive com pagamento de bolsas e repasses financeiros.<\/p>\n\n\n\n<p class=\"has-text-align-center\"><strong>Acesse <a href=\"https:\/\/icrop.com.br\/\">www.icrop.com.br<\/a> e tamb\u00e9m o Instagram <a href=\"https:\/\/www.instagram.com\/icropgestaodeirrigacao\/\">@icropgestaodeirrigacao<\/a><\/strong><\/p>\n<\/div><\/div>\n\n\n\n<div style=\"height:100px\" aria-hidden=\"true\" class=\"wp-block-spacer\"><\/div>\n\n\n\n<div class=\"wp-block-media-text alignwide is-stacked-on-mobile\" style=\"grid-template-columns:21% auto\"><figure class=\"wp-block-media-text__media\"><a href=\"https:\/\/biotecativos.com.br\/\" target=\"_blank\" rel=\"noreferrer noopener\"><img loading=\"lazy\" decoding=\"async\" width=\"644\" height=\"253\" src=\"https:\/\/sites.uel.br\/aintec\/wp-content\/uploads\/2024\/09\/Biotec-1.jpg\" alt=\"\" class=\"wp-image-2376 size-full\" srcset=\"https:\/\/sites.uel.br\/aintec\/wp-content\/uploads\/2024\/09\/Biotec-1.jpg 644w, https:\/\/sites.uel.br\/aintec\/wp-content\/uploads\/2024\/09\/Biotec-1-300x118.jpg 300w\" sizes=\"auto, (max-width: 644px) 100vw, 644px\" \/><\/a><\/figure><div class=\"wp-block-media-text__content\">\n<p class=\"has-text-align-center\"><strong>Dos muros da UEL para o mundo<\/strong><\/p>\n\n\n\n<p class=\"has-text-align-center\">A Biotec Ativos \u00e9 uma startup inovadora da Universidade Estadual de Londrina, criada por tr\u00eas pesquisadoras apaixonadas pela ci\u00eancia e pela beleza: Maria Ant\u00f4nia Celligoi, Audrey Lonni e Brianni Bigoto. Sua proposta \u00e9 desenvolver dermocosm\u00e9ticos que combinam tecnologia e ingredientes naturais para proporcionar cuidados excepcionais para a pele.<\/p>\n\n\n\n<hr class=\"wp-block-separator has-alpha-channel-opacity\" \/>\n\n\n\n<p class=\"has-text-align-center\"><strong>A linha de produtos inclui:<\/strong><br>\u2022 \u00c1gua Micelar: Um produto que limpa profundamente a pele, removendo impurezas e maquiagem, deixando a pele fresca e revitalizada.<br>\u2022 Lo\u00e7\u00e3o T\u00f4nica: Este t\u00f4nico \u00e9 ideal para equilibrar o pH da pele e prepar\u00e1-la para os pr\u00f3ximos cuidados, garantindo uma rotina de beleza mais eficaz.<br>\u2022 S\u00e9rum Primer Facial Biolevan: Um poderoso antioxidante que, al\u00e9m de hidratar, proporciona efeito lifting, promovendo uma pele mais firme e radiante.<\/p>\n\n\n\n<hr class=\"wp-block-separator has-alpha-channel-opacity\" \/>\n\n\n\n<p class=\"has-text-align-center\">Os produtos s\u00e3o formulados com a Levana, um exopolissacar\u00eddeo de frutose, fruto de mais de 30 anos de pesquisa, que possui propriedades incr\u00edveis: ret\u00e9m \u00e1gua, atua como um poderoso antioxidante e apresenta a\u00e7\u00e3o anti-inflamat\u00f3ria. Al\u00e9m disso, toda a linha \u00e9 biotecnol\u00f3gica, cruelty-free e vegana, reafirmando o compromisso com a \u00e9tica e a sustentabilidade.<\/p>\n\n\n\n<hr class=\"wp-block-separator has-alpha-channel-opacity\" \/>\n\n\n\n<p class=\"has-text-align-center\">Convidamos voc\u00ea a explorar a Biotec Ativos e conhecer mais sobre os produtos inovadores em seu site. Venha fazer parte desta jornada em busca de uma pele saud\u00e1vel, bonita e consciente!<\/p>\n\n\n\n<p><\/p>\n\n\n\n<p class=\"has-text-align-center\"><strong>Acesse <a href=\"https:\/\/biotecativos.com.br\/\">www.biotecativos.com.br<\/a> e tamb\u00e9m o instagram <a href=\"https:\/\/www.instagram.com\/biotecativos\/\">@biotecativos<\/a><\/strong><\/p>\n<\/div><\/div>\n\n\n\n<div style=\"height:100px\" aria-hidden=\"true\" class=\"wp-block-spacer\"><\/div>\n\n\n\n<div class=\"wp-block-media-text alignwide is-stacked-on-mobile\" style=\"grid-template-columns:20% auto\"><figure class=\"wp-block-media-text__media\"><a href=\"https:\/\/www.tatilfish.com.br\/\" target=\"_blank\" rel=\"noreferrer noopener\"><img loading=\"lazy\" decoding=\"async\" width=\"1024\" height=\"1024\" src=\"https:\/\/sites.uel.br\/aintec\/wp-content\/uploads\/2022\/10\/Tatilfish-1024x1024.jpeg\" alt=\"\" class=\"wp-image-1071 size-full\" srcset=\"https:\/\/sites.uel.br\/aintec\/wp-content\/uploads\/2022\/10\/Tatilfish-1024x1024.jpeg 1024w, https:\/\/sites.uel.br\/aintec\/wp-content\/uploads\/2022\/10\/Tatilfish-300x300.jpeg 300w, https:\/\/sites.uel.br\/aintec\/wp-content\/uploads\/2022\/10\/Tatilfish-150x150.jpeg 150w, https:\/\/sites.uel.br\/aintec\/wp-content\/uploads\/2022\/10\/Tatilfish-768x768.jpeg 768w, https:\/\/sites.uel.br\/aintec\/wp-content\/uploads\/2022\/10\/Tatilfish.jpeg 1280w\" sizes=\"auto, (max-width: 1024px) 100vw, 1024px\" \/><\/a><\/figure><div class=\"wp-block-media-text__content\">\n<p class=\"has-text-align-center\"><strong>Tatilfish: <\/strong>&#8220;A revolu\u00e7\u00e3o em automa\u00e7\u00e3o monitorada para aquicultura.&#8221;<\/p>\n\n\n\n<p class=\"has-text-align-center\"><strong>Acesse <a href=\"https:\/\/www.tatilfish.com.br\/\">www.tatilfish.com.br<\/a> <\/strong><\/p>\n<\/div><\/div>\n\n\n\n<div style=\"height:100px\" aria-hidden=\"true\" class=\"wp-block-spacer\"><\/div>\n<\/div>\n<\/div>\n\n\n\n<div class=\"wp-block-media-text alignwide is-stacked-on-mobile\" style=\"grid-template-columns:24% auto\"><figure class=\"wp-block-media-text__media\"><a href=\"https:\/\/www.agribela.com.br\/\" target=\"_blank\" rel=\"noreferrer noopener\"><img loading=\"lazy\" decoding=\"async\" width=\"150\" height=\"107\" src=\"https:\/\/sites.uel.br\/aintec\/wp-content\/uploads\/2022\/10\/Logo-menor-Agribela.png\" alt=\"\" class=\"wp-image-1079 size-full\" \/><\/a><\/figure><div class=\"wp-block-media-text__content\">\n<p class=\"has-text-align-center\"><strong>Agribela:<\/strong> Tecnologias em amostragem e controle biol\u00f3gico de pragas.<\/p>\n\n\n\n<p class=\"has-text-align-center\"><strong>Acesse <a href=\"https:\/\/www.agribela.com.br\/?fbclid=PAZXh0bgNhZW0CMTEAAabp4wlVIV_016-eeOEeHn0GXUY3czH4R1EodqMPL8Pulpw3Kv8RxQ0s3BM_aem_KlEpTZL03zTKUBCWp9n4OQ\">www.agribela.com.br<\/a> e tamb\u00e9m o Instagram <a href=\"https:\/\/www.instagram.com\/agribela\/\">@agribela<\/a><\/strong><\/p>\n<\/div><\/div>\n\n\n\n<div style=\"height:100px\" aria-hidden=\"true\" class=\"wp-block-spacer\"><\/div>\n\n\n\n<div class=\"wp-block-media-text alignwide is-stacked-on-mobile\" style=\"grid-template-columns:26% auto\"><figure class=\"wp-block-media-text__media\"><a href=\"https:\/\/sistemalift.com.br\/\" target=\"_blank\" rel=\"noreferrer noopener\"><img loading=\"lazy\" decoding=\"async\" width=\"263\" height=\"164\" src=\"https:\/\/sites.uel.br\/aintec\/wp-content\/uploads\/2022\/10\/image.png\" alt=\"\" class=\"wp-image-1082 size-full\" \/><\/a><\/figure><div class=\"wp-block-media-text__content\">\n<p class=\"has-text-align-center\"><strong>Sistema Lift:<\/strong> Software de gest\u00e3o exclusivo para lojas de M\u00f3veis.<\/p>\n\n\n\n<p class=\"has-text-align-center\"><strong>Acesse <a href=\"https:\/\/sistemalift.com.br\/\">www.sistemalift.com.br<\/a> e tamb\u00e9m o Instagram @<a href=\"https:\/\/www.instagram.com\/sistemalift\/#\"><\/a><a href=\"https:\/\/www.instagram.com\/sistemalift\/#\">sistemalift<\/a><\/strong><\/p>\n<\/div><\/div>\n\n\n\n<div style=\"height:100px\" aria-hidden=\"true\" class=\"wp-block-spacer\"><\/div>\n\n\n\n<div class=\"wp-block-media-text alignwide is-stacked-on-mobile\" style=\"grid-template-columns:19% auto\"><figure class=\"wp-block-media-text__media\"><a href=\"https:\/\/www.yuze.com.br\/\" target=\"_blank\" rel=\"noreferrer noopener\"><img loading=\"lazy\" decoding=\"async\" width=\"160\" height=\"80\" src=\"https:\/\/sites.uel.br\/aintec\/wp-content\/uploads\/2022\/10\/WhatsApp-Image-2022-10-19-at-13.34.49.jpeg\" alt=\"\" class=\"wp-image-1090 size-full\" \/><\/a><\/figure><div class=\"wp-block-media-text__content\">\n<p class=\"has-text-align-center\">A yuze nasceu em 2013, fundada por Guilherme Eiras, um engenheiro mec\u00e2nico rec\u00e9m-formado que trabalhava com petr\u00f3leo e tinha como hobby cozinhar. Inconformado com os produtos existentes no mercado, ele abandonou seu emprego est\u00e1vel para criar seus pr\u00f3prios produtos de cozinha.<\/p>\n\n\n\n<p class=\"has-text-align-center\"><strong>Acesse www.yuze.com.br e tamb\u00e9m o Instagram <a href=\"https:\/\/www.instagram.com\/yuzeoficial\/\">@yuzeofical<\/a><\/strong><\/p>\n<\/div><\/div>\n\n\n\n<div style=\"height:100px\" aria-hidden=\"true\" class=\"wp-block-spacer\"><\/div>\n\n\n\n<p class=\"has-text-color\" style=\"color:#fefefe\">..<\/p>\n\n\n\n<div class=\"wp-block-media-text alignwide is-stacked-on-mobile\" style=\"grid-template-columns:18% auto\"><figure class=\"wp-block-media-text__media\"><a href=\"http:\/\/fitovision.com.br\/\" target=\"_blank\" rel=\"noreferrer noopener\"><img loading=\"lazy\" decoding=\"async\" width=\"1024\" height=\"784\" src=\"https:\/\/sites.uel.br\/aintec\/wp-content\/uploads\/2022\/10\/Logo-FitoVision-1024x784.jpg\" alt=\"\" class=\"wp-image-1110 size-full\" srcset=\"https:\/\/sites.uel.br\/aintec\/wp-content\/uploads\/2022\/10\/Logo-FitoVision-1024x784.jpg 1024w, https:\/\/sites.uel.br\/aintec\/wp-content\/uploads\/2022\/10\/Logo-FitoVision-300x230.jpg 300w, https:\/\/sites.uel.br\/aintec\/wp-content\/uploads\/2022\/10\/Logo-FitoVision-768x588.jpg 768w, https:\/\/sites.uel.br\/aintec\/wp-content\/uploads\/2022\/10\/Logo-FitoVision.jpg 1280w\" sizes=\"auto, (max-width: 1024px) 100vw, 1024px\" \/><\/a><\/figure><div class=\"wp-block-media-text__content\">\n<p class=\"has-text-align-center\">A Fitovision Agridata \u00e9 uma empresa de base tecnol\u00f3gica voltada para o ramo agr\u00edcola, situada em Londrina. Fundada no ano de 2016, por uma equipe de Engenheiros agr\u00f4nomos e Cientistas da computa\u00e7\u00e3o, com o objetivo de trazer solu\u00e7\u00f5es para gerenciamento de experimentos agr\u00edcolas.<\/p>\n\n\n\n<p class=\"has-text-align-center\"><strong>Acesse www.fitovision.com.br e tamb\u00e9m o Instagram <a href=\"https:\/\/www.instagram.com\/fitovision.agridata\/\">@fitovision.agridata<\/a><\/strong><\/p>\n<\/div><\/div>\n\n\n\n<div style=\"height:100px\" aria-hidden=\"true\" class=\"wp-block-spacer\"><\/div>\n\n\n\n<p class=\"has-white-color has-text-color\">..<\/p>\n\n\n\n<div class=\"wp-block-media-text alignwide is-stacked-on-mobile\" style=\"grid-template-columns:18% auto\"><figure class=\"wp-block-media-text__media\"><a href=\"https:\/\/www.xmodal.com.br\/\" target=\"_blank\" rel=\"noreferrer noopener\"><img loading=\"lazy\" decoding=\"async\" width=\"361\" height=\"361\" src=\"https:\/\/sites.uel.br\/aintec\/wp-content\/uploads\/2022\/10\/LOGO_20XMODAL.jpg\" alt=\"\" class=\"wp-image-1147 size-full\" srcset=\"https:\/\/sites.uel.br\/aintec\/wp-content\/uploads\/2022\/10\/LOGO_20XMODAL.jpg 361w, https:\/\/sites.uel.br\/aintec\/wp-content\/uploads\/2022\/10\/LOGO_20XMODAL-300x300.jpg 300w, https:\/\/sites.uel.br\/aintec\/wp-content\/uploads\/2022\/10\/LOGO_20XMODAL-150x150.jpg 150w\" sizes=\"auto, (max-width: 361px) 100vw, 361px\" \/><\/a><\/figure><div class=\"wp-block-media-text__content\">\n<p class=\"has-text-align-center\">A xModal \u00e9 um software (Software as a service) para voc\u00ea negociar e gerenciar seus frete nacionais e internacionais com seus agentes, armadores e transportadoras.<\/p>\n\n\n\n<p class=\"has-text-align-center\"><strong>Acesse <a href=\"https:\/\/www.xmodal.com.br\/?fbclid=PAZXh0bgNhZW0CMTEAAaYWCyh-L2T1H0j-suDnyn6AwyBrrZES-jmdExXng5-MVIE9jZwmqX6dPpA_aem_jrM6u8olram7aENuKuZV1w\">www.xmodal.com.br<\/a> e tamb\u00e9m o Instagram <a href=\"https:\/\/www.instagram.com\/xmodal\/\">@xmodal<\/a><\/strong><\/p>\n<\/div><\/div>\n\n\n\n<div style=\"height:100px\" aria-hidden=\"true\" class=\"wp-block-spacer\"><\/div>\n\n\n\n<p class=\"has-white-color has-text-color\">..<\/p>\n\n\n\n<div class=\"wp-block-media-text alignwide is-stacked-on-mobile\" style=\"grid-template-columns:19% auto\"><figure class=\"wp-block-media-text__media\"><a href=\"https:\/\/www.advansis.com.br\/\" target=\"_blank\" rel=\"noreferrer noopener\"><img loading=\"lazy\" decoding=\"async\" width=\"1005\" height=\"1005\" src=\"https:\/\/sites.uel.br\/aintec\/wp-content\/uploads\/2022\/08\/logo-advansis-2.jpg\" alt=\"\" class=\"wp-image-299 size-full\" srcset=\"https:\/\/sites.uel.br\/aintec\/wp-content\/uploads\/2022\/08\/logo-advansis-2.jpg 1005w, https:\/\/sites.uel.br\/aintec\/wp-content\/uploads\/2022\/08\/logo-advansis-2-300x300.jpg 300w, https:\/\/sites.uel.br\/aintec\/wp-content\/uploads\/2022\/08\/logo-advansis-2-150x150.jpg 150w, https:\/\/sites.uel.br\/aintec\/wp-content\/uploads\/2022\/08\/logo-advansis-2-768x768.jpg 768w\" sizes=\"auto, (max-width: 1005px) 100vw, 1005px\" \/><\/a><\/figure><div class=\"wp-block-media-text__content\">\n<p class=\"has-text-align-center\">Advansis \u00e9 uma empresa inovadora no mercado agr\u00edcola brasileiro, trazendo novas tecnologias e aprimoramentos para o desenvolver das mais diversas culturas conduzindo um sistema de produ\u00e7\u00e3o cada vez mais eficiente e sustent\u00e1vel.<\/p>\n\n\n\n<p class=\"has-text-align-center\"><strong>Acesse <a href=\"https:\/\/www.advansis.com.br\/\">www.advansis.com.br<\/a> e tamb\u00e9m o Instagram <a href=\"https:\/\/www.instagram.com\/advansisadjuvantes\/\">@advansisadjuvantes<\/a><\/strong><\/p>\n<\/div><\/div>\n\n\n\n<div style=\"height:100px\" aria-hidden=\"true\" class=\"wp-block-spacer\"><\/div>\n\n\n\n<div class=\"wp-block-media-text is-stacked-on-mobile\" style=\"grid-template-columns:31% auto\"><figure class=\"wp-block-media-text__media\"><img loading=\"lazy\" decoding=\"async\" width=\"728\" height=\"280\" src=\"https:\/\/sites.uel.br\/aintec\/wp-content\/uploads\/2025\/02\/PARA_-AINTEC.png\" alt=\"\" class=\"wp-image-2741 size-full\" srcset=\"https:\/\/sites.uel.br\/aintec\/wp-content\/uploads\/2025\/02\/PARA_-AINTEC.png 728w, https:\/\/sites.uel.br\/aintec\/wp-content\/uploads\/2025\/02\/PARA_-AINTEC-300x115.png 300w\" sizes=\"auto, (max-width: 728px) 100vw, 728px\" \/><\/figure><div class=\"wp-block-media-text__content\">\n<p><\/p>\n\n\n\n<p>Compare Suplimentos: Plataforma para encontrar, comparar e escolher os melhores suplementos do mercado. Nela, voc\u00ea poder\u00e1 n\u00e3o apenas consultar centenas de laudos e reviews, mas tamb\u00e9m comparar laudos e produtos de forma pr\u00e1tica com o app.<\/p>\n\n\n\n<p>Instagram:  <a href=\"https:\/\/www.instagram.com\/compare_suplementos?utm_source=ig_web_button_share_sheet&amp;igsh=ZDNlZDc0MzIxNw==\">Compare Suplementos<\/a><\/p>\n\n\n\n<p><\/p>\n<\/div><\/div>\n","protected":false},"excerpt":{"rendered":"<p>Compare Suplementos: Plataforma para encontrar, comparar e escolher os melhores suplementos do mercado. Nela, voc\u00ea poder\u00e1 n\u00e3o apenas consultar centenas de laudos e reviews, mas tamb\u00e9m comparar laudos e produtos de forma pr\u00e1tica com o app. Poliverde: Somos mais que uma empresa de reciclagem. Transformamos retalhos de tecido em pellets, pequenos tubos de pl\u00e1stico que [&hellip;]<\/p>\n","protected":false},"author":10,"featured_media":0,"parent":0,"menu_order":0,"comment_status":"closed","ping_status":"closed","template":"","meta":{"footnotes":""},"class_list":["post-1029","page","type-page","status-publish","hentry"],"acf":[],"_links":{"self":[{"href":"https:\/\/sites.uel.br\/aintec\/wp-json\/wp\/v2\/pages\/1029","targetHints":{"allow":["GET"]}}],"collection":[{"href":"https:\/\/sites.uel.br\/aintec\/wp-json\/wp\/v2\/pages"}],"about":[{"href":"https:\/\/sites.uel.br\/aintec\/wp-json\/wp\/v2\/types\/page"}],"author":[{"embeddable":true,"href":"https:\/\/sites.uel.br\/aintec\/wp-json\/wp\/v2\/users\/10"}],"replies":[{"embeddable":true,"href":"https:\/\/sites.uel.br\/aintec\/wp-json\/wp\/v2\/comments?post=1029"}],"version-history":[{"count":46,"href":"https:\/\/sites.uel.br\/aintec\/wp-json\/wp\/v2\/pages\/1029\/revisions"}],"predecessor-version":[{"id":3654,"href":"https:\/\/sites.uel.br\/aintec\/wp-json\/wp\/v2\/pages\/1029\/revisions\/3654"}],"wp:attachment":[{"href":"https:\/\/sites.uel.br\/aintec\/wp-json\/wp\/v2\/media?parent=1029"}],"curies":[{"name":"wp","href":"https:\/\/api.w.org\/{rel}","templated":true}]}}