{"id":460,"date":"2024-08-16T15:24:47","date_gmt":"2024-08-16T18:24:47","guid":{"rendered":"https:\/\/sites.uel.br\/aeroportos-uel\/?page_id=460"},"modified":"2024-08-27T14:52:13","modified_gmt":"2024-08-27T17:52:13","slug":"heliponto-hospital-do-cancer-vitoria-es","status":"publish","type":"page","link":"https:\/\/sites.uel.br\/aeroportos-uel\/heliponto-hospital-do-cancer-vitoria-es\/","title":{"rendered":"Heliponto Hospital do C\u00e2ncer \u2014 Vit\u00f3ria, ES"},"content":{"rendered":"\n<div style=\"height:40px\" aria-hidden=\"true\" class=\"wp-block-spacer\"><\/div>\n\n\n<div class=\"wp-block-image\">\n<figure class=\"aligncenter size-large\"><img loading=\"lazy\" decoding=\"async\" width=\"1024\" height=\"724\" src=\"https:\/\/sites.uel.br\/aeroportos-uel\/wp-content\/uploads\/2024\/08\/ACAD-HOSPITAL_SANTA_RITA-A3_1_250-1024x724.png\" alt=\"\" class=\"wp-image-567\" srcset=\"https:\/\/sites.uel.br\/aeroportos-uel\/wp-content\/uploads\/2024\/08\/ACAD-HOSPITAL_SANTA_RITA-A3_1_250-1024x724.png 1024w, https:\/\/sites.uel.br\/aeroportos-uel\/wp-content\/uploads\/2024\/08\/ACAD-HOSPITAL_SANTA_RITA-A3_1_250-300x212.png 300w, https:\/\/sites.uel.br\/aeroportos-uel\/wp-content\/uploads\/2024\/08\/ACAD-HOSPITAL_SANTA_RITA-A3_1_250-768x543.png 768w, https:\/\/sites.uel.br\/aeroportos-uel\/wp-content\/uploads\/2024\/08\/ACAD-HOSPITAL_SANTA_RITA-A3_1_250-1536x1086.png 1536w, https:\/\/sites.uel.br\/aeroportos-uel\/wp-content\/uploads\/2024\/08\/ACAD-HOSPITAL_SANTA_RITA-A3_1_250-2048x1448.png 2048w\" sizes=\"auto, (max-width: 1024px) 100vw, 1024px\" \/><\/figure>\n<\/div>\n\n\n<figure class=\"wp-block-image size-large\"><img loading=\"lazy\" decoding=\"async\" width=\"1024\" height=\"721\" src=\"https:\/\/sites.uel.br\/aeroportos-uel\/wp-content\/uploads\/2024\/08\/imagem_2024-08-23_161937695-1024x721.png\" alt=\"\" class=\"wp-image-655\" srcset=\"https:\/\/sites.uel.br\/aeroportos-uel\/wp-content\/uploads\/2024\/08\/imagem_2024-08-23_161937695-1024x721.png 1024w, https:\/\/sites.uel.br\/aeroportos-uel\/wp-content\/uploads\/2024\/08\/imagem_2024-08-23_161937695-300x211.png 300w, https:\/\/sites.uel.br\/aeroportos-uel\/wp-content\/uploads\/2024\/08\/imagem_2024-08-23_161937695-768x541.png 768w, https:\/\/sites.uel.br\/aeroportos-uel\/wp-content\/uploads\/2024\/08\/imagem_2024-08-23_161937695.png 1275w\" sizes=\"auto, (max-width: 1024px) 100vw, 1024px\" \/><\/figure>\n\n\n\n<figure class=\"wp-block-image size-large\"><img loading=\"lazy\" decoding=\"async\" width=\"1024\" height=\"235\" src=\"https:\/\/sites.uel.br\/aeroportos-uel\/wp-content\/uploads\/2024\/08\/HELIPONTO-VITORIA-1024x235.png\" alt=\"\" class=\"wp-image-820\" srcset=\"https:\/\/sites.uel.br\/aeroportos-uel\/wp-content\/uploads\/2024\/08\/HELIPONTO-VITORIA-1024x235.png 1024w, https:\/\/sites.uel.br\/aeroportos-uel\/wp-content\/uploads\/2024\/08\/HELIPONTO-VITORIA-300x69.png 300w, https:\/\/sites.uel.br\/aeroportos-uel\/wp-content\/uploads\/2024\/08\/HELIPONTO-VITORIA-768x176.png 768w, https:\/\/sites.uel.br\/aeroportos-uel\/wp-content\/uploads\/2024\/08\/HELIPONTO-VITORIA-1536x353.png 1536w, https:\/\/sites.uel.br\/aeroportos-uel\/wp-content\/uploads\/2024\/08\/HELIPONTO-VITORIA-2048x470.png 2048w\" sizes=\"auto, (max-width: 1024px) 100vw, 1024px\" \/><\/figure>\n\n\n\n<p class=\"has-text-align-center\">Projeto do Plano B\u00e1sico de Zona de Prote\u00e7\u00e3o de Heliponto (PBZH).<\/p>\n","protected":false},"excerpt":{"rendered":"<p>Projeto do Plano B\u00e1sico de Zona de Prote\u00e7\u00e3o de Heliponto (PBZH).<\/p>\n","protected":false},"author":9,"featured_media":0,"parent":0,"menu_order":0,"comment_status":"closed","ping_status":"closed","template":"","meta":{"_acf_changed":false,"footnotes":""},"class_list":["post-460","page","type-page","status-publish","hentry"],"acf":[],"_links":{"self":[{"href":"https:\/\/sites.uel.br\/aeroportos-uel\/wp-json\/wp\/v2\/pages\/460","targetHints":{"allow":["GET"]}}],"collection":[{"href":"https:\/\/sites.uel.br\/aeroportos-uel\/wp-json\/wp\/v2\/pages"}],"about":[{"href":"https:\/\/sites.uel.br\/aeroportos-uel\/wp-json\/wp\/v2\/types\/page"}],"author":[{"embeddable":true,"href":"https:\/\/sites.uel.br\/aeroportos-uel\/wp-json\/wp\/v2\/users\/9"}],"replies":[{"embeddable":true,"href":"https:\/\/sites.uel.br\/aeroportos-uel\/wp-json\/wp\/v2\/comments?post=460"}],"version-history":[{"count":6,"href":"https:\/\/sites.uel.br\/aeroportos-uel\/wp-json\/wp\/v2\/pages\/460\/revisions"}],"predecessor-version":[{"id":821,"href":"https:\/\/sites.uel.br\/aeroportos-uel\/wp-json\/wp\/v2\/pages\/460\/revisions\/821"}],"wp:attachment":[{"href":"https:\/\/sites.uel.br\/aeroportos-uel\/wp-json\/wp\/v2\/media?parent=460"}],"curies":[{"name":"wp","href":"https:\/\/api.w.org\/{rel}","templated":true}]}}