{"id":451,"date":"2024-08-16T15:17:40","date_gmt":"2024-08-16T18:17:40","guid":{"rendered":"https:\/\/sites.uel.br\/aeroportos-uel\/?page_id=451"},"modified":"2024-08-27T14:54:12","modified_gmt":"2024-08-27T17:54:12","slug":"heliponto-do-hospital-regional-de-guarapuava-pr","status":"publish","type":"page","link":"https:\/\/sites.uel.br\/aeroportos-uel\/heliponto-do-hospital-regional-de-guarapuava-pr\/","title":{"rendered":"Heliponto do Hospital Regional de Guarapuava \u2014 PR"},"content":{"rendered":"\n<div style=\"height:41px\" aria-hidden=\"true\" class=\"wp-block-spacer\"><\/div>\n\n\n<div class=\"wp-block-image\">\n<figure class=\"aligncenter size-large\"><img loading=\"lazy\" decoding=\"async\" width=\"1024\" height=\"819\" src=\"https:\/\/sites.uel.br\/aeroportos-uel\/wp-content\/uploads\/2024\/08\/HELIPONTO-HOSPITAL-REGIONAL-DE-GUARAPUAVA-PR-1024x819.jpg\" alt=\"\" class=\"wp-image-580\" srcset=\"https:\/\/sites.uel.br\/aeroportos-uel\/wp-content\/uploads\/2024\/08\/HELIPONTO-HOSPITAL-REGIONAL-DE-GUARAPUAVA-PR-1024x819.jpg 1024w, https:\/\/sites.uel.br\/aeroportos-uel\/wp-content\/uploads\/2024\/08\/HELIPONTO-HOSPITAL-REGIONAL-DE-GUARAPUAVA-PR-300x240.jpg 300w, https:\/\/sites.uel.br\/aeroportos-uel\/wp-content\/uploads\/2024\/08\/HELIPONTO-HOSPITAL-REGIONAL-DE-GUARAPUAVA-PR-768x614.jpg 768w, https:\/\/sites.uel.br\/aeroportos-uel\/wp-content\/uploads\/2024\/08\/HELIPONTO-HOSPITAL-REGIONAL-DE-GUARAPUAVA-PR-1536x1229.jpg 1536w, https:\/\/sites.uel.br\/aeroportos-uel\/wp-content\/uploads\/2024\/08\/HELIPONTO-HOSPITAL-REGIONAL-DE-GUARAPUAVA-PR.jpg 1600w\" sizes=\"auto, (max-width: 1024px) 100vw, 1024px\" \/><\/figure>\n<\/div>\n\n\n<div class=\"wp-block-columns is-layout-flex wp-container-core-columns-is-layout-9d6595d7 wp-block-columns-is-layout-flex\">\n<div class=\"wp-block-column is-layout-flow wp-block-column-is-layout-flow\">\n<figure class=\"wp-block-image size-large\"><img loading=\"lazy\" decoding=\"async\" width=\"1024\" height=\"237\" src=\"https:\/\/sites.uel.br\/aeroportos-uel\/wp-content\/uploads\/2024\/08\/HELI-GUARA-1024x237.png\" alt=\"\" class=\"wp-image-825\" srcset=\"https:\/\/sites.uel.br\/aeroportos-uel\/wp-content\/uploads\/2024\/08\/HELI-GUARA-1024x237.png 1024w, https:\/\/sites.uel.br\/aeroportos-uel\/wp-content\/uploads\/2024\/08\/HELI-GUARA-300x70.png 300w, https:\/\/sites.uel.br\/aeroportos-uel\/wp-content\/uploads\/2024\/08\/HELI-GUARA-768x178.png 768w, https:\/\/sites.uel.br\/aeroportos-uel\/wp-content\/uploads\/2024\/08\/HELI-GUARA-1536x356.png 1536w, https:\/\/sites.uel.br\/aeroportos-uel\/wp-content\/uploads\/2024\/08\/HELI-GUARA-2048x475.png 2048w\" sizes=\"auto, (max-width: 1024px) 100vw, 1024px\" \/><\/figure>\n<\/div>\n<\/div>\n\n\n\n<p class=\"has-text-align-center\">Projeto do Plano B\u00e1sico de Zona de Prote\u00e7\u00e3o de Heliponto (PBZH).<\/p>\n","protected":false},"excerpt":{"rendered":"<p>Projeto do Plano B\u00e1sico de Zona de Prote\u00e7\u00e3o de Heliponto (PBZH).<\/p>\n","protected":false},"author":9,"featured_media":0,"parent":0,"menu_order":0,"comment_status":"closed","ping_status":"closed","template":"","meta":{"_acf_changed":false,"footnotes":""},"class_list":["post-451","page","type-page","status-publish","hentry"],"acf":[],"_links":{"self":[{"href":"https:\/\/sites.uel.br\/aeroportos-uel\/wp-json\/wp\/v2\/pages\/451","targetHints":{"allow":["GET"]}}],"collection":[{"href":"https:\/\/sites.uel.br\/aeroportos-uel\/wp-json\/wp\/v2\/pages"}],"about":[{"href":"https:\/\/sites.uel.br\/aeroportos-uel\/wp-json\/wp\/v2\/types\/page"}],"author":[{"embeddable":true,"href":"https:\/\/sites.uel.br\/aeroportos-uel\/wp-json\/wp\/v2\/users\/9"}],"replies":[{"embeddable":true,"href":"https:\/\/sites.uel.br\/aeroportos-uel\/wp-json\/wp\/v2\/comments?post=451"}],"version-history":[{"count":5,"href":"https:\/\/sites.uel.br\/aeroportos-uel\/wp-json\/wp\/v2\/pages\/451\/revisions"}],"predecessor-version":[{"id":826,"href":"https:\/\/sites.uel.br\/aeroportos-uel\/wp-json\/wp\/v2\/pages\/451\/revisions\/826"}],"wp:attachment":[{"href":"https:\/\/sites.uel.br\/aeroportos-uel\/wp-json\/wp\/v2\/media?parent=451"}],"curies":[{"name":"wp","href":"https:\/\/api.w.org\/{rel}","templated":true}]}}