{"id":450,"date":"2024-08-16T15:17:40","date_gmt":"2024-08-16T18:17:40","guid":{"rendered":"https:\/\/sites.uel.br\/aeroportos-uel\/?page_id=450"},"modified":"2024-08-27T14:53:37","modified_gmt":"2024-08-27T17:53:37","slug":"heliponto-complexo-regulador-curitiba-pr","status":"publish","type":"page","link":"https:\/\/sites.uel.br\/aeroportos-uel\/heliponto-complexo-regulador-curitiba-pr\/","title":{"rendered":"Heliponto Complexo Regulador \u2014 Curitiba, PR"},"content":{"rendered":"\n<figure class=\"wp-block-image size-large\"><img loading=\"lazy\" decoding=\"async\" width=\"1024\" height=\"819\" src=\"https:\/\/sites.uel.br\/aeroportos-uel\/wp-content\/uploads\/2024\/08\/HELIPONTO-TARUMA-CURITIBA-1024x819.png\" alt=\"\" class=\"wp-image-672\" srcset=\"https:\/\/sites.uel.br\/aeroportos-uel\/wp-content\/uploads\/2024\/08\/HELIPONTO-TARUMA-CURITIBA-1024x819.png 1024w, https:\/\/sites.uel.br\/aeroportos-uel\/wp-content\/uploads\/2024\/08\/HELIPONTO-TARUMA-CURITIBA-300x240.png 300w, https:\/\/sites.uel.br\/aeroportos-uel\/wp-content\/uploads\/2024\/08\/HELIPONTO-TARUMA-CURITIBA-768x614.png 768w, https:\/\/sites.uel.br\/aeroportos-uel\/wp-content\/uploads\/2024\/08\/HELIPONTO-TARUMA-CURITIBA-1536x1229.png 1536w, https:\/\/sites.uel.br\/aeroportos-uel\/wp-content\/uploads\/2024\/08\/HELIPONTO-TARUMA-CURITIBA.png 1600w\" sizes=\"auto, (max-width: 1024px) 100vw, 1024px\" \/><\/figure>\n\n\n\n<figure class=\"wp-block-image size-large\"><img loading=\"lazy\" decoding=\"async\" width=\"1024\" height=\"240\" src=\"https:\/\/sites.uel.br\/aeroportos-uel\/wp-content\/uploads\/2024\/08\/HELI-CURI-1024x240.png\" alt=\"\" class=\"wp-image-822\" srcset=\"https:\/\/sites.uel.br\/aeroportos-uel\/wp-content\/uploads\/2024\/08\/HELI-CURI-1024x240.png 1024w, https:\/\/sites.uel.br\/aeroportos-uel\/wp-content\/uploads\/2024\/08\/HELI-CURI-300x70.png 300w, https:\/\/sites.uel.br\/aeroportos-uel\/wp-content\/uploads\/2024\/08\/HELI-CURI-768x180.png 768w, https:\/\/sites.uel.br\/aeroportos-uel\/wp-content\/uploads\/2024\/08\/HELI-CURI-1536x360.png 1536w, https:\/\/sites.uel.br\/aeroportos-uel\/wp-content\/uploads\/2024\/08\/HELI-CURI-2048x480.png 2048w\" sizes=\"auto, (max-width: 1024px) 100vw, 1024px\" \/><\/figure>\n\n\n\n<p class=\"has-text-align-center\">Projeto do Plano B\u00e1sico de Zona de Prote\u00e7\u00e3o de Heliponto (PBZH).<\/p>\n","protected":false},"excerpt":{"rendered":"<p>Projeto do Plano B\u00e1sico de Zona de Prote\u00e7\u00e3o de Heliponto (PBZH).<\/p>\n","protected":false},"author":9,"featured_media":0,"parent":0,"menu_order":0,"comment_status":"closed","ping_status":"closed","template":"","meta":{"_acf_changed":false,"footnotes":""},"class_list":["post-450","page","type-page","status-publish","hentry"],"acf":[],"_links":{"self":[{"href":"https:\/\/sites.uel.br\/aeroportos-uel\/wp-json\/wp\/v2\/pages\/450","targetHints":{"allow":["GET"]}}],"collection":[{"href":"https:\/\/sites.uel.br\/aeroportos-uel\/wp-json\/wp\/v2\/pages"}],"about":[{"href":"https:\/\/sites.uel.br\/aeroportos-uel\/wp-json\/wp\/v2\/types\/page"}],"author":[{"embeddable":true,"href":"https:\/\/sites.uel.br\/aeroportos-uel\/wp-json\/wp\/v2\/users\/9"}],"replies":[{"embeddable":true,"href":"https:\/\/sites.uel.br\/aeroportos-uel\/wp-json\/wp\/v2\/comments?post=450"}],"version-history":[{"count":4,"href":"https:\/\/sites.uel.br\/aeroportos-uel\/wp-json\/wp\/v2\/pages\/450\/revisions"}],"predecessor-version":[{"id":824,"href":"https:\/\/sites.uel.br\/aeroportos-uel\/wp-json\/wp\/v2\/pages\/450\/revisions\/824"}],"wp:attachment":[{"href":"https:\/\/sites.uel.br\/aeroportos-uel\/wp-json\/wp\/v2\/media?parent=450"}],"curies":[{"name":"wp","href":"https:\/\/api.w.org\/{rel}","templated":true}]}}