{"id":278,"date":"2024-08-03T16:57:55","date_gmt":"2024-08-03T19:57:55","guid":{"rendered":"https:\/\/sites.uel.br\/aeroportos-uel\/?page_id=278"},"modified":"2024-08-27T20:33:46","modified_gmt":"2024-08-27T23:33:46","slug":"aeroporto-internacional-de-campo-grande-ms-sbcg","status":"publish","type":"page","link":"https:\/\/sites.uel.br\/aeroportos-uel\/aeroporto-internacional-de-campo-grande-ms-sbcg\/","title":{"rendered":"Aeroporto Internacional de Campo Grande \u2014 MS (SBCG)"},"content":{"rendered":"\n<div style=\"height:40px\" aria-hidden=\"true\" class=\"wp-block-spacer\"><\/div>\n\n\n<div class=\"wp-block-image\">\n<figure class=\"aligncenter size-large is-resized\"><img loading=\"lazy\" decoding=\"async\" width=\"1024\" height=\"576\" src=\"https:\/\/sites.uel.br\/aeroportos-uel\/wp-content\/uploads\/2024\/08\/9-render11-211-1024x576.jpg\" alt=\"\" class=\"wp-image-540\" style=\"width:1064px;height:auto\" srcset=\"https:\/\/sites.uel.br\/aeroportos-uel\/wp-content\/uploads\/2024\/08\/9-render11-211-1024x576.jpg 1024w, https:\/\/sites.uel.br\/aeroportos-uel\/wp-content\/uploads\/2024\/08\/9-render11-211-300x169.jpg 300w, https:\/\/sites.uel.br\/aeroportos-uel\/wp-content\/uploads\/2024\/08\/9-render11-211-768x432.jpg 768w, https:\/\/sites.uel.br\/aeroportos-uel\/wp-content\/uploads\/2024\/08\/9-render11-211-1536x864.jpg 1536w, https:\/\/sites.uel.br\/aeroportos-uel\/wp-content\/uploads\/2024\/08\/9-render11-211.jpg 1920w\" sizes=\"auto, (max-width: 1024px) 100vw, 1024px\" \/><\/figure>\n<\/div>\n\n\n<div class=\"wp-block-columns is-layout-flex wp-container-core-columns-is-layout-9d6595d7 wp-block-columns-is-layout-flex\">\n<div class=\"wp-block-column is-layout-flow wp-block-column-is-layout-flow\">\n<figure class=\"wp-block-gallery has-nested-images columns-default is-cropped wp-block-gallery-1 is-layout-flex wp-block-gallery-is-layout-flex\">\n<figure class=\"wp-block-image size-large\"><img loading=\"lazy\" decoding=\"async\" width=\"1024\" height=\"596\" data-id=\"543\" src=\"https:\/\/sites.uel.br\/aeroportos-uel\/wp-content\/uploads\/2024\/08\/AR-06-1024x596.jpg\" alt=\"\" class=\"wp-image-543\" srcset=\"https:\/\/sites.uel.br\/aeroportos-uel\/wp-content\/uploads\/2024\/08\/AR-06-1024x596.jpg 1024w, https:\/\/sites.uel.br\/aeroportos-uel\/wp-content\/uploads\/2024\/08\/AR-06-300x175.jpg 300w, https:\/\/sites.uel.br\/aeroportos-uel\/wp-content\/uploads\/2024\/08\/AR-06-768x447.jpg 768w, https:\/\/sites.uel.br\/aeroportos-uel\/wp-content\/uploads\/2024\/08\/AR-06-1536x894.jpg 1536w, https:\/\/sites.uel.br\/aeroportos-uel\/wp-content\/uploads\/2024\/08\/AR-06.jpg 1595w\" sizes=\"auto, (max-width: 1024px) 100vw, 1024px\" \/><\/figure>\n<\/figure>\n<\/div>\n\n\n\n<div class=\"wp-block-column is-layout-flow wp-block-column-is-layout-flow\">\n<figure class=\"wp-block-gallery has-nested-images columns-default is-cropped wp-block-gallery-2 is-layout-flex wp-block-gallery-is-layout-flex\">\n<figure class=\"wp-block-image size-large\"><img loading=\"lazy\" decoding=\"async\" width=\"1024\" height=\"596\" data-id=\"544\" src=\"https:\/\/sites.uel.br\/aeroportos-uel\/wp-content\/uploads\/2024\/08\/TPS-01-1024x596.jpg\" alt=\"\" class=\"wp-image-544\" srcset=\"https:\/\/sites.uel.br\/aeroportos-uel\/wp-content\/uploads\/2024\/08\/TPS-01-1024x596.jpg 1024w, https:\/\/sites.uel.br\/aeroportos-uel\/wp-content\/uploads\/2024\/08\/TPS-01-300x175.jpg 300w, https:\/\/sites.uel.br\/aeroportos-uel\/wp-content\/uploads\/2024\/08\/TPS-01-768x447.jpg 768w, https:\/\/sites.uel.br\/aeroportos-uel\/wp-content\/uploads\/2024\/08\/TPS-01-1536x894.jpg 1536w, https:\/\/sites.uel.br\/aeroportos-uel\/wp-content\/uploads\/2024\/08\/TPS-01.jpg 1595w\" sizes=\"auto, (max-width: 1024px) 100vw, 1024px\" \/><\/figure>\n<\/figure>\n<\/div>\n<\/div>\n\n\n<div class=\"wp-block-image\">\n<figure class=\"aligncenter size-large is-resized\"><img loading=\"lazy\" decoding=\"async\" width=\"1024\" height=\"596\" src=\"https:\/\/sites.uel.br\/aeroportos-uel\/wp-content\/uploads\/2024\/08\/TERRA-02-1024x596.jpg\" alt=\"\" class=\"wp-image-545\" style=\"width:1062px;height:auto\" srcset=\"https:\/\/sites.uel.br\/aeroportos-uel\/wp-content\/uploads\/2024\/08\/TERRA-02-1024x596.jpg 1024w, https:\/\/sites.uel.br\/aeroportos-uel\/wp-content\/uploads\/2024\/08\/TERRA-02-300x175.jpg 300w, https:\/\/sites.uel.br\/aeroportos-uel\/wp-content\/uploads\/2024\/08\/TERRA-02-768x447.jpg 768w, https:\/\/sites.uel.br\/aeroportos-uel\/wp-content\/uploads\/2024\/08\/TERRA-02-1536x894.jpg 1536w, https:\/\/sites.uel.br\/aeroportos-uel\/wp-content\/uploads\/2024\/08\/TERRA-02.jpg 1595w\" sizes=\"auto, (max-width: 1024px) 100vw, 1024px\" \/><\/figure>\n<\/div>\n\n\n<div class=\"wp-block-columns is-layout-flex wp-container-core-columns-is-layout-9d6595d7 wp-block-columns-is-layout-flex\">\n<div class=\"wp-block-column is-layout-flow wp-block-column-is-layout-flow\">\n<figure class=\"wp-block-image size-large\"><img loading=\"lazy\" decoding=\"async\" width=\"1024\" height=\"459\" src=\"https:\/\/sites.uel.br\/aeroportos-uel\/wp-content\/uploads\/2024\/08\/Screenshot-2024-08-21-174549-1024x459.png\" alt=\"\" class=\"wp-image-546\" srcset=\"https:\/\/sites.uel.br\/aeroportos-uel\/wp-content\/uploads\/2024\/08\/Screenshot-2024-08-21-174549-1024x459.png 1024w, https:\/\/sites.uel.br\/aeroportos-uel\/wp-content\/uploads\/2024\/08\/Screenshot-2024-08-21-174549-300x135.png 300w, https:\/\/sites.uel.br\/aeroportos-uel\/wp-content\/uploads\/2024\/08\/Screenshot-2024-08-21-174549-768x344.png 768w, https:\/\/sites.uel.br\/aeroportos-uel\/wp-content\/uploads\/2024\/08\/Screenshot-2024-08-21-174549-1536x689.png 1536w, https:\/\/sites.uel.br\/aeroportos-uel\/wp-content\/uploads\/2024\/08\/Screenshot-2024-08-21-174549.png 1904w\" sizes=\"auto, (max-width: 1024px) 100vw, 1024px\" \/><\/figure>\n<\/div>\n\n\n\n<div class=\"wp-block-column is-layout-flow wp-block-column-is-layout-flow\">\n<figure class=\"wp-block-image size-large\"><img loading=\"lazy\" decoding=\"async\" width=\"1024\" height=\"461\" src=\"https:\/\/sites.uel.br\/aeroportos-uel\/wp-content\/uploads\/2024\/08\/Screenshot-2024-08-21-174759-1024x461.png\" alt=\"\" class=\"wp-image-547\" srcset=\"https:\/\/sites.uel.br\/aeroportos-uel\/wp-content\/uploads\/2024\/08\/Screenshot-2024-08-21-174759-1024x461.png 1024w, https:\/\/sites.uel.br\/aeroportos-uel\/wp-content\/uploads\/2024\/08\/Screenshot-2024-08-21-174759-300x135.png 300w, https:\/\/sites.uel.br\/aeroportos-uel\/wp-content\/uploads\/2024\/08\/Screenshot-2024-08-21-174759-768x346.png 768w, https:\/\/sites.uel.br\/aeroportos-uel\/wp-content\/uploads\/2024\/08\/Screenshot-2024-08-21-174759-1536x692.png 1536w, https:\/\/sites.uel.br\/aeroportos-uel\/wp-content\/uploads\/2024\/08\/Screenshot-2024-08-21-174759.png 1903w\" sizes=\"auto, (max-width: 1024px) 100vw, 1024px\" \/><\/figure>\n<\/div>\n<\/div>\n\n\n\n<div class=\"wp-block-columns is-layout-flex wp-container-core-columns-is-layout-9d6595d7 wp-block-columns-is-layout-flex\">\n<div class=\"wp-block-column is-layout-flow wp-block-column-is-layout-flow\">\n<div class=\"wp-block-columns is-layout-flex wp-container-core-columns-is-layout-9d6595d7 wp-block-columns-is-layout-flex\">\n<div class=\"wp-block-column is-layout-flow wp-block-column-is-layout-flow\">\n<figure class=\"wp-block-image size-large\"><img loading=\"lazy\" decoding=\"async\" width=\"1024\" height=\"462\" src=\"https:\/\/sites.uel.br\/aeroportos-uel\/wp-content\/uploads\/2024\/08\/Screenshot-2024-08-21-174937-1-1024x462.png\" alt=\"\" class=\"wp-image-550\" srcset=\"https:\/\/sites.uel.br\/aeroportos-uel\/wp-content\/uploads\/2024\/08\/Screenshot-2024-08-21-174937-1-1024x462.png 1024w, https:\/\/sites.uel.br\/aeroportos-uel\/wp-content\/uploads\/2024\/08\/Screenshot-2024-08-21-174937-1-300x135.png 300w, https:\/\/sites.uel.br\/aeroportos-uel\/wp-content\/uploads\/2024\/08\/Screenshot-2024-08-21-174937-1-768x346.png 768w, https:\/\/sites.uel.br\/aeroportos-uel\/wp-content\/uploads\/2024\/08\/Screenshot-2024-08-21-174937-1-1536x693.png 1536w, https:\/\/sites.uel.br\/aeroportos-uel\/wp-content\/uploads\/2024\/08\/Screenshot-2024-08-21-174937-1.png 1900w\" sizes=\"auto, (max-width: 1024px) 100vw, 1024px\" \/><\/figure>\n<\/div>\n\n\n\n<div class=\"wp-block-column is-layout-flow wp-block-column-is-layout-flow\">\n<figure class=\"wp-block-image size-large\"><img loading=\"lazy\" decoding=\"async\" width=\"1024\" height=\"465\" src=\"https:\/\/sites.uel.br\/aeroportos-uel\/wp-content\/uploads\/2024\/08\/Screenshot-2024-08-21-174349-1-1024x465.png\" alt=\"\" class=\"wp-image-551\" srcset=\"https:\/\/sites.uel.br\/aeroportos-uel\/wp-content\/uploads\/2024\/08\/Screenshot-2024-08-21-174349-1-1024x465.png 1024w, https:\/\/sites.uel.br\/aeroportos-uel\/wp-content\/uploads\/2024\/08\/Screenshot-2024-08-21-174349-1-300x136.png 300w, https:\/\/sites.uel.br\/aeroportos-uel\/wp-content\/uploads\/2024\/08\/Screenshot-2024-08-21-174349-1-768x349.png 768w, https:\/\/sites.uel.br\/aeroportos-uel\/wp-content\/uploads\/2024\/08\/Screenshot-2024-08-21-174349-1-1536x698.png 1536w, https:\/\/sites.uel.br\/aeroportos-uel\/wp-content\/uploads\/2024\/08\/Screenshot-2024-08-21-174349-1.png 1912w\" sizes=\"auto, (max-width: 1024px) 100vw, 1024px\" \/><\/figure>\n<\/div>\n<\/div>\n<\/div>\n<\/div>\n\n\n\n<div class=\"wp-block-columns is-layout-flex wp-container-core-columns-is-layout-9d6595d7 wp-block-columns-is-layout-flex\">\n<div class=\"wp-block-column is-layout-flow wp-block-column-is-layout-flow\"><div class=\"wp-block-image\">\n<figure class=\"aligncenter size-full is-resized\"><img loading=\"lazy\" decoding=\"async\" width=\"678\" height=\"480\" src=\"https:\/\/sites.uel.br\/aeroportos-uel\/wp-content\/uploads\/2024\/08\/Screenshot-2024-08-26-153258.png\" alt=\"\" class=\"wp-image-762\" style=\"width:448px;height:auto\" srcset=\"https:\/\/sites.uel.br\/aeroportos-uel\/wp-content\/uploads\/2024\/08\/Screenshot-2024-08-26-153258.png 678w, https:\/\/sites.uel.br\/aeroportos-uel\/wp-content\/uploads\/2024\/08\/Screenshot-2024-08-26-153258-300x212.png 300w\" sizes=\"auto, (max-width: 678px) 100vw, 678px\" \/><\/figure>\n<\/div><\/div>\n\n\n\n<div class=\"wp-block-column is-layout-flow wp-block-column-is-layout-flow\"><div class=\"wp-block-image\">\n<figure class=\"aligncenter size-full is-resized\"><img loading=\"lazy\" decoding=\"async\" width=\"709\" height=\"489\" src=\"https:\/\/sites.uel.br\/aeroportos-uel\/wp-content\/uploads\/2024\/08\/Screenshot-2024-08-26-153436.png\" alt=\"\" class=\"wp-image-763\" style=\"width:457px;height:auto\" srcset=\"https:\/\/sites.uel.br\/aeroportos-uel\/wp-content\/uploads\/2024\/08\/Screenshot-2024-08-26-153436.png 709w, https:\/\/sites.uel.br\/aeroportos-uel\/wp-content\/uploads\/2024\/08\/Screenshot-2024-08-26-153436-300x207.png 300w\" sizes=\"auto, (max-width: 709px) 100vw, 709px\" \/><\/figure>\n<\/div><\/div>\n<\/div>\n\n\n\n<div class=\"wp-block-columns is-layout-flex wp-container-core-columns-is-layout-9d6595d7 wp-block-columns-is-layout-flex\">\n<div class=\"wp-block-column is-layout-flow wp-block-column-is-layout-flow\">\n<figure class=\"wp-block-image size-large\"><img loading=\"lazy\" decoding=\"async\" width=\"1024\" height=\"223\" src=\"https:\/\/sites.uel.br\/aeroportos-uel\/wp-content\/uploads\/2024\/08\/CAMPO-GRANDE-1024x223.png\" alt=\"\" class=\"wp-image-802\" srcset=\"https:\/\/sites.uel.br\/aeroportos-uel\/wp-content\/uploads\/2024\/08\/CAMPO-GRANDE-1024x223.png 1024w, https:\/\/sites.uel.br\/aeroportos-uel\/wp-content\/uploads\/2024\/08\/CAMPO-GRANDE-300x65.png 300w, https:\/\/sites.uel.br\/aeroportos-uel\/wp-content\/uploads\/2024\/08\/CAMPO-GRANDE-768x167.png 768w, https:\/\/sites.uel.br\/aeroportos-uel\/wp-content\/uploads\/2024\/08\/CAMPO-GRANDE-1536x334.png 1536w, https:\/\/sites.uel.br\/aeroportos-uel\/wp-content\/uploads\/2024\/08\/CAMPO-GRANDE-2048x445.png 2048w\" sizes=\"auto, (max-width: 1024px) 100vw, 1024px\" \/><\/figure>\n<\/div>\n<\/div>\n\n\n\n<p class=\"has-text-align-center\">Anteprojeto e coordena\u00e7\u00e3o dos projetos de arquitetura, para reforma e amplia\u00e7\u00e3o do terminal de passageiros.<\/p>\n\n\n\n<figure class=\"wp-block-video\"><video height=\"1024\" style=\"aspect-ratio: 1820 \/ 1024;\" width=\"1820\" controls src=\"https:\/\/sites.uel.br\/aeroportos-uel\/wp-content\/uploads\/2024\/08\/Animacao-Aeroporto-1-1-1.mp4\"><\/video><\/figure>\n","protected":false},"excerpt":{"rendered":"<p>Anteprojeto e coordena\u00e7\u00e3o dos projetos de arquitetura, para reforma e amplia\u00e7\u00e3o do terminal de passageiros.<\/p>\n","protected":false},"author":10,"featured_media":0,"parent":0,"menu_order":0,"comment_status":"closed","ping_status":"closed","template":"","meta":{"_acf_changed":false,"footnotes":""},"class_list":["post-278","page","type-page","status-publish","hentry"],"acf":[],"_links":{"self":[{"href":"https:\/\/sites.uel.br\/aeroportos-uel\/wp-json\/wp\/v2\/pages\/278","targetHints":{"allow":["GET"]}}],"collection":[{"href":"https:\/\/sites.uel.br\/aeroportos-uel\/wp-json\/wp\/v2\/pages"}],"about":[{"href":"https:\/\/sites.uel.br\/aeroportos-uel\/wp-json\/wp\/v2\/types\/page"}],"author":[{"embeddable":true,"href":"https:\/\/sites.uel.br\/aeroportos-uel\/wp-json\/wp\/v2\/users\/10"}],"replies":[{"embeddable":true,"href":"https:\/\/sites.uel.br\/aeroportos-uel\/wp-json\/wp\/v2\/comments?post=278"}],"version-history":[{"count":13,"href":"https:\/\/sites.uel.br\/aeroportos-uel\/wp-json\/wp\/v2\/pages\/278\/revisions"}],"predecessor-version":[{"id":875,"href":"https:\/\/sites.uel.br\/aeroportos-uel\/wp-json\/wp\/v2\/pages\/278\/revisions\/875"}],"wp:attachment":[{"href":"https:\/\/sites.uel.br\/aeroportos-uel\/wp-json\/wp\/v2\/media?parent=278"}],"curies":[{"name":"wp","href":"https:\/\/api.w.org\/{rel}","templated":true}]}}