{"id":276,"date":"2024-08-03T16:57:55","date_gmt":"2024-08-03T19:57:55","guid":{"rendered":"https:\/\/sites.uel.br\/aeroportos-uel\/?page_id=276"},"modified":"2024-08-27T14:55:27","modified_gmt":"2024-08-27T17:55:27","slug":"condominio-aeronautico-maanain-londrina-pr","status":"publish","type":"page","link":"https:\/\/sites.uel.br\/aeroportos-uel\/condominio-aeronautico-maanain-londrina-pr\/","title":{"rendered":"Condom\u00ednio Aeron\u00e1utico MAANAIN \u2014 Londrina, PR"},"content":{"rendered":"\n<div style=\"height:40px\" aria-hidden=\"true\" class=\"wp-block-spacer\"><\/div>\n\n\n<div class=\"wp-block-image\">\n<figure class=\"aligncenter size-large is-resized\"><img loading=\"lazy\" decoding=\"async\" width=\"1024\" height=\"313\" src=\"https:\/\/sites.uel.br\/aeroportos-uel\/wp-content\/uploads\/2024\/08\/AERO-MAANAIM-V44-1024x313.png\" alt=\"\" class=\"wp-image-678\" style=\"width:1074px;height:auto\" srcset=\"https:\/\/sites.uel.br\/aeroportos-uel\/wp-content\/uploads\/2024\/08\/AERO-MAANAIM-V44-1024x313.png 1024w, https:\/\/sites.uel.br\/aeroportos-uel\/wp-content\/uploads\/2024\/08\/AERO-MAANAIM-V44-300x92.png 300w, https:\/\/sites.uel.br\/aeroportos-uel\/wp-content\/uploads\/2024\/08\/AERO-MAANAIM-V44-768x235.png 768w, https:\/\/sites.uel.br\/aeroportos-uel\/wp-content\/uploads\/2024\/08\/AERO-MAANAIM-V44-1536x469.png 1536w, https:\/\/sites.uel.br\/aeroportos-uel\/wp-content\/uploads\/2024\/08\/AERO-MAANAIM-V44-2048x626.png 2048w\" sizes=\"auto, (max-width: 1024px) 100vw, 1024px\" \/><\/figure>\n<\/div>\n\n\n<figure class=\"wp-block-gallery has-nested-images columns-default is-cropped wp-block-gallery-1 is-layout-flex wp-block-gallery-is-layout-flex\"><div class=\"wp-block-image\">\n<figure class=\"aligncenter size-large\"><img loading=\"lazy\" decoding=\"async\" width=\"1024\" height=\"466\" data-id=\"699\" src=\"https:\/\/sites.uel.br\/aeroportos-uel\/wp-content\/uploads\/2024\/08\/imagem_2024-08-23_171457464-1024x466.png\" alt=\"\" class=\"wp-image-699\" srcset=\"https:\/\/sites.uel.br\/aeroportos-uel\/wp-content\/uploads\/2024\/08\/imagem_2024-08-23_171457464-1024x466.png 1024w, https:\/\/sites.uel.br\/aeroportos-uel\/wp-content\/uploads\/2024\/08\/imagem_2024-08-23_171457464-300x137.png 300w, https:\/\/sites.uel.br\/aeroportos-uel\/wp-content\/uploads\/2024\/08\/imagem_2024-08-23_171457464-768x350.png 768w, https:\/\/sites.uel.br\/aeroportos-uel\/wp-content\/uploads\/2024\/08\/imagem_2024-08-23_171457464-1536x699.png 1536w, https:\/\/sites.uel.br\/aeroportos-uel\/wp-content\/uploads\/2024\/08\/imagem_2024-08-23_171457464.png 1891w\" sizes=\"auto, (max-width: 1024px) 100vw, 1024px\" \/><\/figure>\n<\/div><\/figure>\n\n\n\n<figure class=\"wp-block-image size-large\"><img loading=\"lazy\" decoding=\"async\" width=\"1024\" height=\"236\" src=\"https:\/\/sites.uel.br\/aeroportos-uel\/wp-content\/uploads\/2024\/08\/CONDO-1024x236.png\" alt=\"\" class=\"wp-image-829\" srcset=\"https:\/\/sites.uel.br\/aeroportos-uel\/wp-content\/uploads\/2024\/08\/CONDO-1024x236.png 1024w, https:\/\/sites.uel.br\/aeroportos-uel\/wp-content\/uploads\/2024\/08\/CONDO-300x69.png 300w, https:\/\/sites.uel.br\/aeroportos-uel\/wp-content\/uploads\/2024\/08\/CONDO-768x177.png 768w, https:\/\/sites.uel.br\/aeroportos-uel\/wp-content\/uploads\/2024\/08\/CONDO-1536x354.png 1536w, https:\/\/sites.uel.br\/aeroportos-uel\/wp-content\/uploads\/2024\/08\/CONDO-2048x473.png 2048w\" sizes=\"auto, (max-width: 1024px) 100vw, 1024px\" \/><\/figure>\n\n\n\n<p class=\"has-text-align-center\">Projeto arquitet\u00f4nico, anteprojeto, projeto b\u00e1sico, projeto executivo, compatibiliza\u00e7\u00e3o e gerenciamento de projetos e maquete digital. <\/p>\n","protected":false},"excerpt":{"rendered":"<p>Projeto arquitet\u00f4nico, anteprojeto, projeto b\u00e1sico, projeto executivo, compatibiliza\u00e7\u00e3o e gerenciamento de projetos e maquete digital.<\/p>\n","protected":false},"author":10,"featured_media":0,"parent":0,"menu_order":0,"comment_status":"closed","ping_status":"closed","template":"","meta":{"_acf_changed":false,"footnotes":""},"class_list":["post-276","page","type-page","status-publish","hentry"],"acf":[],"_links":{"self":[{"href":"https:\/\/sites.uel.br\/aeroportos-uel\/wp-json\/wp\/v2\/pages\/276","targetHints":{"allow":["GET"]}}],"collection":[{"href":"https:\/\/sites.uel.br\/aeroportos-uel\/wp-json\/wp\/v2\/pages"}],"about":[{"href":"https:\/\/sites.uel.br\/aeroportos-uel\/wp-json\/wp\/v2\/types\/page"}],"author":[{"embeddable":true,"href":"https:\/\/sites.uel.br\/aeroportos-uel\/wp-json\/wp\/v2\/users\/10"}],"replies":[{"embeddable":true,"href":"https:\/\/sites.uel.br\/aeroportos-uel\/wp-json\/wp\/v2\/comments?post=276"}],"version-history":[{"count":6,"href":"https:\/\/sites.uel.br\/aeroportos-uel\/wp-json\/wp\/v2\/pages\/276\/revisions"}],"predecessor-version":[{"id":830,"href":"https:\/\/sites.uel.br\/aeroportos-uel\/wp-json\/wp\/v2\/pages\/276\/revisions\/830"}],"wp:attachment":[{"href":"https:\/\/sites.uel.br\/aeroportos-uel\/wp-json\/wp\/v2\/media?parent=276"}],"curies":[{"name":"wp","href":"https:\/\/api.w.org\/{rel}","templated":true}]}}