{"id":270,"date":"2024-08-03T16:57:55","date_gmt":"2024-08-03T19:57:55","guid":{"rendered":"https:\/\/sites.uel.br\/aeroportos-uel\/?page_id=270"},"modified":"2024-08-27T15:04:17","modified_gmt":"2024-08-27T18:04:17","slug":"secao-contra-incendio-sci-londrina-pr-sblo","status":"publish","type":"page","link":"https:\/\/sites.uel.br\/aeroportos-uel\/secao-contra-incendio-sci-londrina-pr-sblo\/","title":{"rendered":"Se\u00e7\u00e3o Contra Inc\u00eandio (SCI) \u2014 Londrina, PR (SBLO)"},"content":{"rendered":"\n<div style=\"height:40px\" aria-hidden=\"true\" class=\"wp-block-spacer\"><\/div>\n\n\n<div class=\"wp-block-image\">\n<figure class=\"aligncenter size-full is-resized\"><img loading=\"lazy\" decoding=\"async\" width=\"631\" height=\"231\" src=\"https:\/\/sites.uel.br\/aeroportos-uel\/wp-content\/uploads\/2024\/08\/imagem_2024-08-03_161036901.png\" alt=\"\" class=\"wp-image-253\" style=\"width:835px;height:auto\" srcset=\"https:\/\/sites.uel.br\/aeroportos-uel\/wp-content\/uploads\/2024\/08\/imagem_2024-08-03_161036901.png 631w, https:\/\/sites.uel.br\/aeroportos-uel\/wp-content\/uploads\/2024\/08\/imagem_2024-08-03_161036901-300x110.png 300w\" sizes=\"auto, (max-width: 631px) 100vw, 631px\" \/><\/figure>\n<\/div>\n\n\n<figure class=\"wp-block-image size-large\"><img loading=\"lazy\" decoding=\"async\" width=\"1024\" height=\"231\" src=\"https:\/\/sites.uel.br\/aeroportos-uel\/wp-content\/uploads\/2024\/08\/INCENDIO-1024x231.png\" alt=\"\" class=\"wp-image-843\" srcset=\"https:\/\/sites.uel.br\/aeroportos-uel\/wp-content\/uploads\/2024\/08\/INCENDIO-1024x231.png 1024w, https:\/\/sites.uel.br\/aeroportos-uel\/wp-content\/uploads\/2024\/08\/INCENDIO-300x68.png 300w, https:\/\/sites.uel.br\/aeroportos-uel\/wp-content\/uploads\/2024\/08\/INCENDIO-768x173.png 768w, https:\/\/sites.uel.br\/aeroportos-uel\/wp-content\/uploads\/2024\/08\/INCENDIO-1536x347.png 1536w, https:\/\/sites.uel.br\/aeroportos-uel\/wp-content\/uploads\/2024\/08\/INCENDIO-2048x462.png 2048w\" sizes=\"auto, (max-width: 1024px) 100vw, 1024px\" \/><\/figure>\n\n\n\n<p class=\"has-text-align-center\">Projeto arquitet\u00f4nico, anteprojeto, projeto b\u00e1sico, projeto executivo, projetos complementares, compatibiliza\u00e7\u00e3o e gerenciamento de projetos.<\/p>\n\n\n\n<p><\/p>\n","protected":false},"excerpt":{"rendered":"<p>Projeto arquitet\u00f4nico, anteprojeto, projeto b\u00e1sico, projeto executivo, projetos complementares, compatibiliza\u00e7\u00e3o e gerenciamento de projetos.<\/p>\n","protected":false},"author":10,"featured_media":0,"parent":0,"menu_order":0,"comment_status":"closed","ping_status":"closed","template":"","meta":{"_acf_changed":false,"footnotes":""},"class_list":["post-270","page","type-page","status-publish","hentry"],"acf":[],"_links":{"self":[{"href":"https:\/\/sites.uel.br\/aeroportos-uel\/wp-json\/wp\/v2\/pages\/270","targetHints":{"allow":["GET"]}}],"collection":[{"href":"https:\/\/sites.uel.br\/aeroportos-uel\/wp-json\/wp\/v2\/pages"}],"about":[{"href":"https:\/\/sites.uel.br\/aeroportos-uel\/wp-json\/wp\/v2\/types\/page"}],"author":[{"embeddable":true,"href":"https:\/\/sites.uel.br\/aeroportos-uel\/wp-json\/wp\/v2\/users\/10"}],"replies":[{"embeddable":true,"href":"https:\/\/sites.uel.br\/aeroportos-uel\/wp-json\/wp\/v2\/comments?post=270"}],"version-history":[{"count":6,"href":"https:\/\/sites.uel.br\/aeroportos-uel\/wp-json\/wp\/v2\/pages\/270\/revisions"}],"predecessor-version":[{"id":844,"href":"https:\/\/sites.uel.br\/aeroportos-uel\/wp-json\/wp\/v2\/pages\/270\/revisions\/844"}],"wp:attachment":[{"href":"https:\/\/sites.uel.br\/aeroportos-uel\/wp-json\/wp\/v2\/media?parent=270"}],"curies":[{"name":"wp","href":"https:\/\/api.w.org\/{rel}","templated":true}]}}