{"id":237,"date":"2024-08-02T22:09:23","date_gmt":"2024-08-03T01:09:23","guid":{"rendered":"https:\/\/sites.uel.br\/aeroportos-uel\/?page_id=237"},"modified":"2024-08-26T20:15:12","modified_gmt":"2024-08-26T23:15:12","slug":"projetos","status":"publish","type":"page","link":"https:\/\/sites.uel.br\/aeroportos-uel\/projetos\/","title":{"rendered":"PROJETOS"},"content":{"rendered":"\n<p><strong><a href=\"https:\/\/sites.uel.br\/aeroportos-uel\/aeroporto-internacional-de-campo-grande-ms-sbcg\/\">Aeroporto Internacional de Campo Grande \u2014 MS (SBCG)<\/a><\/strong><\/p>\n\n\n\n<p><strong><a href=\"https:\/\/sites.uel.br\/aeroportos-uel\/aeroporto-de-londrina-pr-sblo\/\">Aeroporto de Londrina \u2014 PR (SBLO)<\/a><\/strong><\/p>\n\n\n\n<p><a href=\"https:\/\/sites.uel.br\/aeroportos-uel\/aeroporto-de-cascavel-pr-sbca\/\"><strong>Aeroporto de Cascavel \u2014 PR (SBLO)<\/strong><\/a><\/p>\n\n\n\n<p><a href=\"https:\/\/sites.uel.br\/aeroportos-uel\/aeroporto-de-florianopolis-sc-sbfl\/\"><strong>Aeroporto de Florian\u00f3polis \u2014 SC (SBFL)<\/strong><\/a><\/p>\n\n\n\n<p><a href=\"https:\/\/sites.uel.br\/aeroportos-uel\/aeroporto-de-joinville-sc-sbjv\/\"><strong>Aeroporto de Joinville \u2014 SC (SBJV)<\/strong><\/a><\/p>\n\n\n\n<p><strong><a href=\"https:\/\/sites.uel.br\/aeroportos-uel\/aeroporto-de-foz-do-iguacu-pr-sbfi\/\">Aeroporto de Foz do Igua\u00e7u \u2014 PR  (SBFI)<\/a><\/strong><\/p>\n\n\n\n<p><a href=\"https:\/\/sites.uel.br\/aeroportos-uel\/aerosud-renascenca-pr\/\"><strong>Aeroporto Regional de Francisco Beltr\u00e3o \u2014 PR<\/strong><\/a><\/p>\n\n\n\n<p><strong><a href=\"https:\/\/sites.uel.br\/aeroportos-uel\/aeroporto-regional-do-sudoeste-do-parana-renascenca-pr\/\">Aeroporto Regional do Sudoeste do Paran\u00e1 \u2014 Renascen\u00e7a, PR<\/a><\/strong><\/p>\n\n\n\n<p><a href=\"https:\/\/sites.uel.br\/aeroportos-uel\/aeroporto-de-navegantes-sc-sbnf\/\"><strong>Aeroporto de Navegantes \u2014 SC (SBNF)<\/strong><\/a><\/p>\n\n\n\n<p><a href=\"https:\/\/sites.uel.br\/aeroportos-uel\/concurso-iab-aeroporto-de-florianopolis-sc\/\"><strong>Concurso IAB \u2014 Aeroporto de Florian\u00f3polis, SC<\/strong><\/a><\/p>\n\n\n\n<p><a href=\"https:\/\/sites.uel.br\/aeroportos-uel\/heliponto-hospital-do-cancer-vitoria-es\/\"><strong>Heliponto Hospital do C\u00e2ncer \u2014 Vit\u00f3ria, ES<\/strong><\/a><\/p>\n\n\n\n<p><a href=\"https:\/\/sites.uel.br\/aeroportos-uel\/heliponto-complexo-regulador-curitiba-pr\/\"><strong>Heliponto Complexo Regulador \u2014 Curitiba, PR<\/strong><\/a><\/p>\n\n\n\n<p><a href=\"https:\/\/sites.uel.br\/aeroportos-uel\/heliponto-do-hospital-regional-de-guarapuava-pr\/\"><strong>Heliponto do Hospital Regional de Guarapuava \u2014 PR<\/strong><\/a><\/p>\n\n\n\n<p><strong><a href=\"https:\/\/sites.uel.br\/aeroportos-uel\/estacionamento-aeroporto-de-maringa-pr-sbmg\/\">Estacionamento | Aeroporto de Maring\u00e1 \u2014 PR  (SBMG)<\/a><\/strong><\/p>\n\n\n\n<p><strong><a href=\"https:\/\/sites.uel.br\/aeroportos-uel\/condominio-aeronautico-maanain-londrina-pr\/\">Condom\u00ednio Aeron\u00e1utico Maanain\u2014 Londrina, PR<\/a> <\/strong><\/p>\n\n\n\n<p><a href=\"https:\/\/sites.uel.br\/aeroportos-uel\/secao-contra-incendio-sci-londrina-pr-sblo\/\"><strong>Se\u00e7\u00e3o Contra Inc\u00eandio (SCI) \u2014<\/strong> <strong>Londrina<\/strong>, <strong>PR (SBLO)<\/strong><\/a><\/p>\n\n\n\n<p><\/p>\n","protected":false},"excerpt":{"rendered":"<p>Aeroporto Internacional de Campo Grande \u2014 MS (SBCG) Aeroporto de Londrina \u2014 PR (SBLO) Aeroporto de Cascavel \u2014 PR (SBLO) Aeroporto de Florian\u00f3polis \u2014 SC (SBFL) Aeroporto de Joinville \u2014 SC (SBJV) Aeroporto de Foz do Igua\u00e7u \u2014 PR (SBFI) Aeroporto Regional de Francisco Beltr\u00e3o \u2014 PR Aeroporto Regional do Sudoeste do Paran\u00e1 \u2014 Renascen\u00e7a, [&hellip;]<\/p>\n","protected":false},"author":10,"featured_media":0,"parent":0,"menu_order":0,"comment_status":"closed","ping_status":"closed","template":"","meta":{"_acf_changed":false,"footnotes":""},"class_list":["post-237","page","type-page","status-publish","hentry"],"acf":[],"_links":{"self":[{"href":"https:\/\/sites.uel.br\/aeroportos-uel\/wp-json\/wp\/v2\/pages\/237","targetHints":{"allow":["GET"]}}],"collection":[{"href":"https:\/\/sites.uel.br\/aeroportos-uel\/wp-json\/wp\/v2\/pages"}],"about":[{"href":"https:\/\/sites.uel.br\/aeroportos-uel\/wp-json\/wp\/v2\/types\/page"}],"author":[{"embeddable":true,"href":"https:\/\/sites.uel.br\/aeroportos-uel\/wp-json\/wp\/v2\/users\/10"}],"replies":[{"embeddable":true,"href":"https:\/\/sites.uel.br\/aeroportos-uel\/wp-json\/wp\/v2\/comments?post=237"}],"version-history":[{"count":22,"href":"https:\/\/sites.uel.br\/aeroportos-uel\/wp-json\/wp\/v2\/pages\/237\/revisions"}],"predecessor-version":[{"id":797,"href":"https:\/\/sites.uel.br\/aeroportos-uel\/wp-json\/wp\/v2\/pages\/237\/revisions\/797"}],"wp:attachment":[{"href":"https:\/\/sites.uel.br\/aeroportos-uel\/wp-json\/wp\/v2\/media?parent=237"}],"curies":[{"name":"wp","href":"https:\/\/api.w.org\/{rel}","templated":true}]}}