{"id":148,"date":"2024-08-02T10:26:17","date_gmt":"2024-08-02T13:26:17","guid":{"rendered":"https:\/\/sites.uel.br\/aeroportos-uel\/?page_id=148"},"modified":"2024-08-09T16:32:33","modified_gmt":"2024-08-09T19:32:33","slug":"terminais-de-passageiros-aeroportuarios-2","status":"publish","type":"page","link":"https:\/\/sites.uel.br\/aeroportos-uel\/terminais-de-passageiros-aeroportuarios-2\/","title":{"rendered":"Terminais de Passageiros Aeroportu\u00e1rios"},"content":{"rendered":"\n<p><\/p>\n\n\n\n<p>     Termo utilizado para se referir \u00e0 estrutura f\u00edsica e operacional dos aeroportos, onde os passageiros embarcam e desembarcam de aeronaves. Esses terminais s\u00e3o projetados para facilitar a movimenta\u00e7\u00e3o de passageiros, bagagens e carga, e geralmente incluem uma s\u00e9rie de comodidades e servi\u00e7os.<\/p>\n","protected":false},"excerpt":{"rendered":"<p>Termo utilizado para se referir \u00e0 estrutura f\u00edsica e operacional dos aeroportos, onde os passageiros embarcam e desembarcam de aeronaves. Esses terminais s\u00e3o projetados para facilitar a movimenta\u00e7\u00e3o de passageiros, bagagens e carga, e geralmente incluem uma s\u00e9rie de comodidades e servi\u00e7os.<\/p>\n","protected":false},"author":10,"featured_media":0,"parent":0,"menu_order":0,"comment_status":"closed","ping_status":"closed","template":"","meta":{"_acf_changed":false,"footnotes":""},"class_list":["post-148","page","type-page","status-publish","hentry"],"acf":[],"_links":{"self":[{"href":"https:\/\/sites.uel.br\/aeroportos-uel\/wp-json\/wp\/v2\/pages\/148","targetHints":{"allow":["GET"]}}],"collection":[{"href":"https:\/\/sites.uel.br\/aeroportos-uel\/wp-json\/wp\/v2\/pages"}],"about":[{"href":"https:\/\/sites.uel.br\/aeroportos-uel\/wp-json\/wp\/v2\/types\/page"}],"author":[{"embeddable":true,"href":"https:\/\/sites.uel.br\/aeroportos-uel\/wp-json\/wp\/v2\/users\/10"}],"replies":[{"embeddable":true,"href":"https:\/\/sites.uel.br\/aeroportos-uel\/wp-json\/wp\/v2\/comments?post=148"}],"version-history":[{"count":4,"href":"https:\/\/sites.uel.br\/aeroportos-uel\/wp-json\/wp\/v2\/pages\/148\/revisions"}],"predecessor-version":[{"id":417,"href":"https:\/\/sites.uel.br\/aeroportos-uel\/wp-json\/wp\/v2\/pages\/148\/revisions\/417"}],"wp:attachment":[{"href":"https:\/\/sites.uel.br\/aeroportos-uel\/wp-json\/wp\/v2\/media?parent=148"}],"curies":[{"name":"wp","href":"https:\/\/api.w.org\/{rel}","templated":true}]}}