{"id":147,"date":"2024-08-02T10:26:17","date_gmt":"2024-08-02T13:26:17","guid":{"rendered":"https:\/\/sites.uel.br\/aeroportos-uel\/?page_id=147"},"modified":"2024-08-09T16:30:46","modified_gmt":"2024-08-09T19:30:46","slug":"estudos-de-integracao-da-legislacao-aeronautica-x-municipal-2","status":"publish","type":"page","link":"https:\/\/sites.uel.br\/aeroportos-uel\/estudos-de-integracao-da-legislacao-aeronautica-x-municipal-2\/","title":{"rendered":"Estudos de integra\u00e7\u00e3o da legisla\u00e7\u00e3o aeron\u00e1utica X municipal"},"content":{"rendered":"\n<p><\/p>\n\n\n\n<p>Os estudos de integra\u00e7\u00e3o entre a legisla\u00e7\u00e3o aeron\u00e1utica e a legisla\u00e7\u00e3o municipal buscam harmonizar as normas e regulamentos que regem a opera\u00e7\u00e3o dos aeroportos e as atividades aeron\u00e1uticas com as pol\u00edticas e leis locais. Esses estudos s\u00e3o fundamentais para garantir que as regulamenta\u00e7\u00f5es municipais n\u00e3o conflitem com as normas federais e internacionais que governam o setor a\u00e9reo, e vice-versa.<\/p>\n\n\n\n<p>Esses estudos s\u00e3o importantes para criar um ambiente regulat\u00f3rio coerente, onde as legisla\u00e7\u00f5es municipais e aeron\u00e1uticas se complementam, promovendo o desenvolvimento seguro e eficiente do setor a\u00e9reo e garantindo que o crescimento urbano e a opera\u00e7\u00e3o dos aeroportos ocorram de forma integrada e harmoniosa.<\/p>\n","protected":false},"excerpt":{"rendered":"<p>Os estudos de integra\u00e7\u00e3o entre a legisla\u00e7\u00e3o aeron\u00e1utica e a legisla\u00e7\u00e3o municipal buscam harmonizar as normas e regulamentos que regem a opera\u00e7\u00e3o dos aeroportos e as atividades aeron\u00e1uticas com as pol\u00edticas e leis locais. Esses estudos s\u00e3o fundamentais para garantir que as regulamenta\u00e7\u00f5es municipais n\u00e3o conflitem com as normas federais e internacionais que governam o [&hellip;]<\/p>\n","protected":false},"author":10,"featured_media":0,"parent":0,"menu_order":0,"comment_status":"closed","ping_status":"closed","template":"","meta":{"_acf_changed":false,"footnotes":""},"class_list":["post-147","page","type-page","status-publish","hentry"],"acf":[],"_links":{"self":[{"href":"https:\/\/sites.uel.br\/aeroportos-uel\/wp-json\/wp\/v2\/pages\/147","targetHints":{"allow":["GET"]}}],"collection":[{"href":"https:\/\/sites.uel.br\/aeroportos-uel\/wp-json\/wp\/v2\/pages"}],"about":[{"href":"https:\/\/sites.uel.br\/aeroportos-uel\/wp-json\/wp\/v2\/types\/page"}],"author":[{"embeddable":true,"href":"https:\/\/sites.uel.br\/aeroportos-uel\/wp-json\/wp\/v2\/users\/10"}],"replies":[{"embeddable":true,"href":"https:\/\/sites.uel.br\/aeroportos-uel\/wp-json\/wp\/v2\/comments?post=147"}],"version-history":[{"count":3,"href":"https:\/\/sites.uel.br\/aeroportos-uel\/wp-json\/wp\/v2\/pages\/147\/revisions"}],"predecessor-version":[{"id":412,"href":"https:\/\/sites.uel.br\/aeroportos-uel\/wp-json\/wp\/v2\/pages\/147\/revisions\/412"}],"wp:attachment":[{"href":"https:\/\/sites.uel.br\/aeroportos-uel\/wp-json\/wp\/v2\/media?parent=147"}],"curies":[{"name":"wp","href":"https:\/\/api.w.org\/{rel}","templated":true}]}}