{"id":146,"date":"2024-08-02T10:26:17","date_gmt":"2024-08-02T13:26:17","guid":{"rendered":"https:\/\/sites.uel.br\/aeroportos-uel\/?page_id=146"},"modified":"2024-08-09T16:31:34","modified_gmt":"2024-08-09T19:31:34","slug":"elaboracao-de-diagnostico-municipal-para-o-setor-aeroportuario-2","status":"publish","type":"page","link":"https:\/\/sites.uel.br\/aeroportos-uel\/elaboracao-de-diagnostico-municipal-para-o-setor-aeroportuario-2\/","title":{"rendered":"Elabora\u00e7\u00e3o de diagn\u00f3stico municipal para o setor aeroportu\u00e1rio"},"content":{"rendered":"\n<p><\/p>\n\n\n\n<p>      Trata-se da an\u00e1lise detalhada da infraestrutura, opera\u00e7\u00f5es, e impactos dos aeroportos dentro de um munic\u00edpio. Esse diagn\u00f3stico avalia a condi\u00e7\u00e3o f\u00edsica das instala\u00e7\u00f5es, a acessibilidade, a demanda de passageiros e carga, os efeitos econ\u00f4micos e sociais, as quest\u00f5es ambientais, e a seguran\u00e7a. O objetivo \u00e9 identificar os desafios e oportunidades no setor, fornecendo uma base para o planejamento estrat\u00e9gico e o desenvolvimento de pol\u00edticas p\u00fablicas que melhorem a efici\u00eancia e a sustentabilidade dos aeroportos locais.<\/p>\n\n\n\n<p>     Esse diagn\u00f3stico deve resultar em um relat\u00f3rio que servir\u00e1 como base para a tomada de decis\u00f5es e o planejamento de pol\u00edticas p\u00fablicas voltadas ao desenvolvimento sustent\u00e1vel e eficiente do setor aeroportu\u00e1rio no munic\u00edpio.<\/p>\n","protected":false},"excerpt":{"rendered":"<p>Trata-se da an\u00e1lise detalhada da infraestrutura, opera\u00e7\u00f5es, e impactos dos aeroportos dentro de um munic\u00edpio. Esse diagn\u00f3stico avalia a condi\u00e7\u00e3o f\u00edsica das instala\u00e7\u00f5es, a acessibilidade, a demanda de passageiros e carga, os efeitos econ\u00f4micos e sociais, as quest\u00f5es ambientais, e a seguran\u00e7a. O objetivo \u00e9 identificar os desafios e oportunidades no setor, fornecendo uma base [&hellip;]<\/p>\n","protected":false},"author":10,"featured_media":0,"parent":0,"menu_order":0,"comment_status":"closed","ping_status":"closed","template":"","meta":{"_acf_changed":false,"footnotes":""},"class_list":["post-146","page","type-page","status-publish","hentry"],"acf":[],"_links":{"self":[{"href":"https:\/\/sites.uel.br\/aeroportos-uel\/wp-json\/wp\/v2\/pages\/146","targetHints":{"allow":["GET"]}}],"collection":[{"href":"https:\/\/sites.uel.br\/aeroportos-uel\/wp-json\/wp\/v2\/pages"}],"about":[{"href":"https:\/\/sites.uel.br\/aeroportos-uel\/wp-json\/wp\/v2\/types\/page"}],"author":[{"embeddable":true,"href":"https:\/\/sites.uel.br\/aeroportos-uel\/wp-json\/wp\/v2\/users\/10"}],"replies":[{"embeddable":true,"href":"https:\/\/sites.uel.br\/aeroportos-uel\/wp-json\/wp\/v2\/comments?post=146"}],"version-history":[{"count":7,"href":"https:\/\/sites.uel.br\/aeroportos-uel\/wp-json\/wp\/v2\/pages\/146\/revisions"}],"predecessor-version":[{"id":414,"href":"https:\/\/sites.uel.br\/aeroportos-uel\/wp-json\/wp\/v2\/pages\/146\/revisions\/414"}],"wp:attachment":[{"href":"https:\/\/sites.uel.br\/aeroportos-uel\/wp-json\/wp\/v2\/media?parent=146"}],"curies":[{"name":"wp","href":"https:\/\/api.w.org\/{rel}","templated":true}]}}