{"id":145,"date":"2024-08-02T10:26:17","date_gmt":"2024-08-02T13:26:17","guid":{"rendered":"https:\/\/sites.uel.br\/aeroportos-uel\/?page_id=145"},"modified":"2024-08-09T16:33:14","modified_gmt":"2024-08-09T19:33:14","slug":"plano-diretor-aeroportuario-pdir-e-seus-projetos-derivados-2","status":"publish","type":"page","link":"https:\/\/sites.uel.br\/aeroportos-uel\/plano-diretor-aeroportuario-pdir-e-seus-projetos-derivados-2\/","title":{"rendered":"Plano Diretor Aeroportu\u00e1rio (PDIR) e seus projetos derivados"},"content":{"rendered":"\n<p><\/p>\n\n\n\n<p>     &#8220;O Plano Diretor Aeroportu\u00e1rio (PDIR) \u00e9 o documento elaborado pelo operador de aer\u00f3dromo que estabelece o planejamento para a expans\u00e3o da infraestrutura aeroportu\u00e1ria, de acordo com a regulamenta\u00e7\u00e3o de seguran\u00e7a operacional da ANAC.<\/p>\n\n\n\n<p>     O PDIR estabelece um conjunto de diretrizes que orienta a implanta\u00e7\u00e3o, o desenvolvimento e a expans\u00e3o da infraestrutura aeroportu\u00e1ria, de maneira ordenada e ajustada \u00e0 evolu\u00e7\u00e3o do transporte a\u00e9reo para a melhor aplica\u00e7\u00e3o de investimentos.&#8221; (ANAC\/2024)<\/p>\n","protected":false},"excerpt":{"rendered":"<p>&#8220;O Plano Diretor Aeroportu\u00e1rio (PDIR) \u00e9 o documento elaborado pelo operador de aer\u00f3dromo que estabelece o planejamento para a expans\u00e3o da infraestrutura aeroportu\u00e1ria, de acordo com a regulamenta\u00e7\u00e3o de seguran\u00e7a operacional da ANAC. O PDIR estabelece um conjunto de diretrizes que orienta a implanta\u00e7\u00e3o, o desenvolvimento e a expans\u00e3o da infraestrutura aeroportu\u00e1ria, de maneira ordenada [&hellip;]<\/p>\n","protected":false},"author":10,"featured_media":0,"parent":0,"menu_order":0,"comment_status":"closed","ping_status":"closed","template":"","meta":{"_acf_changed":false,"footnotes":""},"class_list":["post-145","page","type-page","status-publish","hentry"],"acf":[],"_links":{"self":[{"href":"https:\/\/sites.uel.br\/aeroportos-uel\/wp-json\/wp\/v2\/pages\/145","targetHints":{"allow":["GET"]}}],"collection":[{"href":"https:\/\/sites.uel.br\/aeroportos-uel\/wp-json\/wp\/v2\/pages"}],"about":[{"href":"https:\/\/sites.uel.br\/aeroportos-uel\/wp-json\/wp\/v2\/types\/page"}],"author":[{"embeddable":true,"href":"https:\/\/sites.uel.br\/aeroportos-uel\/wp-json\/wp\/v2\/users\/10"}],"replies":[{"embeddable":true,"href":"https:\/\/sites.uel.br\/aeroportos-uel\/wp-json\/wp\/v2\/comments?post=145"}],"version-history":[{"count":5,"href":"https:\/\/sites.uel.br\/aeroportos-uel\/wp-json\/wp\/v2\/pages\/145\/revisions"}],"predecessor-version":[{"id":415,"href":"https:\/\/sites.uel.br\/aeroportos-uel\/wp-json\/wp\/v2\/pages\/145\/revisions\/415"}],"wp:attachment":[{"href":"https:\/\/sites.uel.br\/aeroportos-uel\/wp-json\/wp\/v2\/media?parent=145"}],"curies":[{"name":"wp","href":"https:\/\/api.w.org\/{rel}","templated":true}]}}