{"id":144,"date":"2024-08-02T10:26:17","date_gmt":"2024-08-02T13:26:17","guid":{"rendered":"https:\/\/sites.uel.br\/aeroportos-uel\/?page_id=144"},"modified":"2024-08-09T16:39:05","modified_gmt":"2024-08-09T19:39:05","slug":"objeto-projetado-no-espaco-aereo-opea-2","status":"publish","type":"page","link":"https:\/\/sites.uel.br\/aeroportos-uel\/objeto-projetado-no-espaco-aereo-opea-2\/","title":{"rendered":"Objeto Projetado no Espa\u00e7o A\u00e9reo (OPEA)"},"content":{"rendered":"\n<p><\/p>\n\n\n\n<p>Um <strong>objeto projetado no espa\u00e7o a\u00e9reo<\/strong> refere-se a qualquer estrutura ou item que seja colocado ou constru\u00eddo de forma a invadir ou ocupar uma parte do espa\u00e7o a\u00e9reo utilizado por aeronaves. Isso pode incluir constru\u00e7\u00f5es, antenas, torres, guindastes, bal\u00f5es, drones, ou at\u00e9 mesmo \u00e1rvores que crescem at\u00e9 uma altura significativa.<\/p>\n\n\n\n<p>A regulamenta\u00e7\u00e3o relacionada a objetos projetados no espa\u00e7o a\u00e9reo \u00e9 rigorosa, pois qualquer obstru\u00e7\u00e3o nesse espa\u00e7o pode representar um risco \u00e0 seguran\u00e7a das opera\u00e7\u00f5es a\u00e9reas. Em \u00e1reas pr\u00f3ximas a aeroportos ou helipontos, por exemplo, h\u00e1 limites de altura e outras restri\u00e7\u00f5es impostas para constru\u00e7\u00f5es e estruturas a fim de garantir que essas n\u00e3o interfiram com as rotas de aproxima\u00e7\u00e3o e decolagem das aeronaves.<\/p>\n\n\n\n<p>Essas normas s\u00e3o estabelecidas pelo Departamento de Controle do Espa\u00e7o A\u00e9reo (DECEA), subordinado ao Comando da Aeron\u00e1utica (COMAER).<\/p>\n\n\n\n<p><\/p>\n\n\n\n<p><\/p>\n","protected":false},"excerpt":{"rendered":"<p>Um objeto projetado no espa\u00e7o a\u00e9reo refere-se a qualquer estrutura ou item que seja colocado ou constru\u00eddo de forma a invadir ou ocupar uma parte do espa\u00e7o a\u00e9reo utilizado por aeronaves. Isso pode incluir constru\u00e7\u00f5es, antenas, torres, guindastes, bal\u00f5es, drones, ou at\u00e9 mesmo \u00e1rvores que crescem at\u00e9 uma altura significativa. A regulamenta\u00e7\u00e3o relacionada a objetos [&hellip;]<\/p>\n","protected":false},"author":10,"featured_media":0,"parent":0,"menu_order":0,"comment_status":"closed","ping_status":"closed","template":"","meta":{"_acf_changed":false,"footnotes":""},"class_list":["post-144","page","type-page","status-publish","hentry"],"acf":[],"_links":{"self":[{"href":"https:\/\/sites.uel.br\/aeroportos-uel\/wp-json\/wp\/v2\/pages\/144","targetHints":{"allow":["GET"]}}],"collection":[{"href":"https:\/\/sites.uel.br\/aeroportos-uel\/wp-json\/wp\/v2\/pages"}],"about":[{"href":"https:\/\/sites.uel.br\/aeroportos-uel\/wp-json\/wp\/v2\/types\/page"}],"author":[{"embeddable":true,"href":"https:\/\/sites.uel.br\/aeroportos-uel\/wp-json\/wp\/v2\/users\/10"}],"replies":[{"embeddable":true,"href":"https:\/\/sites.uel.br\/aeroportos-uel\/wp-json\/wp\/v2\/comments?post=144"}],"version-history":[{"count":4,"href":"https:\/\/sites.uel.br\/aeroportos-uel\/wp-json\/wp\/v2\/pages\/144\/revisions"}],"predecessor-version":[{"id":420,"href":"https:\/\/sites.uel.br\/aeroportos-uel\/wp-json\/wp\/v2\/pages\/144\/revisions\/420"}],"wp:attachment":[{"href":"https:\/\/sites.uel.br\/aeroportos-uel\/wp-json\/wp\/v2\/media?parent=144"}],"curies":[{"name":"wp","href":"https:\/\/api.w.org\/{rel}","templated":true}]}}