{"id":137,"date":"2024-08-02T10:21:25","date_gmt":"2024-08-02T13:21:25","guid":{"rendered":"https:\/\/sites.uel.br\/aeroportos-uel\/?page_id=137"},"modified":"2024-08-09T16:41:13","modified_gmt":"2024-08-09T19:41:13","slug":"projeto-e-desenvolvimento-de-plano-basico-de-zona-de-protecao-de-aerodromo-pbzpa-2","status":"publish","type":"page","link":"https:\/\/sites.uel.br\/aeroportos-uel\/projeto-e-desenvolvimento-de-plano-basico-de-zona-de-protecao-de-aerodromo-pbzpa-2\/","title":{"rendered":"Projeto e Desenvolvimento de Plano B\u00e1sico de Zona de Prote\u00e7\u00e3o de Aer\u00f3dromo (PBZPA)"},"content":{"rendered":"\n<p><\/p>\n\n\n\n<p>     O <strong>Plano B\u00e1sico de Zona de Prote\u00e7\u00e3o de Aer\u00f3dromo (PBZPA)<\/strong> \u00e9 um documento essencial para garantir a seguran\u00e7a das opera\u00e7\u00f5es a\u00e9reas em torno de um aer\u00f3dromo (aeroporto, heliporto, etc.). Ele define as \u00e1reas ao redor do aer\u00f3dromo onde h\u00e1 restri\u00e7\u00f5es quanto ao uso do solo, constru\u00e7\u00e3o de edifica\u00e7\u00f5es, instala\u00e7\u00e3o de antenas, torres e outras estruturas que possam representar riscos para a avia\u00e7\u00e3o.<\/p>\n\n\n\n<p>     A elabora\u00e7\u00e3o de um PBZPA \u00e9 crucial para evitar acidentes, garantir a seguran\u00e7a das opera\u00e7\u00f5es a\u00e9reas e promover um desenvolvimento urbano que esteja em harmonia com a presen\u00e7a do aer\u00f3dromo. Ele assegura que a expans\u00e3o da cidade ou das atividades econ\u00f4micas ao redor do aeroporto n\u00e3o comprometa a seguran\u00e7a das aeronaves e dos passageiros.<\/p>\n\n\n\n<p><\/p>\n","protected":false},"excerpt":{"rendered":"<p>O Plano B\u00e1sico de Zona de Prote\u00e7\u00e3o de Aer\u00f3dromo (PBZPA) \u00e9 um documento essencial para garantir a seguran\u00e7a das opera\u00e7\u00f5es a\u00e9reas em torno de um aer\u00f3dromo (aeroporto, heliporto, etc.). Ele define as \u00e1reas ao redor do aer\u00f3dromo onde h\u00e1 restri\u00e7\u00f5es quanto ao uso do solo, constru\u00e7\u00e3o de edifica\u00e7\u00f5es, instala\u00e7\u00e3o de antenas, torres e outras estruturas [&hellip;]<\/p>\n","protected":false},"author":10,"featured_media":0,"parent":0,"menu_order":0,"comment_status":"closed","ping_status":"closed","template":"","meta":{"_acf_changed":false,"footnotes":""},"class_list":["post-137","page","type-page","status-publish","hentry"],"acf":[],"_links":{"self":[{"href":"https:\/\/sites.uel.br\/aeroportos-uel\/wp-json\/wp\/v2\/pages\/137","targetHints":{"allow":["GET"]}}],"collection":[{"href":"https:\/\/sites.uel.br\/aeroportos-uel\/wp-json\/wp\/v2\/pages"}],"about":[{"href":"https:\/\/sites.uel.br\/aeroportos-uel\/wp-json\/wp\/v2\/types\/page"}],"author":[{"embeddable":true,"href":"https:\/\/sites.uel.br\/aeroportos-uel\/wp-json\/wp\/v2\/users\/10"}],"replies":[{"embeddable":true,"href":"https:\/\/sites.uel.br\/aeroportos-uel\/wp-json\/wp\/v2\/comments?post=137"}],"version-history":[{"count":4,"href":"https:\/\/sites.uel.br\/aeroportos-uel\/wp-json\/wp\/v2\/pages\/137\/revisions"}],"predecessor-version":[{"id":421,"href":"https:\/\/sites.uel.br\/aeroportos-uel\/wp-json\/wp\/v2\/pages\/137\/revisions\/421"}],"wp:attachment":[{"href":"https:\/\/sites.uel.br\/aeroportos-uel\/wp-json\/wp\/v2\/media?parent=137"}],"curies":[{"name":"wp","href":"https:\/\/api.w.org\/{rel}","templated":true}]}}