{"id":117,"date":"2024-08-02T10:02:21","date_gmt":"2024-08-02T13:02:21","guid":{"rendered":"https:\/\/sites.uel.br\/aeroportos-uel\/?page_id=117"},"modified":"2024-08-26T13:49:53","modified_gmt":"2024-08-26T16:49:53","slug":"servicos","status":"publish","type":"page","link":"https:\/\/sites.uel.br\/aeroportos-uel\/servicos\/","title":{"rendered":"SERVI\u00c7OS"},"content":{"rendered":"\n<p><strong><a href=\"https:\/\/sites.uel.br\/aeroportos-uel\/projeto-e-desenvolvimento-de-plano-basico-de-zona-de-protecao-de-aerodromo-pbzpa-2\/\">Projeto e Desenvolvimento de Plano B\u00e1sico de Zona de Prote\u00e7\u00e3o de Aer\u00f3dromo (PBZPA)<\/a><\/strong><\/p>\n\n\n\n<p><strong><a href=\"https:\/\/sites.uel.br\/aeroportos-uel\/objeto-projetado-no-espaco-aereo-opea-2\/\">Objeto Projetado no Espa\u00e7o A\u00e9reo (OPEA)<\/a><\/strong><\/p>\n\n\n\n<p><strong><a href=\"https:\/\/sites.uel.br\/aeroportos-uel\/plano-diretor-aeroportuario-pdir-e-seus-projetos-derivados-2\/\">Plano Diretor Aeroportu\u00e1rio (PDIR) e seus projetos derivados<\/a><\/strong><\/p>\n\n\n\n<p><strong><a href=\"https:\/\/sites.uel.br\/aeroportos-uel\/?page_id=146\">Elabora\u00e7\u00e3o de diagn\u00f3stico municipal para o setor aeroportu\u00e1rio<\/a><\/strong><\/p>\n\n\n\n<p><strong><a href=\"https:\/\/sites.uel.br\/aeroportos-uel\/estudos-de-integracao-da-legislacao-aeronautica-x-municipal-2\/\">Estudos de integra\u00e7\u00e3o da legisla\u00e7\u00e3o aeron\u00e1utica X municipal<\/a><\/strong><\/p>\n\n\n\n<p><strong><a href=\"https:\/\/sites.uel.br\/aeroportos-uel\/terminais-de-passageiros-aeroportuarios-2\/\">Terminais de Passageiros Aeroportu\u00e1rios<\/a><\/strong><\/p>\n","protected":false},"excerpt":{"rendered":"<p>Projeto e Desenvolvimento de Plano B\u00e1sico de Zona de Prote\u00e7\u00e3o de Aer\u00f3dromo (PBZPA) Objeto Projetado no Espa\u00e7o A\u00e9reo (OPEA) Plano Diretor Aeroportu\u00e1rio (PDIR) e seus projetos derivados Elabora\u00e7\u00e3o de diagn\u00f3stico municipal para o setor aeroportu\u00e1rio Estudos de integra\u00e7\u00e3o da legisla\u00e7\u00e3o aeron\u00e1utica X municipal Terminais de Passageiros Aeroportu\u00e1rios<\/p>\n","protected":false},"author":10,"featured_media":0,"parent":0,"menu_order":0,"comment_status":"closed","ping_status":"closed","template":"","meta":{"_acf_changed":false,"footnotes":""},"class_list":["post-117","page","type-page","status-publish","hentry"],"acf":[],"_links":{"self":[{"href":"https:\/\/sites.uel.br\/aeroportos-uel\/wp-json\/wp\/v2\/pages\/117","targetHints":{"allow":["GET"]}}],"collection":[{"href":"https:\/\/sites.uel.br\/aeroportos-uel\/wp-json\/wp\/v2\/pages"}],"about":[{"href":"https:\/\/sites.uel.br\/aeroportos-uel\/wp-json\/wp\/v2\/types\/page"}],"author":[{"embeddable":true,"href":"https:\/\/sites.uel.br\/aeroportos-uel\/wp-json\/wp\/v2\/users\/10"}],"replies":[{"embeddable":true,"href":"https:\/\/sites.uel.br\/aeroportos-uel\/wp-json\/wp\/v2\/comments?post=117"}],"version-history":[{"count":5,"href":"https:\/\/sites.uel.br\/aeroportos-uel\/wp-json\/wp\/v2\/pages\/117\/revisions"}],"predecessor-version":[{"id":189,"href":"https:\/\/sites.uel.br\/aeroportos-uel\/wp-json\/wp\/v2\/pages\/117\/revisions\/189"}],"wp:attachment":[{"href":"https:\/\/sites.uel.br\/aeroportos-uel\/wp-json\/wp\/v2\/media?parent=117"}],"curies":[{"name":"wp","href":"https:\/\/api.w.org\/{rel}","templated":true}]}}